{"id":20,"date":"2013-03-28T09:29:50","date_gmt":"2013-03-28T13:29:50","guid":{"rendered":"http:\/\/www.ramapo.edu\/president\/news-publications\/"},"modified":"2016-02-02T14:23:47","modified_gmt":"2016-02-02T19:23:47","slug":"news-publications","status":"publish","type":"page","link":"https:\/\/www.ramapo.edu\/president\/news-publications\/","title":{"rendered":"News \/ Publications"},"content":{"rendered":"<p align=\"center\"><a class=\"btn\" href=\"#other\">Other Articles<\/a>\u00a0 \u00a0 \u00a0<a class=\"btn\" href=\"#publications\">Publications<\/a><\/p>\n<div class=\"divider\"><img decoding=\"async\" src=\"\/wp-content\/themes\/rcnjrd\/images\/icons\/ramapo-arch-icom_rule.png\" alt=\"Ramapo\" \/><\/div>\n<h4>THE STAR-LEDGER OP ED<br \/>\nApril 8, 2012<br \/>\nPresident Peter P. Mercer<br \/>\nRamapo College of New Jersey<\/h4>\n<h3>NJ Colleges Crumbling Under Cuts<\/h3>\n<p><img loading=\"lazy\" decoding=\"async\" class=\"floatImg alignright\" style=\"border: 1px solid black\" src=\"https:\/\/www.ramapo.edu\/president\/wp-content\/uploads\/sites\/41\/2013\/03\/20-0.jpg\" alt=\"\" width=\"226\" height=\"169\" \/>As we set our sights on commencement, less than two months away, I am reminded of the many touching moments of the day: jubilation in our students, pride in the eyes of their parents. Beaming mothers and fathers will recount their son or daughter&#8217;s challenges in becoming the first in their family to graduate from college. I am reminded of the value of public higher education.<\/p>\n<p>Annually, New Jersey&#8217;s colleges and universities send 37,000 newly minted graduates into the world. They leave behind aging campuses that years of financial disinvestment have left with outdated buildings in need of repair, and significant debt incurred in building and repairing facilities to meet the demand for seats. Twenty-four years have passed since New Jersey last provided general obligation-backed capital funding.<\/p>\n<p>But it appears that this governor and this Legislature are prepared to invest in higher education. I applaud them. No doubt they are following the recommendations of the Governor&#8217;s Task Force on Higher Education, which was chaired by former college president and Governor Tom Kean. In it, the task force concludes that New Jersey&#8217;s colleges and universities have been underfunded for too long.<\/p>\n<p>&#8220;After years of neglect, New Jersey needs to help build academic facilities for a 21st-century education at our colleges and universities, protect existing resources and take the burden for financing these projects off the backs of students,&#8221; the panel wrote.<\/p>\n<p>At Ramapo College, and all of our sister institutions, we have spent years trimming our budgets, cutting everything possible without detracting from the stellar yet affordable educations we provide. Students and their families have seen tuition increase at a rate that cannot be sustained. The time has come for New Jersey to deal with this critically important issue.<\/p>\n<p>During the past several years, the New Jersey Association of Colleges and Universities, which represents the nine state colleges, and other higher education entities have proposed a bond referendum that would provide capital funds to repair leaky roofs, rebuild outdated science labs and create hundreds, if not thousands, of jobs across the state as architects, engineers, electricians, plumbers and laborers go to work. The cost is high, but that should not stop the Legislature and Gov. Chris Christie from supporting a fair and equitable capital funding plan that will create jobs and lay the foundation for the hopes and dreams of generations of students to come.<\/p>\n<p>So it will be up to the people of New Jersey to decide the fate of higher education. There are a few facts that they should know:<\/p>\n<ul>\n<li>New Jersey ranks among the top five states in the funding it provides for K-12 education, but the situation is exactly the reverse for public higher education, where it ranks in the bottom five. At Ramapo College, less than 25 percent of the operating budget today is provided by the state. A decade ago, the figure was nearly 50 percent.<\/li>\n<li>Or, to make the point another way, Ramapo College receives the same amount from the state today that it received in 1994, when there were a third fewer students.<\/li>\n<li>There is already a capacity problem as some 36,000 high school graduates leave New Jersey to attend college. Many of them do not return. We can&#8217;t afford to allow our public higher education facilities to deteriorate further.<\/li>\n<li>The world&#8217;s most robust economies, by contrast, are paying particular attention to support for higher education, recognizing the connection between an educated workforce and economic prosperity.<\/li>\n<\/ul>\n<p>And as our elected officials hammer out what this referendum will look like, we hope they will consider a mechanism that would provide for a revolving fund to make capital funds available regularly. A referendum every quarter-century to support ongoing higher education needs is not a feasible long-term solution.<\/p>\n<p>I believe this referendum should go before the people of New Jersey, who want so much for their children, as soon as possible. They deserve no less.<\/p>\n<div class=\"divider\"><img decoding=\"async\" src=\"\/wp-content\/themes\/rcnjrd\/images\/icons\/ramapo-arch-icom_rule.png\" alt=\"Ramapo\" \/><\/div>\n<h3><a id=\"other\"><\/a>Other Articles<\/h3>\n<ul class=\"bluebullet\">\n<li>President Peter Philip Mercer, The Star-Ledger OP ED\u00a0, <em>NJ Colleges Crumbling Under Cuts<\/em><br \/>\n(April 8, 2012) (<a href=\"https:\/\/www.ramapo.edu\/president\/wp-content\/uploads\/sites\/41\/2013\/03\/20-1.pdf\">PDF<\/a>) (<a href=\"https:\/\/www.ramapo.edu\/president\/wp-content\/uploads\/sites\/41\/2013\/03\/20-2.doc\">DOC<\/a>)<\/li>\n<li>President Peter Philip Mercer, Bergen Record OP ED\u00a0, <em>Meeting The Challenge Of Public Higher Education At Ramapo College<\/em><br \/>\n(September 4, 2006) (<a href=\"https:\/\/www.ramapo.edu\/president\/wp-content\/uploads\/sites\/41\/2013\/03\/20-3.pdf\">PDF<\/a>) (<a href=\"https:\/\/www.ramapo.edu\/president\/wp-content\/uploads\/sites\/41\/2013\/03\/20-4.doc\">DOC<\/a>)<\/li>\n<li>President Peter Philip Mercer&#8230;Forging New Relationships<br \/>\n(Fall 2005) (<a href=\"https:\/\/www.ramapo.edu\/president\/wp-content\/uploads\/sites\/41\/2013\/03\/20-5.pdf\">PDF<\/a>) (<a href=\"https:\/\/www.ramapo.edu\/president\/wp-content\/uploads\/sites\/41\/2013\/03\/20-6.doc\">DOC<\/a>)<\/li>\n<li>Dr. Peter Philip Mercer Appointed President of Ramapo College of New Jersey<br \/>\n(February 16, 2005) (<a href=\"https:\/\/www.ramapo.edu\/president\/wp-content\/uploads\/sites\/41\/2013\/03\/20-7.pdf\">PDF<\/a>) (<a href=\"https:\/\/www.ramapo.edu\/president\/wp-content\/uploads\/sites\/41\/2013\/03\/20-8.doc\">DOC<\/a>)<\/li>\n<\/ul>\n<p class=\"toTop\"><a href=\"javascript:scrollTop();\">return to top <img decoding=\"async\" src=\"\/wp-content\/themes\/rcnjrd\/images\/icons\/toTop.png\" alt=\"Return to Top Icon\" \/><\/a><\/p>\n<div class=\"divider\"><img decoding=\"async\" src=\"\/wp-content\/themes\/rcnjrd\/images\/icons\/ramapo-arch-icom_rule.png\" alt=\"Ramapo\" \/><\/div>\n<h3><a id=\"publications\"><\/a>Publications<\/h3>\n<h4>(1) Books and Monographs<\/h4>\n<p class=\"indent\"><em>Products Liability in Canada<\/em> (a monograph in the series <em>Products Liability<\/em>, authored by Rino Stradiotto, Q.C.; second edition prepared and edited by P.P. Mercer) (New York, Oceana, 1988) 115 pages.<\/p>\n<p class=\"indent\"><em>An Introduction to Business Associations in Canada<\/em> (with R.L. Simmonds) (Toronto: Carswell, 1984) 778 pages.<\/p>\n<h4>(2) Chapters in Books<\/h4>\n<p class=\"indent\">&#8220;Informal Administrative Action in Canada&#8221; in <em>Contemporary Law: Canadian Reports to the 1994 International Congress of Comparative Law<\/em> (Montreal: Yvon Blais Inc., 1995) pp. 788-803.<\/p>\n<p class=\"indent\">&#8220;The Law of Mistake&#8221;, Chapter 10 in C. Boyle and D. Percy eds., <em>Contracts: Cases and Commentaries<\/em> (Toronto: Carswell, 1994)<\/p>\n<p class=\"indent\">5th Edition, 1994, pp. 531-598.<br \/>\n4th Edition, 1989, pp. 495-557.<br \/>\n3rd Edition, 1985, pp. 513-576.<\/p>\n<p class=\"indent\">&#8220;Group Actions in Civil Procedure in Canada&#8221; in <em>Contemporary Law: Canadian Reports to the1990 International Congress of Comparative Law<\/em> (Montreal: Yvon Blais Inc., 1992) pp. 249-273.<\/p>\n<p class=\"indent\">&#8220;The Legal Regulation of Broadcasting and Telecommunications in Canada&#8221; in T. McPhail and B. McPhail, <em>Mass Communications in Canada<\/em> (Toronto: Copp Clark Pitman Ltd., 1989) pp. 353-381.<\/p>\n<h4>(3) Articles<\/h4>\n<p class=\"indent\">M.A. Wilkinson, C. Walker and P. Mercer, &#8220;Testing Theory and Debunking Stereotypes: Lawyers&#8217; Views on the Practice of Law&#8221; (forthcoming, 2005 Canadian Journal of Law and Jurisprudence).<\/p>\n<p class=\"indent\">M.A. Wilkinson, C. Walker and P.Mercer, &#8220;Do Codes of Ethics Actually Shape Legal Practice?&#8221; (2000), 45 McGill Law Journal 645-680.<\/p>\n<p class=\"indent\">M.A. Wilkinson, T. Strong and P. Mercer, &#8220;Mentor, Mercenary or Melding: An Empirical Inquiry into the Role of the Lawyer&#8221;, (1997), 28(2) Loyola University Chicago Law Journal 226-248.<\/p>\n<p class=\"indent\">P. Mercer, M.A. Wilkinson and T. Strong, &#8220;The Practice of Ethical Precepts: Dissecting Decision-making by Lawyers&#8221; (1996), 9(1) Canadian Journal of Law and Jurisprudence 141-160.<\/p>\n<p class=\"indent\">&#8220;Issues Facing Boards of Inquiry Concerning Requests for Disclosure of Particulars, Production of Documents and the Reasonable and Bona Fide Requirement, Qualification or Factor Exceptions Under the Human Rights Code of Ontario&#8221; (1993), Canadian Bar Association-Ontario Institute of Continuing Legal Education, pp. IV 1-26.<\/p>\n<p class=\"indent\">&#8220;Workers&#8217; Compensation and Sections 7 and 15 of the Charter&#8221; (1988), 29 Admin. L.R. 157-160.<\/p>\n<p class=\"indent\">&#8220;Administrative Regulation and the Right to Pursue the Gaining of a Livelihood: Paragraph 6(2)(b) of the Charter&#8221; (1987), 20 Admin. L.R. 131-35.<\/p>\n<p class=\"indent\">&#8220;Recent Developments in Canadian Law: Administrative Law&#8221; (1984), 16 Ottawa L. Rev. 645-684.<\/p>\n<p class=\"indent\">&#8220;The Citizen&#8217;s Right to Sue in the Public Interest: The Roman Actio Popularis Revisited&#8221; (1983), 21 University of Western Ontario Law Review 89-103.<\/p>\n<p class=\"indent\">&#8220;Copyright in Musical Works&#8221; (1983), 17(3) Canadian Folk Music Bulletin 28-31.<\/p>\n<p class=\"indent\">&#8220;The Windsor Small Claims Court: An Empirical Study of Plaintiffs and their Attitudes&#8221; (with Kai Hildebrandt and Brian McNeely) (1982), 2 Windsor Yearbook of Access to Justice 87-123.<\/p>\n<p class=\"indent\"><em>Case and Comment<\/em> (a general review of the American periodical of the same name) (1981), 5 Canadian Community Law Journal 156-160.<\/p>\n<p class=\"indent\">&#8220;The <em>Gouriet<\/em> Case: Public Interest Litigation in Britain and Canada&#8221;, [1979] Public Law 214-236.<\/p>\n<h4>(4) Comments<\/h4>\n<p class=\"indent\"><em>Domtar Inc<\/em>. c.<em> Qu\u00e9bec (Commission d&#8217;appeal en mati\u00e9re de l\u00e9sions professionnelles)<\/em> (1993), 2 R.A.L. 237-239.<\/p>\n<p class=\"indent\"><em>Shiell<\/em> v. <em>Amok Ltd.<\/em> (1988), 27 Admin. L.R. 2-4.<\/p>\n<p class=\"indent\"><em>Black<\/em> v. <em>Law Society of Alberta<\/em> (1987), 20 Admin. L.R. 210-214.<\/p>\n<p class=\"indent\"><em>Mia<\/em> v. <em>Medical Services Commission of British Columbia<\/em> (1986), 15 Admin. L.R. 268-270.<\/p>\n<p class=\"indent\"><em>The Queen in Right of Alberta<\/em> v. <em>County of Beaver No. 9<\/em> (1984), 7 Admin. L.R. 120-122.<\/p>\n<p class=\"indent\"><em>Dene Nation<\/em> v. <em>The Queen<\/em> (1984), 6 Admin. L.R. 269-271.<\/p>\n<p class=\"indent\"><em>Wimpy Western Ltd. <\/em>v. <em>Director of Standards and Approvals of the Department of theEnvironmental et al.<\/em> (1984), 3 Admin. L.R. 248-251; (1984), 29 Alta. L.R. (2d) 166-169.<\/p>\n<p class=\"indent\"><em>Irving Oil Ltd.<\/em> v. <em>The Queen<\/em> (1984), 2 Admin. L.R. 54-57.<\/p>\n<h4>(5) Book Reviews<\/h4>\n<p class=\"indent\"><em>The Judiciary in a Democratic Society<\/em> (Leonard J. Theberge Ed.) (1981), 59 Canadian Bar Review 460-469.<\/p>\n<p class=\"indent\">Z.M. Nedjati and J.E. Trice, <em>English and Continental Systems of Administrative Law<\/em> (1980), 13 University of Western Ontario Law Review 549-552.<\/p>\n<p class=\"indent\"><p class=\"toTop\"><a href=\"javascript:scrollTop();\">return to top <img decoding=\"async\" src=\"\/wp-content\/themes\/rcnjrd\/images\/icons\/toTop.png\" alt=\"Return to Top Icon\" \/><\/a><\/p><\/p>\n<p class=\"indent\"><div class=\"divider\"><img decoding=\"async\" src=\"\/wp-content\/themes\/rcnjrd\/images\/icons\/ramapo-arch-icom_rule.png\" alt=\"Ramapo\" \/><\/div><\/p>\n<h3>Research Studies Commissioned and Published by Government<\/h3>\n<p class=\"indent\">Addiction Research Foundation of Ontario<br \/>\n<em>The Law Governing Employment Drug Testing and Employee Assistance Programs<\/em> (1991) 234 pages.<\/p>\n<p class=\"indent\">Law Reform Commission of Canada<br \/>\n<em>Environmental Mediation Study<\/em> (1990) 151 pages.<\/p>\n<p class=\"indent\">The Ontario Motor Vehicle Arbitration Plan: <em>Two Year Review<\/em> (1989) 97 pages.<\/p>\n<p class=\"indent\">The Ontario Motor Vehicle Arbitration Plan: <em>Summary of the Two year Review<\/em> (1989) 11 pages.<\/p>\n<p class=\"indent\">Law Reform Commission of Canada<br \/>\n<em>Environmental Mediation: Project Feasibility Study <\/em>(1987) 20 pages.<\/p>\n<p class=\"indent\">Federal Department of Communications<br \/>\n<em>International Deregulatory Trends in Broadcasting<\/em> (with Dr. T. L. McPhail) (1986) 230 pages.<\/p>\n<p class=\"indent\">Law Reform Commission of Ontario<br \/>\n<em>Incidence and Patterns of Preference<\/em> (with Dr. Kai Hildebrandt) for the <em>Remedies for Wrongful Intentional Interference with Goods Project<\/em> (1983), 112 pages plus appendices<\/p>\n","protected":false},"excerpt":{"rendered":"<p>Other Articles\u00a0 \u00a0 \u00a0Publications THE STAR-LEDGER OP ED April 8, 2012 President Peter P. Mercer Ramapo College of New Jersey NJ Colleges Crumbling Under Cuts As we set our sights on commencement, less than two months away, I am reminded of the many touching moments of the day: jubilation in our students, pride in the [&hellip;]<\/p>\n","protected":false},"author":457,"featured_media":0,"parent":0,"menu_order":0,"comment_status":"closed","ping_status":"open","template":"","meta":{"footnotes":""},"class_list":["post-20","page","type-page","status-publish","hentry"],"yoast_head":"<!-- This site is optimized with the Yoast SEO Premium plugin v21.5 (Yoast SEO v27.1.1) - https:\/\/yoast.com\/product\/yoast-seo-premium-wordpress\/ -->\n<title>News \/ Publications - Office of the President<\/title>\n<meta name=\"robots\" content=\"index, follow, max-snippet:-1, max-image-preview:large, max-video-preview:-1\" \/>\n<link rel=\"canonical\" href=\"https:\/\/www.ramapo.edu\/president\/news-publications\/\" \/>\n<meta property=\"og:locale\" content=\"en_US\" \/>\n<meta property=\"og:type\" content=\"article\" \/>\n<meta property=\"og:title\" content=\"News \/ Publications\" \/>\n<meta property=\"og:description\" content=\"Other Articles\u00a0 \u00a0 \u00a0Publications THE STAR-LEDGER OP ED April 8, 2012 President Peter P. Mercer Ramapo College of New Jersey NJ Colleges Crumbling Under Cuts As we set our sights on commencement, less than two months away, I am reminded of the many touching moments of the day: jubilation in our students, pride in the [&hellip;]\" \/>\n<meta property=\"og:url\" content=\"https:\/\/www.ramapo.edu\/president\/news-publications\/\" \/>\n<meta property=\"og:site_name\" content=\"Office of the President\" \/>\n<meta property=\"article:modified_time\" content=\"2016-02-02T19:23:47+00:00\" \/>\n<meta property=\"og:image\" content=\"https:\/\/www.ramapo.edu\/president\/wp-content\/uploads\/sites\/41\/2013\/03\/20-0.jpg\" \/>\n<meta name=\"twitter:card\" content=\"summary_large_image\" \/>\n<meta name=\"twitter:label1\" content=\"Est. reading time\" \/>\n\t<meta name=\"twitter:data1\" content=\"7 minutes\" \/>\n<script type=\"application\/ld+json\" class=\"yoast-schema-graph\">{\"@context\":\"https:\/\/schema.org\",\"@graph\":[{\"@type\":\"WebPage\",\"@id\":\"https:\/\/www.ramapo.edu\/president\/news-publications\/\",\"url\":\"https:\/\/www.ramapo.edu\/president\/news-publications\/\",\"name\":\"News \/ Publications - Office of the President\",\"isPartOf\":{\"@id\":\"https:\/\/www.ramapo.edu\/president\/#website\"},\"primaryImageOfPage\":{\"@id\":\"https:\/\/www.ramapo.edu\/president\/news-publications\/#primaryimage\"},\"image\":{\"@id\":\"https:\/\/www.ramapo.edu\/president\/news-publications\/#primaryimage\"},\"thumbnailUrl\":\"https:\/\/www.ramapo.edu\/president\/wp-content\/uploads\/sites\/41\/2013\/03\/20-0.jpg\",\"datePublished\":\"2013-03-28T13:29:50+00:00\",\"dateModified\":\"2016-02-02T19:23:47+00:00\",\"breadcrumb\":{\"@id\":\"https:\/\/www.ramapo.edu\/president\/news-publications\/#breadcrumb\"},\"inLanguage\":\"en-US\",\"potentialAction\":[{\"@type\":\"ReadAction\",\"target\":[\"https:\/\/www.ramapo.edu\/president\/news-publications\/\"]}]},{\"@type\":\"ImageObject\",\"inLanguage\":\"en-US\",\"@id\":\"https:\/\/www.ramapo.edu\/president\/news-publications\/#primaryimage\",\"url\":\"https:\/\/www.ramapo.edu\/president\/wp-content\/uploads\/sites\/41\/2013\/03\/20-0.jpg\",\"contentUrl\":\"https:\/\/www.ramapo.edu\/president\/wp-content\/uploads\/sites\/41\/2013\/03\/20-0.jpg\",\"width\":290,\"height\":217},{\"@type\":\"BreadcrumbList\",\"@id\":\"https:\/\/www.ramapo.edu\/president\/news-publications\/#breadcrumb\",\"itemListElement\":[{\"@type\":\"ListItem\",\"position\":1,\"name\":\"Home\",\"item\":\"https:\/\/www.ramapo.edu\/president\/\"},{\"@type\":\"ListItem\",\"position\":2,\"name\":\"News \/ Publications\"}]},{\"@type\":\"WebSite\",\"@id\":\"https:\/\/www.ramapo.edu\/president\/#website\",\"url\":\"https:\/\/www.ramapo.edu\/president\/\",\"name\":\"Office of the President\",\"description\":\"Just another Ramapo College of New Jersey Sites site\",\"potentialAction\":[{\"@type\":\"SearchAction\",\"target\":{\"@type\":\"EntryPoint\",\"urlTemplate\":\"https:\/\/www.ramapo.edu\/president\/?s={search_term_string}\"},\"query-input\":{\"@type\":\"PropertyValueSpecification\",\"valueRequired\":true,\"valueName\":\"search_term_string\"}}],\"inLanguage\":\"en-US\"}]}<\/script>\n<!-- \/ Yoast SEO Premium plugin. -->","yoast_head_json":{"title":"News \/ Publications - Office of the President","robots":{"index":"index","follow":"follow","max-snippet":"max-snippet:-1","max-image-preview":"max-image-preview:large","max-video-preview":"max-video-preview:-1"},"canonical":"https:\/\/www.ramapo.edu\/president\/news-publications\/","og_locale":"en_US","og_type":"article","og_title":"News \/ Publications","og_description":"Other Articles\u00a0 \u00a0 \u00a0Publications THE STAR-LEDGER OP ED April 8, 2012 President Peter P. Mercer Ramapo College of New Jersey NJ Colleges Crumbling Under Cuts As we set our sights on commencement, less than two months away, I am reminded of the many touching moments of the day: jubilation in our students, pride in the [&hellip;]","og_url":"https:\/\/www.ramapo.edu\/president\/news-publications\/","og_site_name":"Office of the President","article_modified_time":"2016-02-02T19:23:47+00:00","og_image":[{"url":"https:\/\/www.ramapo.edu\/president\/wp-content\/uploads\/sites\/41\/2013\/03\/20-0.jpg","type":"","width":"","height":""}],"twitter_card":"summary_large_image","twitter_misc":{"Est. reading time":"7 minutes"},"schema":{"@context":"https:\/\/schema.org","@graph":[{"@type":"WebPage","@id":"https:\/\/www.ramapo.edu\/president\/news-publications\/","url":"https:\/\/www.ramapo.edu\/president\/news-publications\/","name":"News \/ Publications - Office of the President","isPartOf":{"@id":"https:\/\/www.ramapo.edu\/president\/#website"},"primaryImageOfPage":{"@id":"https:\/\/www.ramapo.edu\/president\/news-publications\/#primaryimage"},"image":{"@id":"https:\/\/www.ramapo.edu\/president\/news-publications\/#primaryimage"},"thumbnailUrl":"https:\/\/www.ramapo.edu\/president\/wp-content\/uploads\/sites\/41\/2013\/03\/20-0.jpg","datePublished":"2013-03-28T13:29:50+00:00","dateModified":"2016-02-02T19:23:47+00:00","breadcrumb":{"@id":"https:\/\/www.ramapo.edu\/president\/news-publications\/#breadcrumb"},"inLanguage":"en-US","potentialAction":[{"@type":"ReadAction","target":["https:\/\/www.ramapo.edu\/president\/news-publications\/"]}]},{"@type":"ImageObject","inLanguage":"en-US","@id":"https:\/\/www.ramapo.edu\/president\/news-publications\/#primaryimage","url":"https:\/\/www.ramapo.edu\/president\/wp-content\/uploads\/sites\/41\/2013\/03\/20-0.jpg","contentUrl":"https:\/\/www.ramapo.edu\/president\/wp-content\/uploads\/sites\/41\/2013\/03\/20-0.jpg","width":290,"height":217},{"@type":"BreadcrumbList","@id":"https:\/\/www.ramapo.edu\/president\/news-publications\/#breadcrumb","itemListElement":[{"@type":"ListItem","position":1,"name":"Home","item":"https:\/\/www.ramapo.edu\/president\/"},{"@type":"ListItem","position":2,"name":"News \/ Publications"}]},{"@type":"WebSite","@id":"https:\/\/www.ramapo.edu\/president\/#website","url":"https:\/\/www.ramapo.edu\/president\/","name":"Office of the President","description":"Just another Ramapo College of New Jersey Sites site","potentialAction":[{"@type":"SearchAction","target":{"@type":"EntryPoint","urlTemplate":"https:\/\/www.ramapo.edu\/president\/?s={search_term_string}"},"query-input":{"@type":"PropertyValueSpecification","valueRequired":true,"valueName":"search_term_string"}}],"inLanguage":"en-US"}]}},"_links":{"self":[{"href":"https:\/\/www.ramapo.edu\/president\/wp-json\/wp\/v2\/pages\/20","targetHints":{"allow":["GET"]}}],"collection":[{"href":"https:\/\/www.ramapo.edu\/president\/wp-json\/wp\/v2\/pages"}],"about":[{"href":"https:\/\/www.ramapo.edu\/president\/wp-json\/wp\/v2\/types\/page"}],"author":[{"embeddable":true,"href":"https:\/\/www.ramapo.edu\/president\/wp-json\/wp\/v2\/users\/457"}],"replies":[{"embeddable":true,"href":"https:\/\/www.ramapo.edu\/president\/wp-json\/wp\/v2\/comments?post=20"}],"version-history":[{"count":20,"href":"https:\/\/www.ramapo.edu\/president\/wp-json\/wp\/v2\/pages\/20\/revisions"}],"predecessor-version":[{"id":1443,"href":"https:\/\/www.ramapo.edu\/president\/wp-json\/wp\/v2\/pages\/20\/revisions\/1443"}],"wp:attachment":[{"href":"https:\/\/www.ramapo.edu\/president\/wp-json\/wp\/v2\/media?parent=20"}],"curies":[{"name":"wp","href":"https:\/\/api.w.org\/{rel}","templated":true}]}}