{"id":9772,"date":"2021-09-13T12:04:14","date_gmt":"2021-09-13T16:04:14","guid":{"rendered":"https:\/\/www.ramapo.edu\/international\/?page_id=9772"},"modified":"2022-02-12T12:46:57","modified_gmt":"2022-02-12T17:46:57","slug":"visiting-fulbright-profiles","status":"publish","type":"page","link":"https:\/\/www.ramapo.edu\/international\/fulbright\/visiting-fulbright-profiles\/","title":{"rendered":"Visiting Fulbright Profiles"},"content":{"rendered":"<h3><strong>Fulbright @ Ramapo College<\/strong><\/h3>\n<p>&nbsp;<\/p>\n<h3 style=\"text-align: center\">Visiting International Scholars&#8217; Profiles<\/h3>\n<div class=\"collapsableContent\" tabindex=\"0\"><div class=\"collapsableTitle\"><span class=\"fa-stack\"><i class=\"fa fa-circle fa-stack-2x\"><\/i><i class=\"fa fa-chevron-down fa-stack-1x fa-inverse\"><\/i><i class=\"fa fa-chevron-up fa-stack-1x fa-inverse\"><\/i><\/span>2021-2022<\/div><div class=\"c_content\">\n<h4>Ghada Hamila (FLTA &#8211; Arabic Language; Tunisia)<\/h4>\n<div id=\"attachment_9773\" style=\"width: 210px\" class=\"wp-caption alignleft\"><a href=\"https:\/\/www.ramapo.edu\/international\/fulbright\/visiting-fulbright-profiles\/dsc_5603\/\" rel=\"attachment wp-att-9773\"><img loading=\"lazy\" decoding=\"async\" aria-describedby=\"caption-attachment-9773\" class=\"size-medium wp-image-9773\" src=\"https:\/\/www.ramapo.edu\/international\/wp-content\/uploads\/sites\/235\/2021\/09\/DSC_5603-200x300.jpg\" alt=\"\" width=\"200\" height=\"300\" srcset=\"https:\/\/www.ramapo.edu\/international\/wp-content\/uploads\/sites\/235\/2021\/09\/DSC_5603-200x300.jpg 200w, https:\/\/www.ramapo.edu\/international\/wp-content\/uploads\/sites\/235\/2021\/09\/DSC_5603-683x1024.jpg 683w, https:\/\/www.ramapo.edu\/international\/wp-content\/uploads\/sites\/235\/2021\/09\/DSC_5603-768x1152.jpg 768w, https:\/\/www.ramapo.edu\/international\/wp-content\/uploads\/sites\/235\/2021\/09\/DSC_5603-1024x1536.jpg 1024w, https:\/\/www.ramapo.edu\/international\/wp-content\/uploads\/sites\/235\/2021\/09\/DSC_5603-rotated.jpg 1312w\" sizes=\"auto, (max-width: 200px) 100vw, 200px\" \/><\/a><p id=\"caption-attachment-9773\" class=\"wp-caption-text\">Ghada Hamila, FLTA, 21-22<\/p><\/div>\n<p>Ghada Hamila is Tunisian Fulbrighter at Ramapo College where she teaches Arabic. She earned both a bachelors in English Language, Literature and Civilization and a Masters in Cultural Studies from <a href=\"http:\/\/www.uc.rnu.tn\/\" target=\"_blank\" rel=\"noopener\">Sousse University<\/a> in Tunisia. She has worked with Al-Maarifa, Youth Council Tunisia, Gallery Teachers and <a href=\"https:\/\/go.ifrc.org\/regions\/4#operations\" target=\"_blank\" rel=\"noopener\">Red Crescent<\/a>. In 2020, she became TESOL-certified through a 90-hour English teacher training program at <a href=\"https:\/\/www.amideast.org\/tunisia\" target=\"_blank\" rel=\"noopener\">Amideast Tunisia<\/a> and a 150- hour online TESOL specialization through the University of Arizona and Coursera. Following this, she embarked on a new journey as an English Language Instructor at the <a href=\"http:\/\/www.uc.rnu.tn\/\" target=\"_blank\" rel=\"noopener\">University of Sousse<\/a> in Tunisia. She also participated in the Connect Program, an online cross-cultural educational program. Currently, she is taking a training to become an online dialogue facilitator with <a href=\"https:\/\/soliya.net\/\" target=\"_blank\" rel=\"noopener\">Soliya<\/a>. Additionally, she is the Reading, Writing and Language leader of the American Corner SAT prep club. In a nutshell, Ghada considers teaching as a divine mission and herself as a catalyst for change for she aims to help students develop the four skills of language learning as well as other skills to become better communicators and to achieve their career goals.<\/p>\n<\/div><\/div>\n<div class=\"collapsableContent\" tabindex=\"0\"><div class=\"collapsableTitle\"><span class=\"fa-stack\"><i class=\"fa fa-circle fa-stack-2x\"><\/i><i class=\"fa fa-chevron-down fa-stack-1x fa-inverse\"><\/i><i class=\"fa fa-chevron-up fa-stack-1x fa-inverse\"><\/i><\/span>2019-2020<\/div><div class=\"c_content\">\n<h4>Roberta Berlingo (FLTA &#8211; Italian Language; Italy)<\/h4>\n<p>&nbsp;<\/p>\n<h4><strong>Yu-Chien Hseih (FLTA &#8211; Chinese Language; Taiwan)<\/strong><\/h4>\n<p>&nbsp;<\/p>\n<h4><strong>Sarra Safhi (FLTA &#8211; Arabic Language, Morocco)<\/strong><\/h4>\n<p>&nbsp;<\/p>\n<\/div><\/div>\n<div class=\"collapsableContent\" tabindex=\"0\"><div class=\"collapsableTitle\"><span class=\"fa-stack\"><i class=\"fa fa-circle fa-stack-2x\"><\/i><i class=\"fa fa-chevron-down fa-stack-1x fa-inverse\"><\/i><i class=\"fa fa-chevron-up fa-stack-1x fa-inverse\"><\/i><\/span>2018-2019<\/div><div class=\"c_content\">\n<h4><strong>Adrielle de Matos Borges Texeira (Scholar-in-Residence; Brazil)<\/strong><\/h4>\n<p>&nbsp;<\/p>\n<h4 style=\"text-align: left\"><strong>Francesca Scafuto (Scholar-in-Residence; Italy)<\/strong><\/h4>\n<p>&nbsp;<\/p>\n<\/div><\/div>\n<div class=\"collapsableContent\" tabindex=\"0\"><div class=\"collapsableTitle\"><span class=\"fa-stack\"><i class=\"fa fa-circle fa-stack-2x\"><\/i><i class=\"fa fa-chevron-down fa-stack-1x fa-inverse\"><\/i><i class=\"fa fa-chevron-up fa-stack-1x fa-inverse\"><\/i><\/span>2017-2018<\/div><div class=\"c_content\">\n<p style=\"text-align: center\"><span style=\"color: #ff0000\">Coming soon<\/span><\/p>\n<\/div><\/div>\n<div class=\"collapsableContent\" tabindex=\"0\"><div class=\"collapsableTitle\"><span class=\"fa-stack\"><i class=\"fa fa-circle fa-stack-2x\"><\/i><i class=\"fa fa-chevron-down fa-stack-1x fa-inverse\"><\/i><i class=\"fa fa-chevron-up fa-stack-1x fa-inverse\"><\/i><\/span>2016-2017<\/div><div class=\"c_content\">\n<p style=\"text-align: center\"><span style=\"color: #ff0000\">Coming soon<\/span><\/p>\n<\/div><\/div>\n<div class=\"collapsableContent\" tabindex=\"0\"><div class=\"collapsableTitle\"><span class=\"fa-stack\"><i class=\"fa fa-circle fa-stack-2x\"><\/i><i class=\"fa fa-chevron-down fa-stack-1x fa-inverse\"><\/i><i class=\"fa fa-chevron-up fa-stack-1x fa-inverse\"><\/i><\/span>2014-2015<\/div><div class=\"c_content\">\n<h4><strong>Rafael Bianciotto (Scholar-in-Residence; France\/Argentina)<\/strong><\/h4>\n<p class=\"font_8\"><span class=\"color_11\"><a href=\"https:\/\/www.ramapo.edu\/international\/fulbright\/visiting-fulbright-profiles\/156b6c53-11c4-48d7-bb23-825d342c1588\/\" rel=\"attachment wp-att-10477\"><img loading=\"lazy\" decoding=\"async\" class=\"alignleft  wp-image-10477\" src=\"https:\/\/www.ramapo.edu\/international\/wp-content\/uploads\/sites\/235\/2022\/02\/156b6c53-11c4-48d7-bb23-825d342c1588-300x300.jpeg\" alt=\"\" width=\"236\" height=\"236\" srcset=\"https:\/\/www.ramapo.edu\/international\/wp-content\/uploads\/sites\/235\/2022\/02\/156b6c53-11c4-48d7-bb23-825d342c1588-300x300.jpeg 300w, https:\/\/www.ramapo.edu\/international\/wp-content\/uploads\/sites\/235\/2022\/02\/156b6c53-11c4-48d7-bb23-825d342c1588-150x150.jpeg 150w, https:\/\/www.ramapo.edu\/international\/wp-content\/uploads\/sites\/235\/2022\/02\/156b6c53-11c4-48d7-bb23-825d342c1588.jpeg 683w\" sizes=\"auto, (max-width: 236px) 100vw, 236px\" \/><\/a>Born in Buenos Aires, he studied computer science at the University of Buenos Aires, then an actor&#8217;s training school at CELCIT in Buenos Aires from 1985 to 1989. In 1990, he followed Etudes Th\u00e9\u00e2trales at the Sorbonne Nouvelle Paris III and settled in France.<\/span><\/p>\n<p class=\"font_8\"><span class=\"color_11\">He meets Mario Gonzalez who introduces him to the world of Commedia dell&#8217;Arte masks and the Clown.\u00a0He is his assistant on many shows.\u00a0Notably: \u201cClowner\u201d in Sweden 1992 and \u201cTru\u00f0ar\u201d in Iceland 1994, total improvisation show with four clowns.\u00a0In New York, he staged \u201cThe Forced Mariage\u201d then \u201cThe Precious Ridiculousness\u201d by Moli\u00e8re (with The New York Mask and Clown Workshop Cie).<\/span><\/p>\n<p class=\"font_8\"><span class=\"color_11\">In 1998, the company\u00a0<a href=\"http:\/\/www.zefirotheatre.com\/\" target=\"_blank\" rel=\"noopener\">Z\u00c9FIRO TH\u00c9\u00c2TRE<\/a> was\u00a0created and he staged\u00a0&#8220;La Jalousie du Barbouill\u00e9&#8221;\u00a0by Moli\u00e8re (with Benoit Lavigne),\u00a0&#8220;Lysistrata&#8221;\u00a0by Aristophanes,\u00a0&#8220;Great Fear and Misery of the Third Reich&#8221;\u00a0by Brecht,\u00a0&#8220;La Nuit des Kings\u201d\u00a0by W. Shakespeare and\u00a0\u201cCandide\u201d\u00a0after Voltaire,\u00a0\u201cThe Tempest\u201d\u00a0by W. Shakespeare, and\u00a0\u201cProof of Love\u201d\u00a0by R. Arlt.\u00a0Since 1994 he has been teaching neutral mask and Clown at the National Conservatory of Iceland in Reykjavik.<\/span><\/p>\n<p class=\"font_8\"><span class=\"color_11\">He directed &#8220;Capital Sins, (a divine comedy)&#8221; in 2008, a show with four clowns based on Dante&#8217;s Divine Comedy and &#8220;Sokrates&#8221; a Clown Opera at the Reykjavik City Theater in 2015. He was Fulbright &#8220;Scholar-in-Residence&#8221; and professor at Ramapo College and Bergen Community College in New Jersey (USA) in 2015 following the 2015 Fulbright France laureate.\u00a0<\/span><\/p>\n<p>Website: <a href=\"https:\/\/www.rafaelbianciotto.com\/\" target=\"_blank\" rel=\"noopener\">https:\/\/www.rafaelbianciotto.com\/<\/a><\/p>\n<\/div><\/div>\n<div class=\"collapsableContent\" tabindex=\"0\"><div class=\"collapsableTitle\"><span class=\"fa-stack\"><i class=\"fa fa-circle fa-stack-2x\"><\/i><i class=\"fa fa-chevron-down fa-stack-1x fa-inverse\"><\/i><i class=\"fa fa-chevron-up fa-stack-1x fa-inverse\"><\/i><\/span>2011-2012<\/div><div class=\"c_content\">\n<h4><strong>Ahmed Ferwana (FLTA &#8211; Arabic Language; Palestine)<\/strong><\/h4>\n<p>&nbsp;<\/p>\n<h4><strong>Kosei Tamura (FLTA &#8211; Japanese Language; Japan)<\/strong><\/h4>\n<p>&nbsp;<\/p>\n<\/div><\/div>\n<div class=\"collapsableContent\" tabindex=\"0\"><div class=\"collapsableTitle\"><span class=\"fa-stack\"><i class=\"fa fa-circle fa-stack-2x\"><\/i><i class=\"fa fa-chevron-down fa-stack-1x fa-inverse\"><\/i><i class=\"fa fa-chevron-up fa-stack-1x fa-inverse\"><\/i><\/span>2010-2011<\/div><div class=\"c_content\">\n<h4><strong>Ramzi Brahmi (FLTA &#8211; Arabic Language; Tunisia)<\/strong><\/h4>\n<p>&nbsp;<\/p>\n<h4><strong>Alexander Kubyshkin (FLTA &#8211; Russian Language; Russia)<\/strong><\/h4>\n<div>Dr. Kubyshkin continues to serve as a full time Professor at St. Petersburg State University,<a href=\"https:\/\/www.ramapo.edu\/international\/fulbright\/visiting-fulbright-profiles\/%d0%b0-%d0%ba%d1%83%d0%b1%d1%8b%d1%88%d0%ba%d0%b8%d0%bd\/\" rel=\"attachment wp-att-10465\"><img loading=\"lazy\" decoding=\"async\" class=\"size-medium wp-image-10465 alignright\" src=\"https:\/\/www.ramapo.edu\/international\/wp-content\/uploads\/sites\/235\/2022\/02\/\u0410-\u041a\u0443\u0431\u044b\u0448\u043a\u0438\u043d-228x300.jpg\" alt=\"\" width=\"228\" height=\"300\" srcset=\"https:\/\/www.ramapo.edu\/international\/wp-content\/uploads\/sites\/235\/2022\/02\/\u0410-\u041a\u0443\u0431\u044b\u0448\u043a\u0438\u043d-228x300.jpg 228w, https:\/\/www.ramapo.edu\/international\/wp-content\/uploads\/sites\/235\/2022\/02\/\u0410-\u041a\u0443\u0431\u044b\u0448\u043a\u0438\u043d.jpg 494w\" sizes=\"auto, (max-width: 228px) 100vw, 228px\" \/><\/a> where he teaches courses on Introduction to American Civilization, US History and American Political Thought, The History of International Relations, US Public Diplomacy, Brain Trusts in International Relations and Research Seminar.<\/div>\n<div><\/div>\n<div>After his Faculty experience with Ramapo College he has continued to collaborate with Ramapo Professor Tom Heed in co-teaching Russian and international students on Cold War History.<\/div>\n<div><\/div>\n<div>More recently, Dr. Kubyshkin publishes his latest book called &#8220;Town and Gown&#8221; where he analyzes the development of U.S. Higher Education and their cooperation with civil society organizations.<\/div>\n<div><\/div>\n<h4><strong>Kyohei Nishino (FLTA &#8211; Japanese Language; Japan)<\/strong><\/h4>\n<p>&nbsp;<\/p>\n<h4><strong>Elena Sorokina (FLTA &#8211; Russian Language; Russia)<\/strong><\/h4>\n<p>&nbsp;<\/p>\n<h4><strong>Junying Wang (FLTA &#8211; Chinese Language; China)<\/strong><\/h4>\n<p>&nbsp;<\/p>\n<\/div><\/div>\n<div class=\"collapsableContent\" tabindex=\"0\"><div class=\"collapsableTitle\"><span class=\"fa-stack\"><i class=\"fa fa-circle fa-stack-2x\"><\/i><i class=\"fa fa-chevron-down fa-stack-1x fa-inverse\"><\/i><i class=\"fa fa-chevron-up fa-stack-1x fa-inverse\"><\/i><\/span>2009-2010<\/div><div class=\"c_content\">\n<h4><strong>Maan Aubed\u00a0 (FLTA &#8211; Arabic Language; Iraq)<\/strong><\/h4>\n<p>&nbsp;<\/p>\n<h4><strong>Abror Gadaev (Scholar-in-Residence; Uzbekistan)<\/strong><\/h4>\n<p>&nbsp;<\/p>\n<h4><strong>Julia Ivanova (FLTA &#8211; Russian Language; Russia)<\/strong><\/h4>\n<p>&nbsp;<\/p>\n<h4><strong>Laura Nicolas (FLTA &#8211; French Language; France)<\/strong><\/h4>\n<p>&nbsp;<\/p>\n<h4><strong>Guiseppe Sorrentino (FLTA &#8211; Italian Language; Italy)<\/strong><\/h4>\n<p>&nbsp;<\/p>\n<h4><strong>Yige Zhu (FLTA &#8211; Chinese Language; China)<\/strong><\/h4>\n<p>&nbsp;<\/p>\n<\/div><\/div>\n<div class=\"collapsableContent\" tabindex=\"0\"><div class=\"collapsableTitle\"><span class=\"fa-stack\"><i class=\"fa fa-circle fa-stack-2x\"><\/i><i class=\"fa fa-chevron-down fa-stack-1x fa-inverse\"><\/i><i class=\"fa fa-chevron-up fa-stack-1x fa-inverse\"><\/i><\/span>2008-2009<\/div><div class=\"c_content\">\n<h4><strong>Mahmoud Abdelfattah (FLTA &#8211; Arabic Language)<\/strong><\/h4>\n<p>&nbsp;<\/p>\n<h4><strong>Maria Farisco (FLTA &#8211; Italian Language; Italy)<\/strong><\/h4>\n<p>&nbsp;<\/p>\n<h4><strong>Julia Ivanova (FLTA &#8211; Russian Language; Russia)<\/strong><\/h4>\n<p>&nbsp;<\/p>\n<h4><strong>Hongjuan Mao (FLTA &#8211; Chinese Language; China)<\/strong><\/h4>\n<p>&nbsp;<\/p>\n<h4><strong>Natacha Paul (FLTA &#8211; French Language; France)<\/strong><\/h4>\n<p>&nbsp;<\/p>\n<h4><strong>Lucia Vedovi (FLTA &#8211; Italian Language; Italy)<\/strong><\/h4>\n<p>&nbsp;<\/p>\n<\/div><\/div>\n","protected":false},"excerpt":{"rendered":"<p>Fulbright @ Ramapo College &nbsp; Visiting International Scholars&#8217; Profiles<\/p>\n","protected":false},"author":1,"featured_media":0,"parent":8723,"menu_order":0,"comment_status":"closed","ping_status":"closed","template":"","meta":{"footnotes":""},"class_list":["post-9772","page","type-page","status-publish","hentry"],"yoast_head":"<!-- This site is optimized with the Yoast SEO Premium plugin v21.5 (Yoast SEO v27.1.1) - https:\/\/yoast.com\/product\/yoast-seo-premium-wordpress\/ -->\n<title>Visiting Fulbright Profiles - Ramapo International<\/title>\n<meta name=\"robots\" content=\"index, follow, max-snippet:-1, max-image-preview:large, max-video-preview:-1\" \/>\n<link rel=\"canonical\" href=\"https:\/\/www.ramapo.edu\/international\/fulbright\/visiting-fulbright-profiles\/\" \/>\n<meta property=\"og:locale\" content=\"en_US\" \/>\n<meta property=\"og:type\" content=\"article\" \/>\n<meta property=\"og:title\" content=\"Visiting Fulbright Profiles\" \/>\n<meta property=\"og:description\" content=\"Fulbright @ Ramapo College &nbsp; Visiting International Scholars&#8217; Profiles\" \/>\n<meta property=\"og:url\" content=\"https:\/\/www.ramapo.edu\/international\/fulbright\/visiting-fulbright-profiles\/\" \/>\n<meta property=\"og:site_name\" content=\"Ramapo International\" \/>\n<meta property=\"article:modified_time\" content=\"2022-02-12T17:46:57+00:00\" \/>\n<meta property=\"og:image\" content=\"https:\/\/www.ramapo.edu\/international\/wp-content\/uploads\/sites\/235\/2021\/09\/DSC_5603-200x300.jpg\" \/>\n<meta name=\"twitter:card\" content=\"summary_large_image\" \/>\n<meta name=\"twitter:label1\" content=\"Est. reading time\" \/>\n\t<meta name=\"twitter:data1\" content=\"4 minutes\" \/>\n<script type=\"application\/ld+json\" class=\"yoast-schema-graph\">{\"@context\":\"https:\/\/schema.org\",\"@graph\":[{\"@type\":\"WebPage\",\"@id\":\"https:\/\/www.ramapo.edu\/international\/fulbright\/visiting-fulbright-profiles\/\",\"url\":\"https:\/\/www.ramapo.edu\/international\/fulbright\/visiting-fulbright-profiles\/\",\"name\":\"Visiting Fulbright Profiles - Ramapo International\",\"isPartOf\":{\"@id\":\"https:\/\/www.ramapo.edu\/international\/#website\"},\"primaryImageOfPage\":{\"@id\":\"https:\/\/www.ramapo.edu\/international\/fulbright\/visiting-fulbright-profiles\/#primaryimage\"},\"image\":{\"@id\":\"https:\/\/www.ramapo.edu\/international\/fulbright\/visiting-fulbright-profiles\/#primaryimage\"},\"thumbnailUrl\":\"https:\/\/www.ramapo.edu\/international\/wp-content\/uploads\/sites\/235\/2021\/09\/DSC_5603-200x300.jpg\",\"datePublished\":\"2021-09-13T16:04:14+00:00\",\"dateModified\":\"2022-02-12T17:46:57+00:00\",\"breadcrumb\":{\"@id\":\"https:\/\/www.ramapo.edu\/international\/fulbright\/visiting-fulbright-profiles\/#breadcrumb\"},\"inLanguage\":\"en-US\",\"potentialAction\":[{\"@type\":\"ReadAction\",\"target\":[\"https:\/\/www.ramapo.edu\/international\/fulbright\/visiting-fulbright-profiles\/\"]}]},{\"@type\":\"ImageObject\",\"inLanguage\":\"en-US\",\"@id\":\"https:\/\/www.ramapo.edu\/international\/fulbright\/visiting-fulbright-profiles\/#primaryimage\",\"url\":\"https:\/\/www.ramapo.edu\/international\/wp-content\/uploads\/sites\/235\/2021\/09\/DSC_5603-200x300.jpg\",\"contentUrl\":\"https:\/\/www.ramapo.edu\/international\/wp-content\/uploads\/sites\/235\/2021\/09\/DSC_5603-200x300.jpg\"},{\"@type\":\"BreadcrumbList\",\"@id\":\"https:\/\/www.ramapo.edu\/international\/fulbright\/visiting-fulbright-profiles\/#breadcrumb\",\"itemListElement\":[{\"@type\":\"ListItem\",\"position\":1,\"name\":\"Ramapo College of New Jersey Home Page \u00bb Academics \u00bb Ramapo International \u00bb\",\"item\":\"https:\/\/www.ramapo.edu\/international\/\"},{\"@type\":\"ListItem\",\"position\":2,\"name\":\"Fulbright\",\"item\":\"https:\/\/www.ramapo.edu\/international\/fulbright\/\"},{\"@type\":\"ListItem\",\"position\":3,\"name\":\"Visiting Fulbright Profiles\"}]},{\"@type\":\"WebSite\",\"@id\":\"https:\/\/www.ramapo.edu\/international\/#website\",\"url\":\"https:\/\/www.ramapo.edu\/international\/\",\"name\":\"Ramapo International\",\"description\":\"Just another Ramapo College of New Jersey Sites site\",\"potentialAction\":[{\"@type\":\"SearchAction\",\"target\":{\"@type\":\"EntryPoint\",\"urlTemplate\":\"https:\/\/www.ramapo.edu\/international\/?s={search_term_string}\"},\"query-input\":{\"@type\":\"PropertyValueSpecification\",\"valueRequired\":true,\"valueName\":\"search_term_string\"}}],\"inLanguage\":\"en-US\"}]}<\/script>\n<!-- \/ Yoast SEO Premium plugin. -->","yoast_head_json":{"title":"Visiting Fulbright Profiles - Ramapo International","robots":{"index":"index","follow":"follow","max-snippet":"max-snippet:-1","max-image-preview":"max-image-preview:large","max-video-preview":"max-video-preview:-1"},"canonical":"https:\/\/www.ramapo.edu\/international\/fulbright\/visiting-fulbright-profiles\/","og_locale":"en_US","og_type":"article","og_title":"Visiting Fulbright Profiles","og_description":"Fulbright @ Ramapo College &nbsp; Visiting International Scholars&#8217; Profiles","og_url":"https:\/\/www.ramapo.edu\/international\/fulbright\/visiting-fulbright-profiles\/","og_site_name":"Ramapo International","article_modified_time":"2022-02-12T17:46:57+00:00","og_image":[{"url":"https:\/\/www.ramapo.edu\/international\/wp-content\/uploads\/sites\/235\/2021\/09\/DSC_5603-200x300.jpg","type":"","width":"","height":""}],"twitter_card":"summary_large_image","twitter_misc":{"Est. reading time":"4 minutes"},"schema":{"@context":"https:\/\/schema.org","@graph":[{"@type":"WebPage","@id":"https:\/\/www.ramapo.edu\/international\/fulbright\/visiting-fulbright-profiles\/","url":"https:\/\/www.ramapo.edu\/international\/fulbright\/visiting-fulbright-profiles\/","name":"Visiting Fulbright Profiles - Ramapo International","isPartOf":{"@id":"https:\/\/www.ramapo.edu\/international\/#website"},"primaryImageOfPage":{"@id":"https:\/\/www.ramapo.edu\/international\/fulbright\/visiting-fulbright-profiles\/#primaryimage"},"image":{"@id":"https:\/\/www.ramapo.edu\/international\/fulbright\/visiting-fulbright-profiles\/#primaryimage"},"thumbnailUrl":"https:\/\/www.ramapo.edu\/international\/wp-content\/uploads\/sites\/235\/2021\/09\/DSC_5603-200x300.jpg","datePublished":"2021-09-13T16:04:14+00:00","dateModified":"2022-02-12T17:46:57+00:00","breadcrumb":{"@id":"https:\/\/www.ramapo.edu\/international\/fulbright\/visiting-fulbright-profiles\/#breadcrumb"},"inLanguage":"en-US","potentialAction":[{"@type":"ReadAction","target":["https:\/\/www.ramapo.edu\/international\/fulbright\/visiting-fulbright-profiles\/"]}]},{"@type":"ImageObject","inLanguage":"en-US","@id":"https:\/\/www.ramapo.edu\/international\/fulbright\/visiting-fulbright-profiles\/#primaryimage","url":"https:\/\/www.ramapo.edu\/international\/wp-content\/uploads\/sites\/235\/2021\/09\/DSC_5603-200x300.jpg","contentUrl":"https:\/\/www.ramapo.edu\/international\/wp-content\/uploads\/sites\/235\/2021\/09\/DSC_5603-200x300.jpg"},{"@type":"BreadcrumbList","@id":"https:\/\/www.ramapo.edu\/international\/fulbright\/visiting-fulbright-profiles\/#breadcrumb","itemListElement":[{"@type":"ListItem","position":1,"name":"Ramapo College of New Jersey Home Page \u00bb Academics \u00bb Ramapo International \u00bb","item":"https:\/\/www.ramapo.edu\/international\/"},{"@type":"ListItem","position":2,"name":"Fulbright","item":"https:\/\/www.ramapo.edu\/international\/fulbright\/"},{"@type":"ListItem","position":3,"name":"Visiting Fulbright Profiles"}]},{"@type":"WebSite","@id":"https:\/\/www.ramapo.edu\/international\/#website","url":"https:\/\/www.ramapo.edu\/international\/","name":"Ramapo International","description":"Just another Ramapo College of New Jersey Sites site","potentialAction":[{"@type":"SearchAction","target":{"@type":"EntryPoint","urlTemplate":"https:\/\/www.ramapo.edu\/international\/?s={search_term_string}"},"query-input":{"@type":"PropertyValueSpecification","valueRequired":true,"valueName":"search_term_string"}}],"inLanguage":"en-US"}]}},"_links":{"self":[{"href":"https:\/\/www.ramapo.edu\/international\/wp-json\/wp\/v2\/pages\/9772","targetHints":{"allow":["GET"]}}],"collection":[{"href":"https:\/\/www.ramapo.edu\/international\/wp-json\/wp\/v2\/pages"}],"about":[{"href":"https:\/\/www.ramapo.edu\/international\/wp-json\/wp\/v2\/types\/page"}],"author":[{"embeddable":true,"href":"https:\/\/www.ramapo.edu\/international\/wp-json\/wp\/v2\/users\/1"}],"replies":[{"embeddable":true,"href":"https:\/\/www.ramapo.edu\/international\/wp-json\/wp\/v2\/comments?post=9772"}],"version-history":[{"count":16,"href":"https:\/\/www.ramapo.edu\/international\/wp-json\/wp\/v2\/pages\/9772\/revisions"}],"predecessor-version":[{"id":10478,"href":"https:\/\/www.ramapo.edu\/international\/wp-json\/wp\/v2\/pages\/9772\/revisions\/10478"}],"up":[{"embeddable":true,"href":"https:\/\/www.ramapo.edu\/international\/wp-json\/wp\/v2\/pages\/8723"}],"wp:attachment":[{"href":"https:\/\/www.ramapo.edu\/international\/wp-json\/wp\/v2\/media?parent=9772"}],"curies":[{"name":"wp","href":"https:\/\/api.w.org\/{rel}","templated":true}]}}