{"id":4998,"date":"2018-02-12T18:45:32","date_gmt":"2018-02-12T23:45:32","guid":{"rendered":"https:\/\/www.ramapo.edu\/international\/?page_id=4998"},"modified":"2018-02-23T12:20:38","modified_gmt":"2018-02-23T17:20:38","slug":"spanish-language-week","status":"publish","type":"page","link":"https:\/\/www.ramapo.edu\/international\/spanish-language-week\/","title":{"rendered":"Spanish Language Week"},"content":{"rendered":"<h3><strong>Spanish Language Week (26 February &#8211; 03 March 2018)<\/strong><\/h3>\n<h4>MONDAY, 26 FEBRUARY<\/h4>\n<p>FOUNDATIONS OF SPANISH I (OPEN CLASS)<br \/>\n8:00 A.M. &#8211; 9:40A.M. | A-100<br \/>\nTry out a Spanish class for free, with Professor Natalia Santamaria-Laorden. Have fun, and learn a little Spanish!<\/p>\n<p>FOUNDATIONS OF SPANISH I (OPEN CLASS)<br \/>\n11:20 A.M. &#8211; 1:00 P.M. | E-214<br \/>\nTry out a Spanish class for free, with Professor Natalia Santamaria-Laorden. Have fun, and learn a little Spanish!<\/p>\n<h4>TUESDAY, 27 FEBRUARY<\/h4>\n<p>ADVANCED SPANISH COMMUNICATION (OPEN CLASS)<br \/>\n1:45 P.M. &#8211; 3:25 P.M. | A-105<br \/>\nTry out a Spanish class for free, with Professor Paula Straile-Costa. Have fun, and learn a little Spanish!<\/p>\n<p>SPANISH IN THE CAREERS<br \/>\n6:30 P.M. &#8211; 7:30 P.M. | B-227<br \/>\n<span style=\"font-weight: 400\">Come and hear the inspiring stories of a number of professionals who use Spanish in their work and lives.\u00a0Latin food will be served. Panelists will include:\u00a0<\/span><\/p>\n<p style=\"padding-left: 30px\"><span style=\"font-weight: 400\">Erick Castellanos, <em>Associate Professor of International Studies, Ramapo College of New Jersey<\/em><br \/>\n<\/span><span style=\"font-weight: 400\">Christine McCarthy, <em>2008 Ramapo Graduate Spanish major, Attorney at Einhorn, Harris, Ascher, <\/em><\/span><span style=\"font-weight: 400\"><em>Barbarito, and Frost in Denville, N.J.<\/em><br \/>\n<\/span><span style=\"font-weight: 400\">Edna Negr\u00f3n, <em>Professor of Journalism, Ramapo College of New Jersey<\/em><br \/>\n<\/span><span style=\"font-weight: 400\">Cristina P\u00e9rez, <\/span><span style=\"font-weight: 400\"><em>Assistant Professor Nursing \/ Skills Lab Coordinator<\/em><br \/>\n<\/span><span style=\"font-weight: 400\">Jasm\u00edn S\u00e1nchez,<em> 2007 Ramapo Graduate Spanish Major, Spanish teacher, Hackensack Public <\/em><\/span><span style=\"font-weight: 400\"><em>School<\/em><br \/>\n<\/span><span style=\"font-weight: 400\">Gladys Torres-Baumgarten, <em>Professor of International Business, Ramapo College of New Jersey<\/em><br \/>\n<\/span><span style=\"font-weight: 400\">Eric Wiener, <em>Associate Professor of Environmental Science, Ramapo College of New Jersey<br \/>\n<\/em>Ben Levy, <em>Director of International Education, Ramapo College of New Jersey<\/em><\/span><\/p>\n<h4>WEDNESDAY, 28 FEBRUARY<\/h4>\n<p>SPANISH FOR HEALTH CARE (OPEN CLASS)<br \/>\n9:00 A.M. &#8211; 12:30P.M. | ASB-523<br \/>\nTry out a Spanish class for free, with Professor Natalia Santamaria-Laorden. Have fun, and learn a little Spanish!<\/p>\n<p>&#8220;A CLOSE LOOK AT PUERTO RICO&#8217;s TOUGH RECOVERY: Voices from the Aftermath of Hurricane Maria&#8221;<br \/>\n11:30 A.M. &#8211; 12:45P.M. | 2nd Floor, Berrie Center<br \/>\nSchomburg Scholar, Ms. Sylvia Bofill, will discuss, along with Ramapo Professors Edna Negron, Lysandra Perez-Strumolo &amp; Gladys Torres-Baumgarten. For more details, please contact Prof. Peter Campbell (<a href=\"mailto:pcampbel@ramapo.edu\">pcampbel@ramapo.edu<\/a>).<\/p>\n<p>SPANISH CONVERSATION HOUR<br \/>\n12:00 P.M. &#8211; 1:00P.M. | B-226<br \/>\nJoin a fun time at spanish conversation hour. Pass by for some casual spanish conversations, all spanish proficiency levels welcomed!<\/p>\n<p>FILM &#8211; \u201cStrawberry and Chocolate\u201d (1993)<br \/>\n4:00 p.m. | ASB-136<br \/>\nDirectors: Tom\u00e1s Guti\u00e9rrez Alea and Juan Carlos Tab\u00edo \/ Scriptwriter: Senel Paz<br \/>\n<i>A classic in Cuban cinema, \u201cFresa y chocolate\u201d was directed by two of Cuba\u2019s most beloved filmmakers. \u00a0Summary: With the help of two new friends, a young man learns everything there is to know about things not taught in school. He learns about the passion for life from Diego, a gay writer, while Nancy teaches him about love.<\/i><\/p>\n<p>FILM &#8211; &#8220;Mambo Kings&#8221; (1992)<br \/>\n6:30 p.m. | A-107<br \/>\n<em>Musician brothers Cesar and Nestor leave Cuba for America in the 1950s, hoping to hit the top of the Latin music scene. Cesar is the older brother, the business manager, and the ladies&#8217; man. Nestor is the brooding songwriter, who cannot forget the woman in Cuba who broke his heart.<\/em><\/p>\n<h4>THURSDAY, 01 MARCH<\/h4>\n<p>FOUNDATIONS OF SPANISH I (OPEN CLASS)<br \/>\n2:15 P.M. &#8211; 3:55 P.M. | A-105<br \/>\nTry out a Spanish class for free, with Professor Iraida Lopez. Have fun, and learn a little Spanish!<\/p>\n<p>HGS ALUMNI AND STUDENT NETWORKING ROUND TABLE<br \/>\n6:40 P.M. &#8211; 9:00 P.M. | Alumni Lounges<\/p>\n<h4>FRIDAY, 02 MARCH<\/h4>\n<p>8TH ANNUAL MEETING OF THE 19TH CENTURY HISPANISTAS NETWORK<br \/>\n10:30 A.M. &#8211; 5:30 P.M | PAVILION #1<br \/>\nConference Website: <a href=\"https:\/\/www.ramapo.edu\/international\/hispanistasxix\/\">https:\/\/www.ramapo.edu\/international\/hispanistasxix\/<\/a><\/p>\n<p>SPANISH GAME TIME &#8211; &#8216;<em>DE DONDE ERES<\/em>&#8216;<br \/>\n12:00 P.M. &#8211; 1:00 P.M | B-218<br \/>\nLearn different cultures and countries students are from.<\/p>\n<p>ADVANCED SPANISH COMMUNICATION (OPEN CLASS)<br \/>\n1:45 P.M. &#8211; 3:25 P.M. | BERRIE CENTER GALLERY<br \/>\n<span style=\"font-weight: 400\">Come and converse with students of Spanish as they discuss the works of art in the Gallery in Spanish.<\/span><\/p>\n<h4>SATURDAY, 03 MARCH<\/h4>\n<p>8TH ANNUAL MEETING OF THE 19TH CENTURY HISPANISTAS NETWORK<br \/>\n10:30 A.M. &#8211; 1:30 P.M | PAVILION #1<br \/>\nConference Website: <a href=\"https:\/\/www.ramapo.edu\/international\/hispanistasxix\/\">https:\/\/www.ramapo.edu\/international\/hispanistasxix\/<\/a><\/p>\n<hr \/>\n<p style=\"text-align: center\">For more details please contact the Roukema center at <a href=\"mailto:international@ramapo.edu\">international@ramapo.edu<\/a><\/p>\n<p style=\"text-align: center\">Spanish Language week is co-sponsored by the Salemeno School of Humanities and Global Studies, the Spanish Club,\u00a0<span style=\"font-weight: 400\">Sigma Delta Pi (the Hispanic Honor Society)<\/span> and the Roukema Center for International Education, as part of <a href=\"https:\/\/www.ramapo.edu\/international\/year-of-europe\/\">Ramapo College\u2019s Year of Europe (2017-2018)<\/a>.<\/p>\n<p><img loading=\"lazy\" decoding=\"async\" class=\"aligncenter wp-image-3005 size-large\" src=\"https:\/\/www.ramapo.edu\/international\/wp-content\/uploads\/sites\/235\/2017\/04\/Year-of-Europe_Banner-1024x256.jpg\" alt=\"\" width=\"1024\" height=\"256\" srcset=\"https:\/\/www.ramapo.edu\/international\/wp-content\/uploads\/sites\/235\/2017\/04\/Year-of-Europe_Banner-1024x256.jpg 1024w, https:\/\/www.ramapo.edu\/international\/wp-content\/uploads\/sites\/235\/2017\/04\/Year-of-Europe_Banner-300x75.jpg 300w, https:\/\/www.ramapo.edu\/international\/wp-content\/uploads\/sites\/235\/2017\/04\/Year-of-Europe_Banner-768x192.jpg 768w, https:\/\/www.ramapo.edu\/international\/wp-content\/uploads\/sites\/235\/2017\/04\/Year-of-Europe_Banner.jpg 1067w\" sizes=\"auto, (max-width: 1024px) 100vw, 1024px\" \/><\/p>\n","protected":false},"excerpt":{"rendered":"<p>Spanish Language Week (26 February &#8211; 03 March 2018) MONDAY, 26 FEBRUARY FOUNDATIONS OF SPANISH I (OPEN CLASS) 8:00 A.M. &#8211; 9:40A.M. | A-100 Try out a Spanish class for free, with Professor Natalia Santamaria-Laorden. Have fun, and learn a little Spanish! FOUNDATIONS OF SPANISH I (OPEN CLASS) 11:20 A.M. &#8211; 1:00 P.M. | E-214 [&hellip;]<\/p>\n","protected":false},"author":1,"featured_media":0,"parent":0,"menu_order":0,"comment_status":"closed","ping_status":"closed","template":"","meta":{"footnotes":""},"class_list":["post-4998","page","type-page","status-publish","hentry"],"yoast_head":"<!-- This site is optimized with the Yoast SEO Premium plugin v21.5 (Yoast SEO v27.1.1) - https:\/\/yoast.com\/product\/yoast-seo-premium-wordpress\/ -->\n<title>Spanish Language Week - Ramapo International<\/title>\n<meta name=\"robots\" content=\"index, follow, max-snippet:-1, max-image-preview:large, max-video-preview:-1\" \/>\n<link rel=\"canonical\" href=\"https:\/\/www.ramapo.edu\/international\/spanish-language-week\/\" \/>\n<meta property=\"og:locale\" content=\"en_US\" \/>\n<meta property=\"og:type\" content=\"article\" \/>\n<meta property=\"og:title\" content=\"Spanish Language Week\" \/>\n<meta property=\"og:description\" content=\"Spanish Language Week (26 February &#8211; 03 March 2018) MONDAY, 26 FEBRUARY FOUNDATIONS OF SPANISH I (OPEN CLASS) 8:00 A.M. &#8211; 9:40A.M. | A-100 Try out a Spanish class for free, with Professor Natalia Santamaria-Laorden. Have fun, and learn a little Spanish! FOUNDATIONS OF SPANISH I (OPEN CLASS) 11:20 A.M. &#8211; 1:00 P.M. | E-214 [&hellip;]\" \/>\n<meta property=\"og:url\" content=\"https:\/\/www.ramapo.edu\/international\/spanish-language-week\/\" \/>\n<meta property=\"og:site_name\" content=\"Ramapo International\" \/>\n<meta property=\"article:modified_time\" content=\"2018-02-23T17:20:38+00:00\" \/>\n<meta property=\"og:image\" content=\"https:\/\/www.ramapo.edu\/international\/wp-content\/uploads\/sites\/235\/2017\/04\/Year-of-Europe_Banner-1024x256.jpg\" \/>\n<meta name=\"twitter:card\" content=\"summary_large_image\" \/>\n<meta name=\"twitter:label1\" content=\"Est. reading time\" \/>\n\t<meta name=\"twitter:data1\" content=\"3 minutes\" \/>\n<script type=\"application\/ld+json\" class=\"yoast-schema-graph\">{\"@context\":\"https:\/\/schema.org\",\"@graph\":[{\"@type\":\"WebPage\",\"@id\":\"https:\/\/www.ramapo.edu\/international\/spanish-language-week\/\",\"url\":\"https:\/\/www.ramapo.edu\/international\/spanish-language-week\/\",\"name\":\"Spanish Language Week - Ramapo International\",\"isPartOf\":{\"@id\":\"https:\/\/www.ramapo.edu\/international\/#website\"},\"primaryImageOfPage\":{\"@id\":\"https:\/\/www.ramapo.edu\/international\/spanish-language-week\/#primaryimage\"},\"image\":{\"@id\":\"https:\/\/www.ramapo.edu\/international\/spanish-language-week\/#primaryimage\"},\"thumbnailUrl\":\"https:\/\/www.ramapo.edu\/international\/wp-content\/uploads\/sites\/235\/2017\/04\/Year-of-Europe_Banner-1024x256.jpg\",\"datePublished\":\"2018-02-12T23:45:32+00:00\",\"dateModified\":\"2018-02-23T17:20:38+00:00\",\"breadcrumb\":{\"@id\":\"https:\/\/www.ramapo.edu\/international\/spanish-language-week\/#breadcrumb\"},\"inLanguage\":\"en-US\",\"potentialAction\":[{\"@type\":\"ReadAction\",\"target\":[\"https:\/\/www.ramapo.edu\/international\/spanish-language-week\/\"]}]},{\"@type\":\"ImageObject\",\"inLanguage\":\"en-US\",\"@id\":\"https:\/\/www.ramapo.edu\/international\/spanish-language-week\/#primaryimage\",\"url\":\"https:\/\/www.ramapo.edu\/international\/wp-content\/uploads\/sites\/235\/2017\/04\/Year-of-Europe_Banner.jpg\",\"contentUrl\":\"https:\/\/www.ramapo.edu\/international\/wp-content\/uploads\/sites\/235\/2017\/04\/Year-of-Europe_Banner.jpg\",\"width\":1067,\"height\":267},{\"@type\":\"BreadcrumbList\",\"@id\":\"https:\/\/www.ramapo.edu\/international\/spanish-language-week\/#breadcrumb\",\"itemListElement\":[{\"@type\":\"ListItem\",\"position\":1,\"name\":\"Ramapo College of New Jersey Home Page \u00bb Academics \u00bb Ramapo International \u00bb\",\"item\":\"https:\/\/www.ramapo.edu\/international\/\"},{\"@type\":\"ListItem\",\"position\":2,\"name\":\"Spanish Language Week\"}]},{\"@type\":\"WebSite\",\"@id\":\"https:\/\/www.ramapo.edu\/international\/#website\",\"url\":\"https:\/\/www.ramapo.edu\/international\/\",\"name\":\"Ramapo International\",\"description\":\"Just another Ramapo College of New Jersey Sites site\",\"potentialAction\":[{\"@type\":\"SearchAction\",\"target\":{\"@type\":\"EntryPoint\",\"urlTemplate\":\"https:\/\/www.ramapo.edu\/international\/?s={search_term_string}\"},\"query-input\":{\"@type\":\"PropertyValueSpecification\",\"valueRequired\":true,\"valueName\":\"search_term_string\"}}],\"inLanguage\":\"en-US\"}]}<\/script>\n<!-- \/ Yoast SEO Premium plugin. -->","yoast_head_json":{"title":"Spanish Language Week - Ramapo International","robots":{"index":"index","follow":"follow","max-snippet":"max-snippet:-1","max-image-preview":"max-image-preview:large","max-video-preview":"max-video-preview:-1"},"canonical":"https:\/\/www.ramapo.edu\/international\/spanish-language-week\/","og_locale":"en_US","og_type":"article","og_title":"Spanish Language Week","og_description":"Spanish Language Week (26 February &#8211; 03 March 2018) MONDAY, 26 FEBRUARY FOUNDATIONS OF SPANISH I (OPEN CLASS) 8:00 A.M. &#8211; 9:40A.M. | A-100 Try out a Spanish class for free, with Professor Natalia Santamaria-Laorden. Have fun, and learn a little Spanish! FOUNDATIONS OF SPANISH I (OPEN CLASS) 11:20 A.M. &#8211; 1:00 P.M. | E-214 [&hellip;]","og_url":"https:\/\/www.ramapo.edu\/international\/spanish-language-week\/","og_site_name":"Ramapo International","article_modified_time":"2018-02-23T17:20:38+00:00","og_image":[{"url":"https:\/\/www.ramapo.edu\/international\/wp-content\/uploads\/sites\/235\/2017\/04\/Year-of-Europe_Banner-1024x256.jpg","type":"","width":"","height":""}],"twitter_card":"summary_large_image","twitter_misc":{"Est. reading time":"3 minutes"},"schema":{"@context":"https:\/\/schema.org","@graph":[{"@type":"WebPage","@id":"https:\/\/www.ramapo.edu\/international\/spanish-language-week\/","url":"https:\/\/www.ramapo.edu\/international\/spanish-language-week\/","name":"Spanish Language Week - Ramapo International","isPartOf":{"@id":"https:\/\/www.ramapo.edu\/international\/#website"},"primaryImageOfPage":{"@id":"https:\/\/www.ramapo.edu\/international\/spanish-language-week\/#primaryimage"},"image":{"@id":"https:\/\/www.ramapo.edu\/international\/spanish-language-week\/#primaryimage"},"thumbnailUrl":"https:\/\/www.ramapo.edu\/international\/wp-content\/uploads\/sites\/235\/2017\/04\/Year-of-Europe_Banner-1024x256.jpg","datePublished":"2018-02-12T23:45:32+00:00","dateModified":"2018-02-23T17:20:38+00:00","breadcrumb":{"@id":"https:\/\/www.ramapo.edu\/international\/spanish-language-week\/#breadcrumb"},"inLanguage":"en-US","potentialAction":[{"@type":"ReadAction","target":["https:\/\/www.ramapo.edu\/international\/spanish-language-week\/"]}]},{"@type":"ImageObject","inLanguage":"en-US","@id":"https:\/\/www.ramapo.edu\/international\/spanish-language-week\/#primaryimage","url":"https:\/\/www.ramapo.edu\/international\/wp-content\/uploads\/sites\/235\/2017\/04\/Year-of-Europe_Banner.jpg","contentUrl":"https:\/\/www.ramapo.edu\/international\/wp-content\/uploads\/sites\/235\/2017\/04\/Year-of-Europe_Banner.jpg","width":1067,"height":267},{"@type":"BreadcrumbList","@id":"https:\/\/www.ramapo.edu\/international\/spanish-language-week\/#breadcrumb","itemListElement":[{"@type":"ListItem","position":1,"name":"Ramapo College of New Jersey Home Page \u00bb Academics \u00bb Ramapo International \u00bb","item":"https:\/\/www.ramapo.edu\/international\/"},{"@type":"ListItem","position":2,"name":"Spanish Language Week"}]},{"@type":"WebSite","@id":"https:\/\/www.ramapo.edu\/international\/#website","url":"https:\/\/www.ramapo.edu\/international\/","name":"Ramapo International","description":"Just another Ramapo College of New Jersey Sites site","potentialAction":[{"@type":"SearchAction","target":{"@type":"EntryPoint","urlTemplate":"https:\/\/www.ramapo.edu\/international\/?s={search_term_string}"},"query-input":{"@type":"PropertyValueSpecification","valueRequired":true,"valueName":"search_term_string"}}],"inLanguage":"en-US"}]}},"_links":{"self":[{"href":"https:\/\/www.ramapo.edu\/international\/wp-json\/wp\/v2\/pages\/4998","targetHints":{"allow":["GET"]}}],"collection":[{"href":"https:\/\/www.ramapo.edu\/international\/wp-json\/wp\/v2\/pages"}],"about":[{"href":"https:\/\/www.ramapo.edu\/international\/wp-json\/wp\/v2\/types\/page"}],"author":[{"embeddable":true,"href":"https:\/\/www.ramapo.edu\/international\/wp-json\/wp\/v2\/users\/1"}],"replies":[{"embeddable":true,"href":"https:\/\/www.ramapo.edu\/international\/wp-json\/wp\/v2\/comments?post=4998"}],"version-history":[{"count":20,"href":"https:\/\/www.ramapo.edu\/international\/wp-json\/wp\/v2\/pages\/4998\/revisions"}],"predecessor-version":[{"id":5044,"href":"https:\/\/www.ramapo.edu\/international\/wp-json\/wp\/v2\/pages\/4998\/revisions\/5044"}],"wp:attachment":[{"href":"https:\/\/www.ramapo.edu\/international\/wp-json\/wp\/v2\/media?parent=4998"}],"curies":[{"name":"wp","href":"https:\/\/api.w.org\/{rel}","templated":true}]}}