{"id":3544,"date":"2024-01-29T14:05:00","date_gmt":"2024-01-29T19:05:00","guid":{"rendered":"https:\/\/www.ramapo.edu\/holocaust\/?page_id=3544"},"modified":"2024-05-02T08:20:04","modified_gmt":"2024-05-02T12:20:04","slug":"new-technologies-antisemitism-and-holocaust-education","status":"publish","type":"page","link":"https:\/\/www.ramapo.edu\/holocaust\/new-technologies-antisemitism-and-holocaust-education\/","title":{"rendered":"New Technologies, Antisemitism, and Holocaust Education"},"content":{"rendered":"<h4 style=\"text-align: center\"><strong><span style=\"color: #000000\"><span style=\"color: #993300\">&#8220;New Technologies, Antisemitism, and Holocaust Education&#8221;<\/span><br \/>\n<\/span><\/strong><\/h4>\n<p style=\"text-align: center\"><strong>A five-part seminar series via Zoom<\/strong><\/p>\n<p style=\"text-align: center\">Artificial intelligence and other digital technologies promise to revolutionize our world. As we look forward to new possibilities, we remain mindful of potential dangers.<\/p>\n<p style=\"text-align: center\">Looking beyond social media, we speak with industry leaders and scholars on the promises, opportunities, and challenges of new technologies to mitigate antisemitism and teach about the Holocaust. We also consider how these same technologies can be used in ways that are harmful to Jewish and other minority communities, and to the field of education.<\/p>\n<p style=\"text-align: center\"><em>All events will be held on Zoom.<\/em><br \/>\n<em>Register in advance for free!<\/em><\/p>\n<hr \/>\n<p><strong><span style=\"color: #993300\">Luc Bernard: Gaming and the Holocaust<\/span><br \/>\nMonday, February 12 at 7:00 pm via Zoom<\/strong><strong><br \/>\n<\/strong><\/p>\n<p><a href=\"https:\/\/us02web.zoom.us\/webinar\/register\/WN_6pgOBHrmQ0mWuj8XksGeRQ\" target=\"_blank\" rel=\"noopener\">Click to Register in Advance<\/a><\/p>\n<p>Luc Bernard designs popular video games. His most recent creation is\u00a0<a href=\"https:\/\/store.epicgames.com\/en-US\/p\/the-light-in-the-darkness-6ee5e4\" target=\"_blank\" rel=\"noopener\"><em>A Light in the Darkness<\/em><\/a>, which is available for free through Epic Games. The game tells the story of a working-class family of Polish Jews in France during the Holocaust, and is considered the first video game to portray the Holocaust accurately.\u00a0<em>A Light in the Darkness<\/em> promotes empathy a path to historical understanding and has been played throughout the world. Bernard has also built a model Holocaust museum,\u00a0<a href=\"https:\/\/www.fortnite.com\/@v-o-t-f\/1511-8598-6202?lang=en-US\" target=\"_blank\" rel=\"noopener\"><em>Voices of the Forgotten<\/em><\/a>, in the virtual universe of the popular Fortnite platform. Since then, he has been sought after to help prominent Holocaust museum expand their reach by moving into digital space.<\/p>\n<p><a href=\"https:\/\/www.ramapo.edu\/holocaust\/wp-content\/uploads\/sites\/31\/2024\/02\/Gaming-and-the-Holocaust-Slide.jpg\"><img loading=\"lazy\" decoding=\"async\" class=\"wp-image-3556 aligncenter\" src=\"https:\/\/www.ramapo.edu\/holocaust\/wp-content\/uploads\/sites\/31\/2024\/02\/Gaming-and-the-Holocaust-Slide-300x169.jpg\" alt=\"\" width=\"395\" height=\"223\" srcset=\"https:\/\/www.ramapo.edu\/holocaust\/wp-content\/uploads\/sites\/31\/2024\/02\/Gaming-and-the-Holocaust-Slide-300x169.jpg 300w, https:\/\/www.ramapo.edu\/holocaust\/wp-content\/uploads\/sites\/31\/2024\/02\/Gaming-and-the-Holocaust-Slide-1024x576.jpg 1024w, https:\/\/www.ramapo.edu\/holocaust\/wp-content\/uploads\/sites\/31\/2024\/02\/Gaming-and-the-Holocaust-Slide-768x432.jpg 768w, https:\/\/www.ramapo.edu\/holocaust\/wp-content\/uploads\/sites\/31\/2024\/02\/Gaming-and-the-Holocaust-Slide.jpg 1280w\" sizes=\"auto, (max-width: 395px) 100vw, 395px\" \/><\/a><\/p>\n<hr \/>\n<p><strong><span style=\"color: #993300\">Edwin Black, Artificial Intelligence (AI) and Antisemitism<\/span><br \/>\nWednesday, March 6 at 7:00 pm via Zoom<br \/>\n<\/strong><\/p>\n<p><a href=\"https:\/\/us02web.zoom.us\/webinar\/register\/WN_HvXFUg3IT9i7ng9QrhQNeQ\" target=\"_blank\" rel=\"noopener\">Click to Register in Advance<\/a><\/p>\n<p>Artificial Intelligence holds many untold promises for humanity. This lack of certainty has the potential both to excite and terrify. Edwin Black, noted historian and public speaker, will lead us in a discussion of AI\u2019s potential to affect the spread and mitigation of antisemitism.<\/p>\n<p><a href=\"https:\/\/www.ramapo.edu\/holocaust\/wp-content\/uploads\/sites\/31\/2024\/03\/Slide1.jpeg\"><img loading=\"lazy\" decoding=\"async\" class=\"wp-image-3594 aligncenter\" src=\"https:\/\/www.ramapo.edu\/holocaust\/wp-content\/uploads\/sites\/31\/2024\/03\/Slide1-300x169.jpeg\" alt=\"\" width=\"404\" height=\"228\" srcset=\"https:\/\/www.ramapo.edu\/holocaust\/wp-content\/uploads\/sites\/31\/2024\/03\/Slide1-300x169.jpeg 300w, https:\/\/www.ramapo.edu\/holocaust\/wp-content\/uploads\/sites\/31\/2024\/03\/Slide1.jpeg 720w\" sizes=\"auto, (max-width: 404px) 100vw, 404px\" \/><\/a><\/p>\n<hr \/>\n<p><strong><span style=\"color: #993300\">Countering AI Antisemitism in Theory and Practice<\/span><br \/>\nSunday, March 10 at 11:00 am via Zoom<br \/>\n<\/strong><\/p>\n<p><a href=\"https:\/\/us02web.zoom.us\/webinar\/register\/WN_PERI_JflSmKIaUiLYycUtQ\" target=\"_blank\" rel=\"noopener\">Click to Register in Advance<\/a><\/p>\n<p>As a follow up to our discussion with Edwin Black, we will host Dr. Ildik\u00f3 Barna (E\u00f6tv\u00f6s Lor\u00e1nd University, Budapest) and Tal-Or Cohen Montemayor (CEO of <a href=\"https:\/\/cyberwell.org\/\">Cyberwell<\/a>, Israel) for a discussion of how to identify and combat antisemitism in a world increasingly influenced by Artificial Intelligence.<\/p>\n<p><a href=\"https:\/\/www.ramapo.edu\/holocaust\/wp-content\/uploads\/sites\/31\/2024\/03\/Slide2.jpeg\"><img loading=\"lazy\" decoding=\"async\" class=\"aligncenter wp-image-3595\" src=\"https:\/\/www.ramapo.edu\/holocaust\/wp-content\/uploads\/sites\/31\/2024\/03\/Slide2-300x169.jpeg\" alt=\"\" width=\"406\" height=\"229\" srcset=\"https:\/\/www.ramapo.edu\/holocaust\/wp-content\/uploads\/sites\/31\/2024\/03\/Slide2-300x169.jpeg 300w, https:\/\/www.ramapo.edu\/holocaust\/wp-content\/uploads\/sites\/31\/2024\/03\/Slide2.jpeg 720w\" sizes=\"auto, (max-width: 406px) 100vw, 406px\" \/><\/a><\/p>\n<hr \/>\n<p><strong><span style=\"color: #993300\">Accenture: Artificial Intelligence as a Tool for Holocaust Research<\/span><br \/>\nTuesday, April 9 at 7:00 via Zoom<\/strong><\/p>\n<p><a href=\"https:\/\/us02web.zoom.us\/webinar\/register\/WN_qE2r61OdQSOohD4AgzZbHg\" target=\"_blank\" rel=\"noopener\">Click Here to Register in Advance<\/a><\/p>\n<p>The Arolsen Archives preserve the world\u2019s largest collection of documents on Nazi persecution \u2014 110 million documents and digital objects, a portion of which are part of UNESCO\u2019s Memory of the World program \u2014 to keep the memory of the crimes of the German terror regime alive. An essential part of the Archives\u2019 work is to make these documents accessible to all who wish to search for traces of Holocaust victims and survivors, persecution of minorities and forced labor. Every document maintained in the archives needs to be reviewed and its information (e.g., the family name and birth date on a prisoner registration form) put into a database.<\/p>\n<p>To facilitate this process, the Arolsen Archives established \u201c#everynamecounts,\u201d a crowdsourcing project for volunteers to extract information from documents manually. Ian Lever, an Accenture volunteer and a member of the company\u2019s Jewish Employee Resource Group, quickly realized that AI could accelerate this process significantly. Within 10 weeks, he and other Accenture volunteers set up an AI solution to index the documents. Because the AI captures the information faster and increases its accuracy, four volunteers can now validate approximately 160 documents in one hour, a 40-fold increase in productivity.<\/p>\n<p><a href=\"https:\/\/www.ramapo.edu\/holocaust\/wp-content\/uploads\/sites\/31\/2024\/03\/Slide3.jpeg\"><img loading=\"lazy\" decoding=\"async\" class=\"aligncenter wp-image-3596\" src=\"https:\/\/www.ramapo.edu\/holocaust\/wp-content\/uploads\/sites\/31\/2024\/03\/Slide3-300x169.jpeg\" alt=\"\" width=\"397\" height=\"224\" srcset=\"https:\/\/www.ramapo.edu\/holocaust\/wp-content\/uploads\/sites\/31\/2024\/03\/Slide3-300x169.jpeg 300w, https:\/\/www.ramapo.edu\/holocaust\/wp-content\/uploads\/sites\/31\/2024\/03\/Slide3.jpeg 720w\" sizes=\"auto, (max-width: 397px) 100vw, 397px\" \/><\/a><\/p>\n<hr \/>\n<p><strong><span style=\"color: #993300\">Waitman Wade Beorn: Virtually Modeling the Janowska Concentration Camp<\/span><br \/>\nTuesday, May 7 at 7:00 pm via Zoom<\/strong><\/p>\n<p><a href=\"https:\/\/us02web.zoom.us\/webinar\/register\/WN_6bc-fo5RRsqp6rUy8mLi2w\" target=\"_blank\" rel=\"noopener\">Click to Register in Advance<\/a><\/p>\n<p>The Nazis established the\u00a0<a href=\"https:\/\/encyclopedia.ushmm.org\/content\/en\/article\/janowska\" target=\"_blank\" rel=\"noopener\">Janowska Concentration Camp<\/a>\u00a0on the outskirts of occupied Lviv (currently in Ukraine, also called Lvov and Lemberk). They enslaved and murdered no fewer than 80,000 Jews on that site. Like other camps, much of the former site remains inaccessible or was destroyed by the Nazis during the war to cover their crimes. Dr. Waitman Wade Beorn, an historian of the Second World War, has endeavored to create a\u00a0<a href=\"https:\/\/waitmanbeorn.wixsite.com\/holocaustvisualized\/janowska-3d-mapping-project\" target=\"_blank\" rel=\"noopener\">virtual model of the camp<\/a>\u00a0for research and teaching, based upon archival and photographic evidence, as well as survivor testimonies.<\/p>\n<p><a href=\"https:\/\/www.ramapo.edu\/holocaust\/wp-content\/uploads\/sites\/31\/2024\/03\/Slide4.jpeg\"><img loading=\"lazy\" decoding=\"async\" class=\"aligncenter wp-image-3597\" src=\"https:\/\/www.ramapo.edu\/holocaust\/wp-content\/uploads\/sites\/31\/2024\/03\/Slide4-300x169.jpeg\" alt=\"\" width=\"396\" height=\"223\" srcset=\"https:\/\/www.ramapo.edu\/holocaust\/wp-content\/uploads\/sites\/31\/2024\/03\/Slide4-300x169.jpeg 300w, https:\/\/www.ramapo.edu\/holocaust\/wp-content\/uploads\/sites\/31\/2024\/03\/Slide4.jpeg 720w\" sizes=\"auto, (max-width: 396px) 100vw, 396px\" \/><\/a><\/p>\n","protected":false},"excerpt":{"rendered":"<p>&#8220;New Technologies, Antisemitism, and Holocaust Education&#8221; A five-part seminar series via Zoom Artificial intelligence and other digital technologies promise to revolutionize our world. As we look forward to new possibilities, [&hellip;]<\/p>\n","protected":false},"author":938,"featured_media":0,"parent":0,"menu_order":0,"comment_status":"closed","ping_status":"closed","template":"","meta":{"footnotes":""},"class_list":["post-3544","page","type-page","status-publish","hentry"],"yoast_head":"<!-- This site is optimized with the Yoast SEO Premium plugin v21.5 (Yoast SEO v27.1.1) - https:\/\/yoast.com\/product\/yoast-seo-premium-wordpress\/ -->\n<title>New Technologies, Antisemitism, and Holocaust Education - Center for Holocaust and Genocide Studies (CHGS) || Ramapo College of New Jersey<\/title>\n<meta name=\"robots\" content=\"index, follow, max-snippet:-1, max-image-preview:large, max-video-preview:-1\" \/>\n<link rel=\"canonical\" href=\"https:\/\/www.ramapo.edu\/holocaust\/new-technologies-antisemitism-and-holocaust-education\/\" \/>\n<meta property=\"og:locale\" content=\"en_US\" \/>\n<meta property=\"og:type\" content=\"article\" \/>\n<meta property=\"og:title\" content=\"New Technologies, Antisemitism, and Holocaust Education\" \/>\n<meta property=\"og:description\" content=\"&#8220;New Technologies, Antisemitism, and Holocaust Education&#8221; A five-part seminar series via Zoom Artificial intelligence and other digital technologies promise to revolutionize our world. As we look forward to new possibilities, [&hellip;]\" \/>\n<meta property=\"og:url\" content=\"https:\/\/www.ramapo.edu\/holocaust\/new-technologies-antisemitism-and-holocaust-education\/\" \/>\n<meta property=\"og:site_name\" content=\"Center for Holocaust and Genocide Studies (CHGS)\" \/>\n<meta property=\"article:publisher\" content=\"https:\/\/www.facebook.com\/RamapoCollege\" \/>\n<meta property=\"article:modified_time\" content=\"2024-05-02T12:20:04+00:00\" \/>\n<meta property=\"og:image\" content=\"https:\/\/www.ramapo.edu\/holocaust\/wp-content\/uploads\/sites\/31\/2024\/02\/Gaming-and-the-Holocaust-Slide-300x169.jpg\" \/>\n<meta name=\"twitter:card\" content=\"summary_large_image\" \/>\n<meta name=\"twitter:site\" content=\"@ramapocollegenj\" \/>\n<meta name=\"twitter:label1\" content=\"Est. reading time\" \/>\n\t<meta name=\"twitter:data1\" content=\"5 minutes\" \/>\n<script type=\"application\/ld+json\" class=\"yoast-schema-graph\">{\"@context\":\"https:\/\/schema.org\",\"@graph\":[{\"@type\":\"WebPage\",\"@id\":\"https:\/\/www.ramapo.edu\/holocaust\/new-technologies-antisemitism-and-holocaust-education\/\",\"url\":\"https:\/\/www.ramapo.edu\/holocaust\/new-technologies-antisemitism-and-holocaust-education\/\",\"name\":\"New Technologies, Antisemitism, and Holocaust Education - Center for Holocaust and Genocide Studies (CHGS) || Ramapo College of New Jersey\",\"isPartOf\":{\"@id\":\"https:\/\/www.ramapo.edu\/holocaust\/#website\"},\"primaryImageOfPage\":{\"@id\":\"https:\/\/www.ramapo.edu\/holocaust\/new-technologies-antisemitism-and-holocaust-education\/#primaryimage\"},\"image\":{\"@id\":\"https:\/\/www.ramapo.edu\/holocaust\/new-technologies-antisemitism-and-holocaust-education\/#primaryimage\"},\"thumbnailUrl\":\"https:\/\/www.ramapo.edu\/holocaust\/wp-content\/uploads\/sites\/31\/2024\/02\/Gaming-and-the-Holocaust-Slide-300x169.jpg\",\"datePublished\":\"2024-01-29T19:05:00+00:00\",\"dateModified\":\"2024-05-02T12:20:04+00:00\",\"breadcrumb\":{\"@id\":\"https:\/\/www.ramapo.edu\/holocaust\/new-technologies-antisemitism-and-holocaust-education\/#breadcrumb\"},\"inLanguage\":\"en-US\",\"potentialAction\":[{\"@type\":\"ReadAction\",\"target\":[\"https:\/\/www.ramapo.edu\/holocaust\/new-technologies-antisemitism-and-holocaust-education\/\"]}]},{\"@type\":\"ImageObject\",\"inLanguage\":\"en-US\",\"@id\":\"https:\/\/www.ramapo.edu\/holocaust\/new-technologies-antisemitism-and-holocaust-education\/#primaryimage\",\"url\":\"https:\/\/www.ramapo.edu\/holocaust\/wp-content\/uploads\/sites\/31\/2024\/02\/Gaming-and-the-Holocaust-Slide.jpg\",\"contentUrl\":\"https:\/\/www.ramapo.edu\/holocaust\/wp-content\/uploads\/sites\/31\/2024\/02\/Gaming-and-the-Holocaust-Slide.jpg\",\"width\":1280,\"height\":720},{\"@type\":\"BreadcrumbList\",\"@id\":\"https:\/\/www.ramapo.edu\/holocaust\/new-technologies-antisemitism-and-holocaust-education\/#breadcrumb\",\"itemListElement\":[{\"@type\":\"ListItem\",\"position\":1,\"name\":\"Ramapo College of New Jersey Home Page \u00bb HGS \u00bb Center for Holocaust and Genocide Studies (CHGS)\",\"item\":\"https:\/\/www.ramapo.edu\/holocaust\/\"},{\"@type\":\"ListItem\",\"position\":2,\"name\":\"New Technologies, Antisemitism, and Holocaust Education\"}]},{\"@type\":\"WebSite\",\"@id\":\"https:\/\/www.ramapo.edu\/holocaust\/#website\",\"url\":\"https:\/\/www.ramapo.edu\/holocaust\/\",\"name\":\"Center for Holocaust and Genocide Studies (CHGS)\",\"description\":\"Just another Ramapo College of New Jersey Sites site\",\"potentialAction\":[{\"@type\":\"SearchAction\",\"target\":{\"@type\":\"EntryPoint\",\"urlTemplate\":\"https:\/\/www.ramapo.edu\/holocaust\/?s={search_term_string}\"},\"query-input\":{\"@type\":\"PropertyValueSpecification\",\"valueRequired\":true,\"valueName\":\"search_term_string\"}}],\"inLanguage\":\"en-US\"}]}<\/script>\n<!-- \/ Yoast SEO Premium plugin. -->","yoast_head_json":{"title":"New Technologies, Antisemitism, and Holocaust Education - Center for Holocaust and Genocide Studies (CHGS) || Ramapo College of New Jersey","robots":{"index":"index","follow":"follow","max-snippet":"max-snippet:-1","max-image-preview":"max-image-preview:large","max-video-preview":"max-video-preview:-1"},"canonical":"https:\/\/www.ramapo.edu\/holocaust\/new-technologies-antisemitism-and-holocaust-education\/","og_locale":"en_US","og_type":"article","og_title":"New Technologies, Antisemitism, and Holocaust Education","og_description":"&#8220;New Technologies, Antisemitism, and Holocaust Education&#8221; A five-part seminar series via Zoom Artificial intelligence and other digital technologies promise to revolutionize our world. As we look forward to new possibilities, [&hellip;]","og_url":"https:\/\/www.ramapo.edu\/holocaust\/new-technologies-antisemitism-and-holocaust-education\/","og_site_name":"Center for Holocaust and Genocide Studies (CHGS)","article_publisher":"https:\/\/www.facebook.com\/RamapoCollege","article_modified_time":"2024-05-02T12:20:04+00:00","og_image":[{"url":"https:\/\/www.ramapo.edu\/holocaust\/wp-content\/uploads\/sites\/31\/2024\/02\/Gaming-and-the-Holocaust-Slide-300x169.jpg","type":"","width":"","height":""}],"twitter_card":"summary_large_image","twitter_site":"@ramapocollegenj","twitter_misc":{"Est. reading time":"5 minutes"},"schema":{"@context":"https:\/\/schema.org","@graph":[{"@type":"WebPage","@id":"https:\/\/www.ramapo.edu\/holocaust\/new-technologies-antisemitism-and-holocaust-education\/","url":"https:\/\/www.ramapo.edu\/holocaust\/new-technologies-antisemitism-and-holocaust-education\/","name":"New Technologies, Antisemitism, and Holocaust Education - Center for Holocaust and Genocide Studies (CHGS) || Ramapo College of New Jersey","isPartOf":{"@id":"https:\/\/www.ramapo.edu\/holocaust\/#website"},"primaryImageOfPage":{"@id":"https:\/\/www.ramapo.edu\/holocaust\/new-technologies-antisemitism-and-holocaust-education\/#primaryimage"},"image":{"@id":"https:\/\/www.ramapo.edu\/holocaust\/new-technologies-antisemitism-and-holocaust-education\/#primaryimage"},"thumbnailUrl":"https:\/\/www.ramapo.edu\/holocaust\/wp-content\/uploads\/sites\/31\/2024\/02\/Gaming-and-the-Holocaust-Slide-300x169.jpg","datePublished":"2024-01-29T19:05:00+00:00","dateModified":"2024-05-02T12:20:04+00:00","breadcrumb":{"@id":"https:\/\/www.ramapo.edu\/holocaust\/new-technologies-antisemitism-and-holocaust-education\/#breadcrumb"},"inLanguage":"en-US","potentialAction":[{"@type":"ReadAction","target":["https:\/\/www.ramapo.edu\/holocaust\/new-technologies-antisemitism-and-holocaust-education\/"]}]},{"@type":"ImageObject","inLanguage":"en-US","@id":"https:\/\/www.ramapo.edu\/holocaust\/new-technologies-antisemitism-and-holocaust-education\/#primaryimage","url":"https:\/\/www.ramapo.edu\/holocaust\/wp-content\/uploads\/sites\/31\/2024\/02\/Gaming-and-the-Holocaust-Slide.jpg","contentUrl":"https:\/\/www.ramapo.edu\/holocaust\/wp-content\/uploads\/sites\/31\/2024\/02\/Gaming-and-the-Holocaust-Slide.jpg","width":1280,"height":720},{"@type":"BreadcrumbList","@id":"https:\/\/www.ramapo.edu\/holocaust\/new-technologies-antisemitism-and-holocaust-education\/#breadcrumb","itemListElement":[{"@type":"ListItem","position":1,"name":"Ramapo College of New Jersey Home Page \u00bb HGS \u00bb Center for Holocaust and Genocide Studies (CHGS)","item":"https:\/\/www.ramapo.edu\/holocaust\/"},{"@type":"ListItem","position":2,"name":"New Technologies, Antisemitism, and Holocaust Education"}]},{"@type":"WebSite","@id":"https:\/\/www.ramapo.edu\/holocaust\/#website","url":"https:\/\/www.ramapo.edu\/holocaust\/","name":"Center for Holocaust and Genocide Studies (CHGS)","description":"Just another Ramapo College of New Jersey Sites site","potentialAction":[{"@type":"SearchAction","target":{"@type":"EntryPoint","urlTemplate":"https:\/\/www.ramapo.edu\/holocaust\/?s={search_term_string}"},"query-input":{"@type":"PropertyValueSpecification","valueRequired":true,"valueName":"search_term_string"}}],"inLanguage":"en-US"}]}},"_links":{"self":[{"href":"https:\/\/www.ramapo.edu\/holocaust\/wp-json\/wp\/v2\/pages\/3544","targetHints":{"allow":["GET"]}}],"collection":[{"href":"https:\/\/www.ramapo.edu\/holocaust\/wp-json\/wp\/v2\/pages"}],"about":[{"href":"https:\/\/www.ramapo.edu\/holocaust\/wp-json\/wp\/v2\/types\/page"}],"author":[{"embeddable":true,"href":"https:\/\/www.ramapo.edu\/holocaust\/wp-json\/wp\/v2\/users\/938"}],"replies":[{"embeddable":true,"href":"https:\/\/www.ramapo.edu\/holocaust\/wp-json\/wp\/v2\/comments?post=3544"}],"version-history":[{"count":10,"href":"https:\/\/www.ramapo.edu\/holocaust\/wp-json\/wp\/v2\/pages\/3544\/revisions"}],"predecessor-version":[{"id":3813,"href":"https:\/\/www.ramapo.edu\/holocaust\/wp-json\/wp\/v2\/pages\/3544\/revisions\/3813"}],"wp:attachment":[{"href":"https:\/\/www.ramapo.edu\/holocaust\/wp-json\/wp\/v2\/media?parent=3544"}],"curies":[{"name":"wp","href":"https:\/\/api.w.org\/{rel}","templated":true}]}}