{"id":1851,"date":"2025-05-20T11:53:25","date_gmt":"2025-05-20T15:53:25","guid":{"rendered":"https:\/\/www.ramapo.edu\/eof-program\/?page_id=1851"},"modified":"2026-05-01T21:36:52","modified_gmt":"2026-05-02T01:36:52","slug":"programa-de-estudios-de-verano-eof-ramapo-college","status":"publish","type":"page","link":"https:\/\/www.ramapo.edu\/eof-program\/programa-de-estudios-de-verano-eof-ramapo-college\/","title":{"rendered":"Programa de Estudios de Verano EOF \u2013 Ramapo College"},"content":{"rendered":"<p style=\"text-align: right\"><em><a href=\"\/eof-program\/freshman\/\">View page in English<\/a><\/em><\/p>\n<p style=\"text-align: center\"><iframe loading=\"lazy\" src=\"https:\/\/player.vimeo.com\/video\/705390420?h=2276a172e8&amp;dnt=1&amp;app_id=122963\" width=\"500\" height=\"281\" frameborder=\"0\" allow=\"autoplay; fullscreen; picture-in-picture; clipboard-write; encrypted-media; web-share\" referrerpolicy=\"strict-origin-when-cross-origin\"><\/iframe><\/p>\n<h2>Programa de Estudios de Verano EOF 2026<\/h2>\n<p><a href=\"https:\/\/www.ramapo.edu\/eof-program\/wp-content\/uploads\/sites\/20\/2020\/03\/Incoming-Fresh-2019-scaled-e1620317358415.jpg\"><img loading=\"lazy\" decoding=\"async\" class=\"alignright wp-image-1404 size-medium\" src=\"https:\/\/www.ramapo.edu\/eof-program\/wp-content\/uploads\/sites\/20\/2020\/03\/Incoming-Fresh-2019-scaled-e1620317358415-300x258.jpg\" alt=\"A group of students from Ramapo College's EOF Program celebrating outdoors on campus. | Grupo de estudiantes del Programa EOF de Ramapo College celebrando al aire libre en el campus.\" width=\"300\" height=\"258\" srcset=\"https:\/\/www.ramapo.edu\/eof-program\/wp-content\/uploads\/sites\/20\/2020\/03\/Incoming-Fresh-2019-scaled-e1620317358415-300x258.jpg 300w, https:\/\/www.ramapo.edu\/eof-program\/wp-content\/uploads\/sites\/20\/2020\/03\/Incoming-Fresh-2019-scaled-e1620317358415-1024x881.jpg 1024w, https:\/\/www.ramapo.edu\/eof-program\/wp-content\/uploads\/sites\/20\/2020\/03\/Incoming-Fresh-2019-scaled-e1620317358415-768x661.jpg 768w, https:\/\/www.ramapo.edu\/eof-program\/wp-content\/uploads\/sites\/20\/2020\/03\/Incoming-Fresh-2019-scaled-e1620317358415-1536x1321.jpg 1536w, https:\/\/www.ramapo.edu\/eof-program\/wp-content\/uploads\/sites\/20\/2020\/03\/Incoming-Fresh-2019-scaled-e1620317358415.jpg 2009w\" sizes=\"auto, (max-width: 300px) 100vw, 300px\" \/><\/a>El Programa de Estudios de Verano EOF es la base para tu \u00e9xito acad\u00e9mico, personal y profesional en Ramapo College. Este programa puente de cinco semanas es obligatorio para todos nuestros nuevos estudiantes becados del Programa EOF y est\u00e1 dise\u00f1ado para facilitar la transici\u00f3n a la vida universitaria.<\/p>\n<p><strong>Fechas del Programa de Verano EOF:<\/strong><\/p>\n<ul>\n<li>Domingo 5 de julio \u2013 Mi\u00e9rcoles 5 de agosto de 2026.<\/li>\n<\/ul>\n<p>Este a\u00f1o, el programa ser\u00e1 <strong>presencial<\/strong> y requerir\u00e1 que residas en el <strong>campus de Ramapo College<\/strong> durante las fechas indicadas. El Programa de Estudios de Verano EOF <strong>es totalmente gratuito<\/strong> para los participantes: el programa y la universidad cubren el costo de la matr\u00edcula, las tarifas y los libros. Al participar en nuestro Programa de Estudios de Verano EOF, los estudiantes becados del Programa EOF podr\u00e1n:<\/p>\n<ul>\n<li>Obtener cr\u00e9ditos acad\u00e9micos durante las cinco semanas del programa.<\/li>\n<li>Recibir la asignaci\u00f3n de un Asesor EOF, quien te brindar\u00e1 asesoramiento personalizado y ense\u00f1ar\u00e1 tu curso de seminario de verano.<\/li>\n<li>Contar con el apoyo de un Mentor de \u00c9xito Acad\u00e9mico (Peer Success Mentor), quien te acompa\u00f1ar\u00e1 durante tu primer a\u00f1o en Ramapo College.<\/li>\n<li>Tener la oportunidad de repasar y fortalecer tus habilidades en matem\u00e1ticas a trav\u00e9s del programa <a href=\"https:\/\/www.ramapo.edu\/testing\/reclaim-my-math\/\">Reclaim my Math<\/a> (para quienes califiquen).<\/li>\n<li>Participar en talleres semanales y sesiones especiales con ex alumnos y ponentes invitados del campus.<\/li>\n<\/ul>\n<hr \/>\n<h2>\u00a1Felicitaciones Roadrunner!<\/h2>\n<p>\u00a1Felicidades por convertirte en un Roadrunner EOF! Estamos muy emocionados de darte la bienvenida a nuestra familia EOF este verano. Para ayudarnos a prepararnos para tu llegada, por favor completa completa los Pasos para el \u00c9xito a continuaci\u00f3n. Estos elementos, junto con los requisitos de tu Experiencia de Nuevo Estudiante, tambi\u00e9n est\u00e1n disponibles en tu <a href=\"http:\/\/apply.ramapo.edu\/status\">Admissions Portal<\/a>.<\/p>\n<hr \/>\n<h2>Requisitos de Ayuda Financiera<\/h2>\n<p>Si tienes preguntas sobre tu <a href=\"\/finaid\/\">paquete de ayuda financiera<\/a>, por favor contacta a la Sra. Tancy N\u00fa\u00f1ez en la Oficina de Ayuda Financiera: <a href=\"mailto:tnunez@ramapo.edu\">tnunez@ramapo.edu<\/a>. Aseg\u00farate de subir todos los documentos requeridos por la oficina de ayuda financiera antes del 5 de junio.<\/p>\n<p><strong>Nota importante: Nuestros Asesores EOF est\u00e1n disponibles para reuniones en persona y virtuales. Si necesitas ver a tu asesor en persona, contacta directamente con \u00e9l o ella para agendar una cita.<\/strong> Si necesitas contactarnos, llama al n\u00famero de oficina +1 (201) 684-7541 o env\u00eda tus preguntas a <a class=\"editor-rtfLink\" href=\"mailto:EOFdesk@ramapo.edu\" target=\"_blank\" rel=\"noopener noreferrer\"><span data-preserver-spaces=\"true\">EOFdesk@ramapo.edu<\/span><\/a>, y responderemos a tu mensaje en un plazo de un d\u00eda h\u00e1bil. Gracias por tu paciencia.<\/p>\n<p>&nbsp;<\/p>\n<p style=\"text-align: center\"><a class=\"btn\" href=\"https:\/\/www.ramapo.edu\/eof-program\/gallery?col2=open\">Fotos del programa de verano<\/a><\/p>\n","protected":false},"excerpt":{"rendered":"<p>View page in English Programa de Estudios de Verano EOF 2026 El Programa de Estudios de Verano EOF es la base para tu \u00e9xito acad\u00e9mico, personal y profesional en Ramapo College. Este programa puente de cinco semanas es obligatorio para todos nuestros nuevos estudiantes becados del Programa EOF y est\u00e1 dise\u00f1ado para facilitar la transici\u00f3n [&hellip;]<\/p>\n","protected":false},"author":906,"featured_media":0,"parent":0,"menu_order":0,"comment_status":"closed","ping_status":"closed","template":"","meta":{"footnotes":""},"class_list":["post-1851","page","type-page","status-publish","hentry"],"yoast_head":"<!-- This site is optimized with the Yoast SEO Premium plugin v21.5 (Yoast SEO v27.1.1) - https:\/\/yoast.com\/product\/yoast-seo-premium-wordpress\/ -->\n<title>Programa de Estudios de Verano EOF \u2013 Ramapo College - Educational Opportunity Fund Program || Ramapo College of New Jersey<\/title>\n<meta name=\"description\" content=\"Participa en el Programa de Verano Preuniversitario EOF en Ramapo College y comienza tu camino al \u00e9xito acad\u00e9mico universitario.\" \/>\n<meta name=\"robots\" content=\"index, follow, max-snippet:-1, max-image-preview:large, max-video-preview:-1\" \/>\n<link rel=\"canonical\" href=\"https:\/\/www.ramapo.edu\/eof-program\/programa-de-estudios-de-verano-eof-ramapo-college\/\" \/>\n<meta property=\"og:locale\" content=\"en_US\" \/>\n<meta property=\"og:type\" content=\"article\" \/>\n<meta property=\"og:title\" content=\"Programa de Estudios de Verano EOF \u2013 Ramapo College\" \/>\n<meta property=\"og:description\" content=\"Participa en el Programa de Verano Preuniversitario EOF en Ramapo College y comienza tu camino al \u00e9xito acad\u00e9mico universitario.\" \/>\n<meta property=\"og:url\" content=\"https:\/\/www.ramapo.edu\/eof-program\/programa-de-estudios-de-verano-eof-ramapo-college\/\" \/>\n<meta property=\"og:site_name\" content=\"Educational Opportunity Fund Program\" \/>\n<meta property=\"article:publisher\" content=\"https:\/\/www.facebook.com\/RamapoCollege\" \/>\n<meta property=\"article:modified_time\" content=\"2026-05-02T01:36:52+00:00\" \/>\n<meta property=\"og:image\" content=\"https:\/\/www.ramapo.edu\/eof-program\/wp-content\/uploads\/sites\/20\/2020\/03\/Incoming-Fresh-2019-scaled-e1620317358415.jpg\" \/>\n\t<meta property=\"og:image:width\" content=\"2009\" \/>\n\t<meta property=\"og:image:height\" content=\"1728\" \/>\n\t<meta property=\"og:image:type\" content=\"image\/jpeg\" \/>\n<meta name=\"twitter:card\" content=\"summary_large_image\" \/>\n<meta name=\"twitter:site\" content=\"@ramapocollegenj\" \/>\n<meta name=\"twitter:label1\" content=\"Est. reading time\" \/>\n\t<meta name=\"twitter:data1\" content=\"2 minutes\" \/>\n<script type=\"application\/ld+json\" class=\"yoast-schema-graph\">{\"@context\":\"https:\/\/schema.org\",\"@graph\":[{\"@type\":\"WebPage\",\"@id\":\"https:\/\/www.ramapo.edu\/eof-program\/programa-de-estudios-de-verano-eof-ramapo-college\/\",\"url\":\"https:\/\/www.ramapo.edu\/eof-program\/programa-de-estudios-de-verano-eof-ramapo-college\/\",\"name\":\"Programa de Estudios de Verano EOF \u2013 Ramapo College - Educational Opportunity Fund Program || Ramapo College of New Jersey\",\"isPartOf\":{\"@id\":\"https:\/\/www.ramapo.edu\/eof-program\/#website\"},\"primaryImageOfPage\":{\"@id\":\"https:\/\/www.ramapo.edu\/eof-program\/programa-de-estudios-de-verano-eof-ramapo-college\/#primaryimage\"},\"image\":{\"@id\":\"https:\/\/www.ramapo.edu\/eof-program\/programa-de-estudios-de-verano-eof-ramapo-college\/#primaryimage\"},\"thumbnailUrl\":\"https:\/\/www.ramapo.edu\/eof-program\/wp-content\/uploads\/sites\/20\/2020\/03\/Incoming-Fresh-2019-scaled-e1620317358415-300x258.jpg\",\"datePublished\":\"2025-05-20T15:53:25+00:00\",\"dateModified\":\"2026-05-02T01:36:52+00:00\",\"description\":\"Participa en el Programa de Verano Preuniversitario EOF en Ramapo College y comienza tu camino al \u00e9xito acad\u00e9mico universitario.\",\"breadcrumb\":{\"@id\":\"https:\/\/www.ramapo.edu\/eof-program\/programa-de-estudios-de-verano-eof-ramapo-college\/#breadcrumb\"},\"inLanguage\":\"en-US\",\"potentialAction\":[{\"@type\":\"ReadAction\",\"target\":[\"https:\/\/www.ramapo.edu\/eof-program\/programa-de-estudios-de-verano-eof-ramapo-college\/\"]}]},{\"@type\":\"ImageObject\",\"inLanguage\":\"en-US\",\"@id\":\"https:\/\/www.ramapo.edu\/eof-program\/programa-de-estudios-de-verano-eof-ramapo-college\/#primaryimage\",\"url\":\"https:\/\/www.ramapo.edu\/eof-program\/wp-content\/uploads\/sites\/20\/2020\/03\/Incoming-Fresh-2019-scaled-e1620317358415.jpg\",\"contentUrl\":\"https:\/\/www.ramapo.edu\/eof-program\/wp-content\/uploads\/sites\/20\/2020\/03\/Incoming-Fresh-2019-scaled-e1620317358415.jpg\",\"width\":2009,\"height\":1728,\"caption\":\"A group of diverse young people poses and smiles outdoors in a park-like setting, some wearing Harvard shirts. Two individuals hold a First-Gen sign, highlighting their connection through experiences like Ramapo summer courses. Sunlight filters through the trees behind them.\"},{\"@type\":\"BreadcrumbList\",\"@id\":\"https:\/\/www.ramapo.edu\/eof-program\/programa-de-estudios-de-verano-eof-ramapo-college\/#breadcrumb\",\"itemListElement\":[{\"@type\":\"ListItem\",\"position\":1,\"name\":\"Ramapo College of New Jersey Home Page \u00bb Academics \u00bb Educational Opportunity Fund Program\",\"item\":\"https:\/\/www.ramapo.edu\/eof-program\/\"},{\"@type\":\"ListItem\",\"position\":2,\"name\":\"Programa de Estudios de Verano EOF \u2013 Ramapo College\"}]},{\"@type\":\"WebSite\",\"@id\":\"https:\/\/www.ramapo.edu\/eof-program\/#website\",\"url\":\"https:\/\/www.ramapo.edu\/eof-program\/\",\"name\":\"Educational Opportunity Fund Program\",\"description\":\"Just another Ramapo College of New Jersey Sites site\",\"potentialAction\":[{\"@type\":\"SearchAction\",\"target\":{\"@type\":\"EntryPoint\",\"urlTemplate\":\"https:\/\/www.ramapo.edu\/eof-program\/?s={search_term_string}\"},\"query-input\":{\"@type\":\"PropertyValueSpecification\",\"valueRequired\":true,\"valueName\":\"search_term_string\"}}],\"inLanguage\":\"en-US\"}]}<\/script>\n<!-- \/ Yoast SEO Premium plugin. -->","yoast_head_json":{"title":"Programa de Estudios de Verano EOF \u2013 Ramapo College - Educational Opportunity Fund Program || Ramapo College of New Jersey","description":"Participa en el Programa de Verano Preuniversitario EOF en Ramapo College y comienza tu camino al \u00e9xito acad\u00e9mico universitario.","robots":{"index":"index","follow":"follow","max-snippet":"max-snippet:-1","max-image-preview":"max-image-preview:large","max-video-preview":"max-video-preview:-1"},"canonical":"https:\/\/www.ramapo.edu\/eof-program\/programa-de-estudios-de-verano-eof-ramapo-college\/","og_locale":"en_US","og_type":"article","og_title":"Programa de Estudios de Verano EOF \u2013 Ramapo College","og_description":"Participa en el Programa de Verano Preuniversitario EOF en Ramapo College y comienza tu camino al \u00e9xito acad\u00e9mico universitario.","og_url":"https:\/\/www.ramapo.edu\/eof-program\/programa-de-estudios-de-verano-eof-ramapo-college\/","og_site_name":"Educational Opportunity Fund Program","article_publisher":"https:\/\/www.facebook.com\/RamapoCollege","article_modified_time":"2026-05-02T01:36:52+00:00","og_image":[{"width":2009,"height":1728,"url":"https:\/\/www.ramapo.edu\/eof-program\/wp-content\/uploads\/sites\/20\/2020\/03\/Incoming-Fresh-2019-scaled-e1620317358415.jpg","type":"image\/jpeg"}],"twitter_card":"summary_large_image","twitter_site":"@ramapocollegenj","twitter_misc":{"Est. reading time":"2 minutes"},"schema":{"@context":"https:\/\/schema.org","@graph":[{"@type":"WebPage","@id":"https:\/\/www.ramapo.edu\/eof-program\/programa-de-estudios-de-verano-eof-ramapo-college\/","url":"https:\/\/www.ramapo.edu\/eof-program\/programa-de-estudios-de-verano-eof-ramapo-college\/","name":"Programa de Estudios de Verano EOF \u2013 Ramapo College - Educational Opportunity Fund Program || Ramapo College of New Jersey","isPartOf":{"@id":"https:\/\/www.ramapo.edu\/eof-program\/#website"},"primaryImageOfPage":{"@id":"https:\/\/www.ramapo.edu\/eof-program\/programa-de-estudios-de-verano-eof-ramapo-college\/#primaryimage"},"image":{"@id":"https:\/\/www.ramapo.edu\/eof-program\/programa-de-estudios-de-verano-eof-ramapo-college\/#primaryimage"},"thumbnailUrl":"https:\/\/www.ramapo.edu\/eof-program\/wp-content\/uploads\/sites\/20\/2020\/03\/Incoming-Fresh-2019-scaled-e1620317358415-300x258.jpg","datePublished":"2025-05-20T15:53:25+00:00","dateModified":"2026-05-02T01:36:52+00:00","description":"Participa en el Programa de Verano Preuniversitario EOF en Ramapo College y comienza tu camino al \u00e9xito acad\u00e9mico universitario.","breadcrumb":{"@id":"https:\/\/www.ramapo.edu\/eof-program\/programa-de-estudios-de-verano-eof-ramapo-college\/#breadcrumb"},"inLanguage":"en-US","potentialAction":[{"@type":"ReadAction","target":["https:\/\/www.ramapo.edu\/eof-program\/programa-de-estudios-de-verano-eof-ramapo-college\/"]}]},{"@type":"ImageObject","inLanguage":"en-US","@id":"https:\/\/www.ramapo.edu\/eof-program\/programa-de-estudios-de-verano-eof-ramapo-college\/#primaryimage","url":"https:\/\/www.ramapo.edu\/eof-program\/wp-content\/uploads\/sites\/20\/2020\/03\/Incoming-Fresh-2019-scaled-e1620317358415.jpg","contentUrl":"https:\/\/www.ramapo.edu\/eof-program\/wp-content\/uploads\/sites\/20\/2020\/03\/Incoming-Fresh-2019-scaled-e1620317358415.jpg","width":2009,"height":1728,"caption":"A group of diverse young people poses and smiles outdoors in a park-like setting, some wearing Harvard shirts. Two individuals hold a First-Gen sign, highlighting their connection through experiences like Ramapo summer courses. Sunlight filters through the trees behind them."},{"@type":"BreadcrumbList","@id":"https:\/\/www.ramapo.edu\/eof-program\/programa-de-estudios-de-verano-eof-ramapo-college\/#breadcrumb","itemListElement":[{"@type":"ListItem","position":1,"name":"Ramapo College of New Jersey Home Page \u00bb Academics \u00bb Educational Opportunity Fund Program","item":"https:\/\/www.ramapo.edu\/eof-program\/"},{"@type":"ListItem","position":2,"name":"Programa de Estudios de Verano EOF \u2013 Ramapo College"}]},{"@type":"WebSite","@id":"https:\/\/www.ramapo.edu\/eof-program\/#website","url":"https:\/\/www.ramapo.edu\/eof-program\/","name":"Educational Opportunity Fund Program","description":"Just another Ramapo College of New Jersey Sites site","potentialAction":[{"@type":"SearchAction","target":{"@type":"EntryPoint","urlTemplate":"https:\/\/www.ramapo.edu\/eof-program\/?s={search_term_string}"},"query-input":{"@type":"PropertyValueSpecification","valueRequired":true,"valueName":"search_term_string"}}],"inLanguage":"en-US"}]}},"_links":{"self":[{"href":"https:\/\/www.ramapo.edu\/eof-program\/wp-json\/wp\/v2\/pages\/1851","targetHints":{"allow":["GET"]}}],"collection":[{"href":"https:\/\/www.ramapo.edu\/eof-program\/wp-json\/wp\/v2\/pages"}],"about":[{"href":"https:\/\/www.ramapo.edu\/eof-program\/wp-json\/wp\/v2\/types\/page"}],"author":[{"embeddable":true,"href":"https:\/\/www.ramapo.edu\/eof-program\/wp-json\/wp\/v2\/users\/906"}],"replies":[{"embeddable":true,"href":"https:\/\/www.ramapo.edu\/eof-program\/wp-json\/wp\/v2\/comments?post=1851"}],"version-history":[{"count":18,"href":"https:\/\/www.ramapo.edu\/eof-program\/wp-json\/wp\/v2\/pages\/1851\/revisions"}],"predecessor-version":[{"id":2158,"href":"https:\/\/www.ramapo.edu\/eof-program\/wp-json\/wp\/v2\/pages\/1851\/revisions\/2158"}],"wp:attachment":[{"href":"https:\/\/www.ramapo.edu\/eof-program\/wp-json\/wp\/v2\/media?parent=1851"}],"curies":[{"name":"wp","href":"https:\/\/api.w.org\/{rel}","templated":true}]}}