{"id":1845,"date":"2025-05-20T10:05:02","date_gmt":"2025-05-20T14:05:02","guid":{"rendered":"https:\/\/www.ramapo.edu\/eof-program\/?page_id=1845"},"modified":"2025-06-12T15:52:03","modified_gmt":"2025-06-12T19:52:03","slug":"asistencia-financiera-del-programa-eof-de-ramapo-college","status":"publish","type":"page","link":"https:\/\/www.ramapo.edu\/eof-program\/asistencia-financiera-del-programa-eof-de-ramapo-college\/","title":{"rendered":"Asistencia Financiera del Programa EOF de Ramapo College"},"content":{"rendered":"<p style=\"text-align: right;\"><a href=\"\/eof-program\/financial\/\"><em>View page in English<\/em><\/a><\/p>\n<div class=\"row colSet\">\n<div class=\"sColumn col-sm-12 col-md-12 \"><\/div>\n<p>En promedio, m\u00e1s de un mill\u00f3n de d\u00f3lares en becas del Ramapo College (RCG\/EOF) se otorgan anualmente a los estudiantes inscritos en el Programa EOF Ramapo. Pocas universidades en Nueva Jersey ofrecen un nivel de asistencia financiera tan alto para sus programas EOF. Estos fondos se suman a otras ayudas estatales y federales, pr\u00e9stamos y becas para los cuales los estudiantes pueden calificar financieramente.<\/p>\n<p>Para solicitar esta asistencia financiera del Programa EOF Ramapo y otras ayudas federales o estatales, es obligatorio presentar la Solicitud Gratuita de Ayuda Federal para Estudiantes, conocida por sus siglas en ingl\u00e9s como FAFSA. El c\u00f3digo FAFSA de Ramapo es 009344.<\/p>\n<h3 style=\"text-align: center;\">\u00a0<a href=\"https:\/\/www.ramapo.edu\/eof-program\/wp-content\/uploads\/sites\/20\/2016\/11\/0513160826.jpg\"><img loading=\"lazy\" decoding=\"async\" class=\"alignnone wp-image-893\" src=\"https:\/\/www.ramapo.edu\/eof-program\/wp-content\/uploads\/sites\/20\/2016\/11\/0513160826-300x169.jpg\" alt=\"Group of graduates from the EOF Program at Ramapo College | Grupo de egresados del Programa EOF en Ramapo College\" width=\"450\" height=\"254\" srcset=\"https:\/\/www.ramapo.edu\/eof-program\/wp-content\/uploads\/sites\/20\/2016\/11\/0513160826-300x169.jpg 300w, https:\/\/www.ramapo.edu\/eof-program\/wp-content\/uploads\/sites\/20\/2016\/11\/0513160826-768x432.jpg 768w, https:\/\/www.ramapo.edu\/eof-program\/wp-content\/uploads\/sites\/20\/2016\/11\/0513160826-1024x576.jpg 1024w\" sizes=\"auto, (max-width: 450px) 100vw, 450px\" \/><\/a><\/h3>\n<\/div>\n<div class=\"collapsableContent\" tabindex=\"0\"><div class=\"collapsableTitle\"><span class=\"fa-stack\"><i class=\"fa fa-circle fa-stack-2x\"><\/i><i class=\"fa fa-chevron-down fa-stack-1x fa-inverse\"><\/i><i class=\"fa fa-chevron-up fa-stack-1x fa-inverse\"><\/i><\/span>Informaci\u00f3n sobre FAFSA<\/div><div class=\"c_content\">\n<p>No se puede otorgar asistencia financiera a los estudiantes que no presentan la FAFSA. Los estudiantes que ingresan al Programa EOF como estudiantes de primer a\u00f1o deben presentar la FAFSA antes de comenzar el programa de estudios de verano. Para completar la FAFSA, se requieren varios documentos, incluyendo:<\/p>\n<ul>\n<li>Declaraciones de impuestos federales de los padres (si el estudiante es dependiente)<\/li>\n<li>Declaraciones de impuestos del estudiante<\/li>\n<li>Comprobantes de ingresos no gravados (ej. seguridad social, asistencia p\u00fablica)<\/li>\n<li>Registros de inversiones<\/li>\n<li>Estados de cuenta bancarios<\/li>\n<li>Formularios W-2<\/li>\n<\/ul>\n<p>Una vez enviada, la FAFSA es procesada por el Centro de Procesamiento de Iowa del Departamento de Educaci\u00f3n, generando un Informe de Ayuda Estudiantil (SAR). Este informe resume los datos proporcionados y destaca cualquier informaci\u00f3n faltante.<\/p>\n<p>Si la FAFSA est\u00e1 completa, el SAR incluir\u00e1 una Contribuci\u00f3n Familiar Esperada (EFC), utilizada por la Oficina de Ayuda Financiera de Ramapo para determinar la necesidad econ\u00f3mica del estudiante.<\/p>\n<\/div><\/div>\n\n<div class=\"collapsableContent\" tabindex=\"0\"><div class=\"collapsableTitle\"><span class=\"fa-stack\"><i class=\"fa fa-circle fa-stack-2x\"><\/i><i class=\"fa fa-chevron-down fa-stack-1x fa-inverse\"><\/i><i class=\"fa fa-chevron-up fa-stack-1x fa-inverse\"><\/i><\/span>Asistencia Estatal y Federal<\/div><div class=\"c_content\">\n<p>No se puede admitir a un estudiante en el Programa EOF sin haber calificado para la beca estatal EOF. Los estudiantes elegibles para la subvenci\u00f3n EOF tambi\u00e9n pueden recibir otros tipos de ayuda, tales como:<\/p>\n<ul>\n<li>Becas Federal Pell: Disponibles para estudiantes de pre-grado. No se reembolsan.<\/li>\n<li>Becas FSEOG (Federal Supplemental Educational Opportunity Grants): Son becas federales. No se reembolsan.<\/li>\n<li>Becas TAG (Tuition Aid Grant): Fondos estatales que no se reembolsan.<\/li>\n<li>Becas del Fondo de Oportunidad Educativa (EOF): Fondos estatales no reembolsables. Los estudiantes pueden ser elegibles para recibir pagos hasta 12 semestres. En Ramapo, la beca residencial m\u00e1xima para cuatro a\u00f1os (8 semestres) es actualmente de $6,900.<\/li>\n<li>Pr\u00e9stamos Federales Directos: Los pr\u00e9stamos estudiantiles est\u00e1n disponibles tanto a nivel de pregrado como de posgrado. Requieren reembolso. Tasa de inter\u00e9s variable, m\u00e1ximo 8.25%.<\/li>\n<li>Pr\u00e9stamos Federales PLUS: Para padres, requieren reembolso. Tasa de inter\u00e9s variable, m\u00e1ximo 9%. Estudiantes independientes pueden calificar para fondos adicionales si sus padres no son elegibles.<\/li>\n<li>Programa de Estudio y Trabajo Federal: Proporciona empleos a estudiantes para ayudar a cubrir los gastos educativos.<\/li>\n<\/ul>\n<\/div><\/div>\n\n<div class=\"collapsableContent\" tabindex=\"0\"><div class=\"collapsableTitle\"><span class=\"fa-stack\"><i class=\"fa fa-circle fa-stack-2x\"><\/i><i class=\"fa fa-chevron-down fa-stack-1x fa-inverse\"><\/i><i class=\"fa fa-chevron-up fa-stack-1x fa-inverse\"><\/i><\/span>Ayuda para la Sesi\u00f3n de Verano<\/div><div class=\"c_content\">\n<p>Cada clase entrante de primer a\u00f1o tiene la oportunidad de adelantar sus estudios y adaptarse a la vida universitaria participando en el Programa de Estudios de Verano Preuniversitario EOF. Gracias a la asistencia financiera del Programa EOF Ramapo, los estudiantes pueden avanzar acad\u00e9micamente con apoyo econ\u00f3mico y acad\u00e9mico.<\/p>\n<p>En promedio, los estudiantes del programa de verano reciben m\u00e1s de $5,000 para cubrir matr\u00edcula, tarifas, alojamiento, alimentaci\u00f3n, libros y seguro. Pueden obtener hasta seis cr\u00e9ditos, residiendo en el campus incluso los fines de semana. <em>El 100% del costo del programa de verano es cubierto por la beca EOF estatal y contribuciones de la Universad. No hay ning\u00fan costo para el estudiante.<\/em><\/p>\n<\/div><\/div>\n\n<div class=\"collapsableContent\" tabindex=\"0\"><div class=\"collapsableTitle\"><span class=\"fa-stack\"><i class=\"fa fa-circle fa-stack-2x\"><\/i><i class=\"fa fa-chevron-down fa-stack-1x fa-inverse\"><\/i><i class=\"fa fa-chevron-up fa-stack-1x fa-inverse\"><\/i><\/span>Beca EOF de Cuatro A\u00f1os del Ramapo College<\/div><div class=\"c_content\">\n<p>La Beca EOF Ramapo College ofrece hasta $5,000 por a\u00f1o, con un total de $20,000 en cuatro a\u00f1os.<\/p>\n<p>Todo estudiante del Programa EOF que ingrese a Ramapo College a trav\u00e9s del Programa de Estudios de Verano EOF es elegible para la Beca RCG. Para obtenerla, deben completar el programa de verano con un promedio m\u00ednimo de 2.5 GPA. Quienes mantengan este promedio podr\u00e1n recibir:<\/p>\n<ul>\n<li>A\u00f1o 1: $5,000 + hasta $1,400 para libros<\/li>\n<li>A\u00f1o 2: $5,000<\/li>\n<li>A\u00f1o 3: $5,000<\/li>\n<li>A\u00f1o 4: $5,000<\/li>\n<\/ul>\n<\/div><\/div>\n<div class=\"collapsableContent\" tabindex=\"0\"><div class=\"collapsableTitle\"><span class=\"fa-stack\"><i class=\"fa fa-circle fa-stack-2x\"><\/i><i class=\"fa fa-chevron-down fa-stack-1x fa-inverse\"><\/i><i class=\"fa fa-chevron-up fa-stack-1x fa-inverse\"><\/i><\/span>Otras Formas de Asistencia<\/div><div class=\"c_content\">\n<p>Asistir a la Universidad conlleva diversos gastos: matr\u00edcula, alojamiento, libros, y tambi\u00e9n pueden incluirse cursos de verano, ex\u00e1menes de competencia (CLEP), solicitudes a escuelas de posgrado, y m\u00e1s. Los estudiantes EOF pueden solicitar ayuda adicional para cubrir:<\/p>\n<ul>\n<li>Ex\u00e1menes de competencia acad\u00e9mica (ej. NYU Language, CLEP)<\/li>\n<li>Programas de intercambio (NSE)<\/li>\n<li>Eventos educativos de asociaciones profesionales<\/li>\n<li>Certificaciones o licencias profesionales<\/li>\n<li>Solicitudes, ex\u00e1menes y cursos de preparaci\u00f3n para estudios de posgrado<\/li>\n<\/ul>\n<p>Adem\u00e1s, existen otras becas espec\u00edficas para estudiantes EOF, gracias a donaciones de ex alumnos, fundaciones, empresas y amigos del college. Puedes encontrar m\u00e1s informaci\u00f3n sobre estas becas externas en: <a href=\"https:\/\/www.ramapo.edu\/scholarships\/\">https:\/\/www.ramapo.edu\/scholarships\/<\/a><\/p>\n<\/div><\/div>\n","protected":false},"excerpt":{"rendered":"<p>View page in English<\/p>\n","protected":false},"author":1011,"featured_media":0,"parent":0,"menu_order":0,"comment_status":"closed","ping_status":"closed","template":"","meta":{"footnotes":""},"class_list":["post-1845","page","type-page","status-publish","hentry"],"yoast_head":"<!-- This site is optimized with the Yoast SEO Premium plugin v21.5 (Yoast SEO v27.1.1) - https:\/\/yoast.com\/product\/yoast-seo-premium-wordpress\/ -->\n<title>Asistencia Financiera del Programa EOF de Ramapo College - Educational Opportunity Fund Program || Ramapo College of New Jersey<\/title>\n<meta name=\"description\" content=\"Descubre c\u00f3mo acceder a la asistencia financiera del Programa EOF Ramapo. Obt\u00e9n becas, ayudas estatales y federales, pr\u00e9stamos y apoyo econ\u00f3mico para tus estudios universitarios.\" \/>\n<meta name=\"robots\" content=\"index, follow, max-snippet:-1, max-image-preview:large, max-video-preview:-1\" \/>\n<link rel=\"canonical\" href=\"https:\/\/www.ramapo.edu\/eof-program\/asistencia-financiera-del-programa-eof-de-ramapo-college\/\" \/>\n<meta property=\"og:locale\" content=\"en_US\" \/>\n<meta property=\"og:type\" content=\"article\" \/>\n<meta property=\"og:title\" content=\"Asistencia Financiera del Programa EOF de Ramapo College\" \/>\n<meta property=\"og:description\" content=\"Descubre c\u00f3mo acceder a la asistencia financiera del Programa EOF Ramapo. Obt\u00e9n becas, ayudas estatales y federales, pr\u00e9stamos y apoyo econ\u00f3mico para tus estudios universitarios.\" \/>\n<meta property=\"og:url\" content=\"https:\/\/www.ramapo.edu\/eof-program\/asistencia-financiera-del-programa-eof-de-ramapo-college\/\" \/>\n<meta property=\"og:site_name\" content=\"Educational Opportunity Fund Program\" \/>\n<meta property=\"article:publisher\" content=\"https:\/\/www.facebook.com\/RamapoCollege\" \/>\n<meta property=\"article:modified_time\" content=\"2025-06-12T19:52:03+00:00\" \/>\n<meta property=\"og:image\" content=\"https:\/\/www.ramapo.edu\/eof-program\/wp-content\/uploads\/sites\/20\/2016\/11\/0513160826-1024x576.jpg\" \/>\n\t<meta property=\"og:image:width\" content=\"1024\" \/>\n\t<meta property=\"og:image:height\" content=\"576\" \/>\n\t<meta property=\"og:image:type\" content=\"image\/jpeg\" \/>\n<meta name=\"twitter:card\" content=\"summary_large_image\" \/>\n<meta name=\"twitter:site\" content=\"@ramapocollegenj\" \/>\n<meta name=\"twitter:label1\" content=\"Est. reading time\" \/>\n\t<meta name=\"twitter:data1\" content=\"4 minutes\" \/>\n<script type=\"application\/ld+json\" class=\"yoast-schema-graph\">{\"@context\":\"https:\/\/schema.org\",\"@graph\":[{\"@type\":\"WebPage\",\"@id\":\"https:\/\/www.ramapo.edu\/eof-program\/asistencia-financiera-del-programa-eof-de-ramapo-college\/\",\"url\":\"https:\/\/www.ramapo.edu\/eof-program\/asistencia-financiera-del-programa-eof-de-ramapo-college\/\",\"name\":\"Asistencia Financiera del Programa EOF de Ramapo College - Educational Opportunity Fund Program || Ramapo College of New Jersey\",\"isPartOf\":{\"@id\":\"https:\/\/www.ramapo.edu\/eof-program\/#website\"},\"primaryImageOfPage\":{\"@id\":\"https:\/\/www.ramapo.edu\/eof-program\/asistencia-financiera-del-programa-eof-de-ramapo-college\/#primaryimage\"},\"image\":{\"@id\":\"https:\/\/www.ramapo.edu\/eof-program\/asistencia-financiera-del-programa-eof-de-ramapo-college\/#primaryimage\"},\"thumbnailUrl\":\"https:\/\/www.ramapo.edu\/eof-program\/wp-content\/uploads\/sites\/20\/2016\/11\/0513160826-300x169.jpg\",\"datePublished\":\"2025-05-20T14:05:02+00:00\",\"dateModified\":\"2025-06-12T19:52:03+00:00\",\"description\":\"Descubre c\u00f3mo acceder a la asistencia financiera del Programa EOF Ramapo. Obt\u00e9n becas, ayudas estatales y federales, pr\u00e9stamos y apoyo econ\u00f3mico para tus estudios universitarios.\",\"breadcrumb\":{\"@id\":\"https:\/\/www.ramapo.edu\/eof-program\/asistencia-financiera-del-programa-eof-de-ramapo-college\/#breadcrumb\"},\"inLanguage\":\"en-US\",\"potentialAction\":[{\"@type\":\"ReadAction\",\"target\":[\"https:\/\/www.ramapo.edu\/eof-program\/asistencia-financiera-del-programa-eof-de-ramapo-college\/\"]}]},{\"@type\":\"ImageObject\",\"inLanguage\":\"en-US\",\"@id\":\"https:\/\/www.ramapo.edu\/eof-program\/asistencia-financiera-del-programa-eof-de-ramapo-college\/#primaryimage\",\"url\":\"https:\/\/www.ramapo.edu\/eof-program\/wp-content\/uploads\/sites\/20\/2016\/11\/0513160826.jpg\",\"contentUrl\":\"https:\/\/www.ramapo.edu\/eof-program\/wp-content\/uploads\/sites\/20\/2016\/11\/0513160826.jpg\",\"width\":4160,\"height\":2340},{\"@type\":\"BreadcrumbList\",\"@id\":\"https:\/\/www.ramapo.edu\/eof-program\/asistencia-financiera-del-programa-eof-de-ramapo-college\/#breadcrumb\",\"itemListElement\":[{\"@type\":\"ListItem\",\"position\":1,\"name\":\"Ramapo College of New Jersey Home Page \u00bb Academics \u00bb Educational Opportunity Fund Program\",\"item\":\"https:\/\/www.ramapo.edu\/eof-program\/\"},{\"@type\":\"ListItem\",\"position\":2,\"name\":\"Asistencia Financiera del Programa EOF de Ramapo College\"}]},{\"@type\":\"WebSite\",\"@id\":\"https:\/\/www.ramapo.edu\/eof-program\/#website\",\"url\":\"https:\/\/www.ramapo.edu\/eof-program\/\",\"name\":\"Educational Opportunity Fund Program\",\"description\":\"Just another Ramapo College of New Jersey Sites site\",\"potentialAction\":[{\"@type\":\"SearchAction\",\"target\":{\"@type\":\"EntryPoint\",\"urlTemplate\":\"https:\/\/www.ramapo.edu\/eof-program\/?s={search_term_string}\"},\"query-input\":{\"@type\":\"PropertyValueSpecification\",\"valueRequired\":true,\"valueName\":\"search_term_string\"}}],\"inLanguage\":\"en-US\"}]}<\/script>\n<!-- \/ Yoast SEO Premium plugin. -->","yoast_head_json":{"title":"Asistencia Financiera del Programa EOF de Ramapo College - Educational Opportunity Fund Program || Ramapo College of New Jersey","description":"Descubre c\u00f3mo acceder a la asistencia financiera del Programa EOF Ramapo. Obt\u00e9n becas, ayudas estatales y federales, pr\u00e9stamos y apoyo econ\u00f3mico para tus estudios universitarios.","robots":{"index":"index","follow":"follow","max-snippet":"max-snippet:-1","max-image-preview":"max-image-preview:large","max-video-preview":"max-video-preview:-1"},"canonical":"https:\/\/www.ramapo.edu\/eof-program\/asistencia-financiera-del-programa-eof-de-ramapo-college\/","og_locale":"en_US","og_type":"article","og_title":"Asistencia Financiera del Programa EOF de Ramapo College","og_description":"Descubre c\u00f3mo acceder a la asistencia financiera del Programa EOF Ramapo. Obt\u00e9n becas, ayudas estatales y federales, pr\u00e9stamos y apoyo econ\u00f3mico para tus estudios universitarios.","og_url":"https:\/\/www.ramapo.edu\/eof-program\/asistencia-financiera-del-programa-eof-de-ramapo-college\/","og_site_name":"Educational Opportunity Fund Program","article_publisher":"https:\/\/www.facebook.com\/RamapoCollege","article_modified_time":"2025-06-12T19:52:03+00:00","og_image":[{"width":1024,"height":576,"url":"https:\/\/www.ramapo.edu\/eof-program\/wp-content\/uploads\/sites\/20\/2016\/11\/0513160826-1024x576.jpg","type":"image\/jpeg"}],"twitter_card":"summary_large_image","twitter_site":"@ramapocollegenj","twitter_misc":{"Est. reading time":"4 minutes"},"schema":{"@context":"https:\/\/schema.org","@graph":[{"@type":"WebPage","@id":"https:\/\/www.ramapo.edu\/eof-program\/asistencia-financiera-del-programa-eof-de-ramapo-college\/","url":"https:\/\/www.ramapo.edu\/eof-program\/asistencia-financiera-del-programa-eof-de-ramapo-college\/","name":"Asistencia Financiera del Programa EOF de Ramapo College - Educational Opportunity Fund Program || Ramapo College of New Jersey","isPartOf":{"@id":"https:\/\/www.ramapo.edu\/eof-program\/#website"},"primaryImageOfPage":{"@id":"https:\/\/www.ramapo.edu\/eof-program\/asistencia-financiera-del-programa-eof-de-ramapo-college\/#primaryimage"},"image":{"@id":"https:\/\/www.ramapo.edu\/eof-program\/asistencia-financiera-del-programa-eof-de-ramapo-college\/#primaryimage"},"thumbnailUrl":"https:\/\/www.ramapo.edu\/eof-program\/wp-content\/uploads\/sites\/20\/2016\/11\/0513160826-300x169.jpg","datePublished":"2025-05-20T14:05:02+00:00","dateModified":"2025-06-12T19:52:03+00:00","description":"Descubre c\u00f3mo acceder a la asistencia financiera del Programa EOF Ramapo. Obt\u00e9n becas, ayudas estatales y federales, pr\u00e9stamos y apoyo econ\u00f3mico para tus estudios universitarios.","breadcrumb":{"@id":"https:\/\/www.ramapo.edu\/eof-program\/asistencia-financiera-del-programa-eof-de-ramapo-college\/#breadcrumb"},"inLanguage":"en-US","potentialAction":[{"@type":"ReadAction","target":["https:\/\/www.ramapo.edu\/eof-program\/asistencia-financiera-del-programa-eof-de-ramapo-college\/"]}]},{"@type":"ImageObject","inLanguage":"en-US","@id":"https:\/\/www.ramapo.edu\/eof-program\/asistencia-financiera-del-programa-eof-de-ramapo-college\/#primaryimage","url":"https:\/\/www.ramapo.edu\/eof-program\/wp-content\/uploads\/sites\/20\/2016\/11\/0513160826.jpg","contentUrl":"https:\/\/www.ramapo.edu\/eof-program\/wp-content\/uploads\/sites\/20\/2016\/11\/0513160826.jpg","width":4160,"height":2340},{"@type":"BreadcrumbList","@id":"https:\/\/www.ramapo.edu\/eof-program\/asistencia-financiera-del-programa-eof-de-ramapo-college\/#breadcrumb","itemListElement":[{"@type":"ListItem","position":1,"name":"Ramapo College of New Jersey Home Page \u00bb Academics \u00bb Educational Opportunity Fund Program","item":"https:\/\/www.ramapo.edu\/eof-program\/"},{"@type":"ListItem","position":2,"name":"Asistencia Financiera del Programa EOF de Ramapo College"}]},{"@type":"WebSite","@id":"https:\/\/www.ramapo.edu\/eof-program\/#website","url":"https:\/\/www.ramapo.edu\/eof-program\/","name":"Educational Opportunity Fund Program","description":"Just another Ramapo College of New Jersey Sites site","potentialAction":[{"@type":"SearchAction","target":{"@type":"EntryPoint","urlTemplate":"https:\/\/www.ramapo.edu\/eof-program\/?s={search_term_string}"},"query-input":{"@type":"PropertyValueSpecification","valueRequired":true,"valueName":"search_term_string"}}],"inLanguage":"en-US"}]}},"_links":{"self":[{"href":"https:\/\/www.ramapo.edu\/eof-program\/wp-json\/wp\/v2\/pages\/1845","targetHints":{"allow":["GET"]}}],"collection":[{"href":"https:\/\/www.ramapo.edu\/eof-program\/wp-json\/wp\/v2\/pages"}],"about":[{"href":"https:\/\/www.ramapo.edu\/eof-program\/wp-json\/wp\/v2\/types\/page"}],"author":[{"embeddable":true,"href":"https:\/\/www.ramapo.edu\/eof-program\/wp-json\/wp\/v2\/users\/1011"}],"replies":[{"embeddable":true,"href":"https:\/\/www.ramapo.edu\/eof-program\/wp-json\/wp\/v2\/comments?post=1845"}],"version-history":[{"count":7,"href":"https:\/\/www.ramapo.edu\/eof-program\/wp-json\/wp\/v2\/pages\/1845\/revisions"}],"predecessor-version":[{"id":1916,"href":"https:\/\/www.ramapo.edu\/eof-program\/wp-json\/wp\/v2\/pages\/1845\/revisions\/1916"}],"wp:attachment":[{"href":"https:\/\/www.ramapo.edu\/eof-program\/wp-json\/wp\/v2\/media?parent=1845"}],"curies":[{"name":"wp","href":"https:\/\/api.w.org\/{rel}","templated":true}]}}