{"id":1832,"date":"2025-05-19T17:25:58","date_gmt":"2025-05-19T21:25:58","guid":{"rendered":"https:\/\/www.ramapo.edu\/eof-program\/?page_id=1832"},"modified":"2025-06-12T15:37:00","modified_gmt":"2025-06-12T19:37:00","slug":"requisitos-de-elegibilidad-programa-eof-en-ramapo-college","status":"publish","type":"page","link":"https:\/\/www.ramapo.edu\/eof-program\/requisitos-de-elegibilidad-programa-eof-en-ramapo-college\/","title":{"rendered":"Requisitos de Elegibilidad \u2013 Programa EOF en Ramapo College"},"content":{"rendered":"<p style=\"text-align: right;\"><em><a href=\"\/eof-program\/eligibility\/\">View page in English<\/a><\/em><\/p>\n<p><img loading=\"lazy\" decoding=\"async\" class=\"alignright wp-image-886 size-medium\" src=\"https:\/\/www.ramapo.edu\/eof-program\/wp-content\/uploads\/sites\/20\/2016\/11\/20160904_190119-Corrected-Mahmuwd-Swan-Springer-Rodriguez-Henderson-Jorge-Molina-300x225.jpg\" alt=\"A group of students from the EOF Program at Ramapo College posing together during an on-campus integration activity. | Grupo de estudiantes del Programa EOF en Ramapo College posando juntos durante una actividad de integraci\u00f3n en el campus\" width=\"300\" height=\"225\" srcset=\"https:\/\/www.ramapo.edu\/eof-program\/wp-content\/uploads\/sites\/20\/2016\/11\/20160904_190119-Corrected-Mahmuwd-Swan-Springer-Rodriguez-Henderson-Jorge-Molina-300x225.jpg 300w, https:\/\/www.ramapo.edu\/eof-program\/wp-content\/uploads\/sites\/20\/2016\/11\/20160904_190119-Corrected-Mahmuwd-Swan-Springer-Rodriguez-Henderson-Jorge-Molina-768x576.jpg 768w, https:\/\/www.ramapo.edu\/eof-program\/wp-content\/uploads\/sites\/20\/2016\/11\/20160904_190119-Corrected-Mahmuwd-Swan-Springer-Rodriguez-Henderson-Jorge-Molina-1024x768.jpg 1024w\" sizes=\"auto, (max-width: 300px) 100vw, 300px\" \/><strong>\u00bfQui\u00e9nes cumplen los requisitos de elegibilidad del Programa EOF Ramapo?<\/strong><\/p>\n<p>En Ramapo College, buscamos a los estudiantes m\u00e1s comprometidos y con mayor potencial que cumplan con los requisitos de elegibilidad del Programa EOF Ramapo.<\/p>\n<p>Los solicitantes elegibles son admitidos a la Universidad a trav\u00e9s del Programa EOF. Los estudiantes aceptados son aquellos que est\u00e1n altamente motivados, cuentan con preparaci\u00f3n acad\u00e9mica previa de nivel universitario, mantienen un promedio m\u00ednimo de B- o superior, y est\u00e1n ubicados en la mitad superior de su clase.<\/p>\n<p>El Programa EOF tambi\u00e9n est\u00e1 comprometido con brindar a estudiantes de Community Colleges la oportunidad de continuar sus estudios universitarios y obtener un t\u00edtulo de cuatro a\u00f1os. Damos especial prioridad a aquellos graduados de Community Colleges que presentan un expediente acad\u00e9mico s\u00f3lido.<\/p>\n<p>Tanto los estudiantes de primer a\u00f1o como los de transferencia deben cumplir con los requisitos de elegibilidad acad\u00e9mica y financiera. Los criterios acad\u00e9micos pueden variar entre instituciones, por lo que se recomienda verificar la informaci\u00f3n espec\u00edfica de cada programa. En cambio, los requisitos financieros son los mismos para todos los Programas EOF y est\u00e1n basados en el tama\u00f1o del hogar y los ingresos familiares.<\/p>\n<p><a href=\"https:\/\/www.ramapo.edu\/undergraduate\/educational-opportunity-fund\/\">Si est\u00e1s solicitando la transferencia al Programa EOF,<\/a> deber\u00e1s enviar el Formulario de Transferencia para <a href=\"https:\/\/www.ramapo.edu\/eof-program\/wp-content\/uploads\/sites\/20\/2021\/03\/EOF-Student-Transfer-Form_Fillable_Updated-3.16.21.pdf\" target=\"_blank\" rel=\"noopener\">Estudiantes EOF o el formulario<\/a> equivalente emitido por la oficina EOF de tu instituci\u00f3n actual. Si actualmente no formas parte de un Programa EOF, puedes comunicarte con la Oficina EOF de Ramapo College al &#x1f4de; (201) 684-7542 para explorar opciones disponibles.<\/p>\n<div class=\"row colSet\">\n<div class=\"sColumn col-sm-12 col-md-12 \">\n<p><iframe loading=\"lazy\" src=\"https:\/\/player.vimeo.com\/video\/705390268?h=568a99b4f7&amp;dnt=1&amp;app_id=122963\" width=\"500\" height=\"281\" frameborder=\"0\" allow=\"autoplay; fullscreen; picture-in-picture; clipboard-write; encrypted-media; web-share\"><\/iframe><\/p>\n<\/div>\n<div class=\"sColumn col-sm-12 col-md-12 \">\n<p><iframe loading=\"lazy\" src=\"https:\/\/player.vimeo.com\/video\/705390311?h=711f7aa683&amp;dnt=1&amp;app_id=122963\" width=\"500\" height=\"281\" frameborder=\"0\" allow=\"autoplay; fullscreen; picture-in-picture; clipboard-write; encrypted-media; web-share\"><\/iframe><\/p>\n<\/div>\n<\/div>\n<div class=\"divider\"><img decoding=\"async\" src=\"\/wp-content\/themes\/rcnjrd\/images\/icons\/ramapo-arch-icom_rule.png\" alt=\"Ramapo\" \/><\/div>\n<h2>Estudiantes de Primer A\u00f1o \u2013 Admisi\u00f3n al Programa EOF<\/h2>\n<p>Los estudiantes admitidos al Programa EOF de Ramapo College deben completar una prueba de ubicaci\u00f3n acad\u00e9mica administrada por la Universidad. Esta evaluaci\u00f3n es obligatoria y debe realizarse antes de comenzar el Instituto de Estudios de Verano EOF.<\/p>\n<p>La prueba, conocida como Accuplacer, se realiza en una plataforma de evaluaci\u00f3n en l\u00ednea. Incluye varias evaluaciones: comprensi\u00f3n lectora, aritm\u00e9tica, \u00e1lgebra b\u00e1sica y un ensayo escrito. Todas las pruebas son coordinadas por la Oficina de Evaluaci\u00f3n y Ubicaci\u00f3n Acad\u00e9mica de Ramapo College.<\/p>\n<p>Aunque los ex\u00e1menes SAT son opcionales, los estudiantes que obtengan un puntaje de 620 o m\u00e1s en la secci\u00f3n de Lectura y Escritura Basada en Evidencia del SAT est\u00e1n exentos de tomar la prueba de ubicaci\u00f3n en ingl\u00e9s.<\/p>\n<p>Del mismo modo, un puntaje de 580 o m\u00e1s en la secci\u00f3n de Matem\u00e1ticas del SAT exime a los estudiantes de la prueba de ubicaci\u00f3n en matem\u00e1ticas.<\/p>\n<p>Si tu carrera universitaria requiere cursar c\u00e1lculo, deber\u00e1s realizar tambi\u00e9n la prueba de ubicaci\u00f3n en c\u00e1lculo. Adem\u00e1s, un puntaje de 4 o 5 en el examen AP (Advanced Placement) de ingl\u00e9s tambi\u00e9n exime a los estudiantes de la evaluaci\u00f3n en ingl\u00e9s.<\/p>\n<p style=\"text-align: center;\"><a class=\"btn\" href=\"https:\/\/www.ramapo.edu\/undergraduate\/educational-opportunity-fund\/\">Wed de Admisiones<\/a><\/p>\n<div class=\"collapsableContent\" tabindex=\"0\"><div class=\"collapsableTitle\"><span class=\"fa-stack\"><i class=\"fa fa-circle fa-stack-2x\"><\/i><i class=\"fa fa-chevron-down fa-stack-1x fa-inverse\"><\/i><i class=\"fa fa-chevron-up fa-stack-1x fa-inverse\"><\/i><\/span>Transferencia de Cr\u00e9ditos<\/div><div class=\"c_content\">\n<p>Los estudiantes que transfieren un curso de composici\u00f3n en ingl\u00e9s y un curso de matem\u00e1ticas a nivel universitario, ambos v\u00e1lidos para cumplir con los Requisitos de Educaci\u00f3n General de Ramapo College, est\u00e1n exentos de realizar la prueba de ubicaci\u00f3n acad\u00e9mica.Los estudiantes de transferencia que no hayan completado sus cursos de nivelaci\u00f3n o remediales en su instituci\u00f3n anterior deben enviar sus resultados de pruebas de ubicaci\u00f3n anteriores a la Oficina de Evaluaci\u00f3n y Ubicaci\u00f3n Acad\u00e9mica de Ramapo College.<\/p>\n<\/div><\/div>\n<div class=\"collapsableContent\" tabindex=\"0\"><div class=\"collapsableTitle\"><span class=\"fa-stack\"><i class=\"fa fa-circle fa-stack-2x\"><\/i><i class=\"fa fa-chevron-down fa-stack-1x fa-inverse\"><\/i><i class=\"fa fa-chevron-up fa-stack-1x fa-inverse\"><\/i><\/span>Elegibilidad Acad\u00e9mica \u2013 Programa EOF<\/div><div class=\"c_content\">\n<ul>\n<li>La decisi\u00f3n de ofrecer admisi\u00f3n al Programa EOF en Ramapo College se basa en varios factores. Entre ellos se consideran:<\/li>\n<li>La calidad de las calificaciones del solicitante.<\/li>\n<li>El tipo y nivel de dificultad de los cursos cursados.<\/li>\n<li>El puesto en el ranking de su clase (si est\u00e1 disponible).<\/li>\n<li>Las cartas de recomendaci\u00f3n.<\/li>\n<li>El alcance y la profundidad de su participaci\u00f3n en actividades extracurriculares o comunitarias.<\/li>\n<\/ul>\n<\/div><\/div>\n","protected":false},"excerpt":{"rendered":"<p>View page in English \u00bfQui\u00e9nes cumplen los requisitos de elegibilidad del Programa EOF Ramapo? En Ramapo College, buscamos a los estudiantes m\u00e1s comprometidos y con mayor potencial que cumplan con los requisitos de elegibilidad del Programa EOF Ramapo. Los solicitantes elegibles son admitidos a la Universidad a trav\u00e9s del Programa EOF. Los estudiantes aceptados son [&hellip;]<\/p>\n","protected":false},"author":1011,"featured_media":0,"parent":0,"menu_order":0,"comment_status":"closed","ping_status":"closed","template":"","meta":{"footnotes":""},"class_list":["post-1832","page","type-page","status-publish","hentry"],"yoast_head":"<!-- This site is optimized with the Yoast SEO Premium plugin v21.5 (Yoast SEO v27.1.1) - https:\/\/yoast.com\/product\/yoast-seo-premium-wordpress\/ -->\n<title>Requisitos de Elegibilidad \u2013 Programa EOF en Ramapo College - Educational Opportunity Fund Program || Ramapo College of New Jersey<\/title>\n<meta name=\"description\" content=\"Conoce los requisitos de elegibilidad acad\u00e9micos y financieros para ingresar al Programa EOF en Ramapo College. Descubre si eres elegible y c\u00f3mo aplicar.\" \/>\n<meta name=\"robots\" content=\"index, follow, max-snippet:-1, max-image-preview:large, max-video-preview:-1\" \/>\n<link rel=\"canonical\" href=\"https:\/\/www.ramapo.edu\/eof-program\/requisitos-de-elegibilidad-programa-eof-en-ramapo-college\/\" \/>\n<meta property=\"og:locale\" content=\"en_US\" \/>\n<meta property=\"og:type\" content=\"article\" \/>\n<meta property=\"og:title\" content=\"Requisitos de Elegibilidad \u2013 Programa EOF en Ramapo College\" \/>\n<meta property=\"og:description\" content=\"Conoce los requisitos de elegibilidad acad\u00e9micos y financieros para ingresar al Programa EOF en Ramapo College. Descubre si eres elegible y c\u00f3mo aplicar.\" \/>\n<meta property=\"og:url\" content=\"https:\/\/www.ramapo.edu\/eof-program\/requisitos-de-elegibilidad-programa-eof-en-ramapo-college\/\" \/>\n<meta property=\"og:site_name\" content=\"Educational Opportunity Fund Program\" \/>\n<meta property=\"article:publisher\" content=\"https:\/\/www.facebook.com\/RamapoCollege\" \/>\n<meta property=\"article:modified_time\" content=\"2025-06-12T19:37:00+00:00\" \/>\n<meta property=\"og:image\" content=\"https:\/\/www.ramapo.edu\/eof-program\/wp-content\/uploads\/sites\/20\/2016\/11\/20160904_190119-Corrected-Mahmuwd-Swan-Springer-Rodriguez-Henderson-Jorge-Molina-1024x768.jpg\" \/>\n\t<meta property=\"og:image:width\" content=\"1024\" \/>\n\t<meta property=\"og:image:height\" content=\"768\" \/>\n\t<meta property=\"og:image:type\" content=\"image\/jpeg\" \/>\n<meta name=\"twitter:card\" content=\"summary_large_image\" \/>\n<meta name=\"twitter:site\" content=\"@ramapocollegenj\" \/>\n<meta name=\"twitter:label1\" content=\"Est. reading time\" \/>\n\t<meta name=\"twitter:data1\" content=\"3 minutes\" \/>\n<script type=\"application\/ld+json\" class=\"yoast-schema-graph\">{\"@context\":\"https:\/\/schema.org\",\"@graph\":[{\"@type\":\"WebPage\",\"@id\":\"https:\/\/www.ramapo.edu\/eof-program\/requisitos-de-elegibilidad-programa-eof-en-ramapo-college\/\",\"url\":\"https:\/\/www.ramapo.edu\/eof-program\/requisitos-de-elegibilidad-programa-eof-en-ramapo-college\/\",\"name\":\"Requisitos de Elegibilidad \u2013 Programa EOF en Ramapo College - Educational Opportunity Fund Program || Ramapo College of New Jersey\",\"isPartOf\":{\"@id\":\"https:\/\/www.ramapo.edu\/eof-program\/#website\"},\"primaryImageOfPage\":{\"@id\":\"https:\/\/www.ramapo.edu\/eof-program\/requisitos-de-elegibilidad-programa-eof-en-ramapo-college\/#primaryimage\"},\"image\":{\"@id\":\"https:\/\/www.ramapo.edu\/eof-program\/requisitos-de-elegibilidad-programa-eof-en-ramapo-college\/#primaryimage\"},\"thumbnailUrl\":\"https:\/\/www.ramapo.edu\/eof-program\/wp-content\/uploads\/sites\/20\/2016\/11\/20160904_190119-Corrected-Mahmuwd-Swan-Springer-Rodriguez-Henderson-Jorge-Molina-300x225.jpg\",\"datePublished\":\"2025-05-19T21:25:58+00:00\",\"dateModified\":\"2025-06-12T19:37:00+00:00\",\"description\":\"Conoce los requisitos de elegibilidad acad\u00e9micos y financieros para ingresar al Programa EOF en Ramapo College. Descubre si eres elegible y c\u00f3mo aplicar.\",\"breadcrumb\":{\"@id\":\"https:\/\/www.ramapo.edu\/eof-program\/requisitos-de-elegibilidad-programa-eof-en-ramapo-college\/#breadcrumb\"},\"inLanguage\":\"en-US\",\"potentialAction\":[{\"@type\":\"ReadAction\",\"target\":[\"https:\/\/www.ramapo.edu\/eof-program\/requisitos-de-elegibilidad-programa-eof-en-ramapo-college\/\"]}]},{\"@type\":\"ImageObject\",\"inLanguage\":\"en-US\",\"@id\":\"https:\/\/www.ramapo.edu\/eof-program\/requisitos-de-elegibilidad-programa-eof-en-ramapo-college\/#primaryimage\",\"url\":\"https:\/\/www.ramapo.edu\/eof-program\/wp-content\/uploads\/sites\/20\/2016\/11\/20160904_190119-Corrected-Mahmuwd-Swan-Springer-Rodriguez-Henderson-Jorge-Molina.jpg\",\"contentUrl\":\"https:\/\/www.ramapo.edu\/eof-program\/wp-content\/uploads\/sites\/20\/2016\/11\/20160904_190119-Corrected-Mahmuwd-Swan-Springer-Rodriguez-Henderson-Jorge-Molina.jpg\",\"width\":4032,\"height\":3024},{\"@type\":\"BreadcrumbList\",\"@id\":\"https:\/\/www.ramapo.edu\/eof-program\/requisitos-de-elegibilidad-programa-eof-en-ramapo-college\/#breadcrumb\",\"itemListElement\":[{\"@type\":\"ListItem\",\"position\":1,\"name\":\"Ramapo College of New Jersey Home Page \u00bb Academics \u00bb Educational Opportunity Fund Program\",\"item\":\"https:\/\/www.ramapo.edu\/eof-program\/\"},{\"@type\":\"ListItem\",\"position\":2,\"name\":\"Requisitos de Elegibilidad \u2013 Programa EOF en Ramapo College\"}]},{\"@type\":\"WebSite\",\"@id\":\"https:\/\/www.ramapo.edu\/eof-program\/#website\",\"url\":\"https:\/\/www.ramapo.edu\/eof-program\/\",\"name\":\"Educational Opportunity Fund Program\",\"description\":\"Just another Ramapo College of New Jersey Sites site\",\"potentialAction\":[{\"@type\":\"SearchAction\",\"target\":{\"@type\":\"EntryPoint\",\"urlTemplate\":\"https:\/\/www.ramapo.edu\/eof-program\/?s={search_term_string}\"},\"query-input\":{\"@type\":\"PropertyValueSpecification\",\"valueRequired\":true,\"valueName\":\"search_term_string\"}}],\"inLanguage\":\"en-US\"}]}<\/script>\n<!-- \/ Yoast SEO Premium plugin. -->","yoast_head_json":{"title":"Requisitos de Elegibilidad \u2013 Programa EOF en Ramapo College - Educational Opportunity Fund Program || Ramapo College of New Jersey","description":"Conoce los requisitos de elegibilidad acad\u00e9micos y financieros para ingresar al Programa EOF en Ramapo College. Descubre si eres elegible y c\u00f3mo aplicar.","robots":{"index":"index","follow":"follow","max-snippet":"max-snippet:-1","max-image-preview":"max-image-preview:large","max-video-preview":"max-video-preview:-1"},"canonical":"https:\/\/www.ramapo.edu\/eof-program\/requisitos-de-elegibilidad-programa-eof-en-ramapo-college\/","og_locale":"en_US","og_type":"article","og_title":"Requisitos de Elegibilidad \u2013 Programa EOF en Ramapo College","og_description":"Conoce los requisitos de elegibilidad acad\u00e9micos y financieros para ingresar al Programa EOF en Ramapo College. Descubre si eres elegible y c\u00f3mo aplicar.","og_url":"https:\/\/www.ramapo.edu\/eof-program\/requisitos-de-elegibilidad-programa-eof-en-ramapo-college\/","og_site_name":"Educational Opportunity Fund Program","article_publisher":"https:\/\/www.facebook.com\/RamapoCollege","article_modified_time":"2025-06-12T19:37:00+00:00","og_image":[{"width":1024,"height":768,"url":"https:\/\/www.ramapo.edu\/eof-program\/wp-content\/uploads\/sites\/20\/2016\/11\/20160904_190119-Corrected-Mahmuwd-Swan-Springer-Rodriguez-Henderson-Jorge-Molina-1024x768.jpg","type":"image\/jpeg"}],"twitter_card":"summary_large_image","twitter_site":"@ramapocollegenj","twitter_misc":{"Est. reading time":"3 minutes"},"schema":{"@context":"https:\/\/schema.org","@graph":[{"@type":"WebPage","@id":"https:\/\/www.ramapo.edu\/eof-program\/requisitos-de-elegibilidad-programa-eof-en-ramapo-college\/","url":"https:\/\/www.ramapo.edu\/eof-program\/requisitos-de-elegibilidad-programa-eof-en-ramapo-college\/","name":"Requisitos de Elegibilidad \u2013 Programa EOF en Ramapo College - Educational Opportunity Fund Program || Ramapo College of New Jersey","isPartOf":{"@id":"https:\/\/www.ramapo.edu\/eof-program\/#website"},"primaryImageOfPage":{"@id":"https:\/\/www.ramapo.edu\/eof-program\/requisitos-de-elegibilidad-programa-eof-en-ramapo-college\/#primaryimage"},"image":{"@id":"https:\/\/www.ramapo.edu\/eof-program\/requisitos-de-elegibilidad-programa-eof-en-ramapo-college\/#primaryimage"},"thumbnailUrl":"https:\/\/www.ramapo.edu\/eof-program\/wp-content\/uploads\/sites\/20\/2016\/11\/20160904_190119-Corrected-Mahmuwd-Swan-Springer-Rodriguez-Henderson-Jorge-Molina-300x225.jpg","datePublished":"2025-05-19T21:25:58+00:00","dateModified":"2025-06-12T19:37:00+00:00","description":"Conoce los requisitos de elegibilidad acad\u00e9micos y financieros para ingresar al Programa EOF en Ramapo College. Descubre si eres elegible y c\u00f3mo aplicar.","breadcrumb":{"@id":"https:\/\/www.ramapo.edu\/eof-program\/requisitos-de-elegibilidad-programa-eof-en-ramapo-college\/#breadcrumb"},"inLanguage":"en-US","potentialAction":[{"@type":"ReadAction","target":["https:\/\/www.ramapo.edu\/eof-program\/requisitos-de-elegibilidad-programa-eof-en-ramapo-college\/"]}]},{"@type":"ImageObject","inLanguage":"en-US","@id":"https:\/\/www.ramapo.edu\/eof-program\/requisitos-de-elegibilidad-programa-eof-en-ramapo-college\/#primaryimage","url":"https:\/\/www.ramapo.edu\/eof-program\/wp-content\/uploads\/sites\/20\/2016\/11\/20160904_190119-Corrected-Mahmuwd-Swan-Springer-Rodriguez-Henderson-Jorge-Molina.jpg","contentUrl":"https:\/\/www.ramapo.edu\/eof-program\/wp-content\/uploads\/sites\/20\/2016\/11\/20160904_190119-Corrected-Mahmuwd-Swan-Springer-Rodriguez-Henderson-Jorge-Molina.jpg","width":4032,"height":3024},{"@type":"BreadcrumbList","@id":"https:\/\/www.ramapo.edu\/eof-program\/requisitos-de-elegibilidad-programa-eof-en-ramapo-college\/#breadcrumb","itemListElement":[{"@type":"ListItem","position":1,"name":"Ramapo College of New Jersey Home Page \u00bb Academics \u00bb Educational Opportunity Fund Program","item":"https:\/\/www.ramapo.edu\/eof-program\/"},{"@type":"ListItem","position":2,"name":"Requisitos de Elegibilidad \u2013 Programa EOF en Ramapo College"}]},{"@type":"WebSite","@id":"https:\/\/www.ramapo.edu\/eof-program\/#website","url":"https:\/\/www.ramapo.edu\/eof-program\/","name":"Educational Opportunity Fund Program","description":"Just another Ramapo College of New Jersey Sites site","potentialAction":[{"@type":"SearchAction","target":{"@type":"EntryPoint","urlTemplate":"https:\/\/www.ramapo.edu\/eof-program\/?s={search_term_string}"},"query-input":{"@type":"PropertyValueSpecification","valueRequired":true,"valueName":"search_term_string"}}],"inLanguage":"en-US"}]}},"_links":{"self":[{"href":"https:\/\/www.ramapo.edu\/eof-program\/wp-json\/wp\/v2\/pages\/1832","targetHints":{"allow":["GET"]}}],"collection":[{"href":"https:\/\/www.ramapo.edu\/eof-program\/wp-json\/wp\/v2\/pages"}],"about":[{"href":"https:\/\/www.ramapo.edu\/eof-program\/wp-json\/wp\/v2\/types\/page"}],"author":[{"embeddable":true,"href":"https:\/\/www.ramapo.edu\/eof-program\/wp-json\/wp\/v2\/users\/1011"}],"replies":[{"embeddable":true,"href":"https:\/\/www.ramapo.edu\/eof-program\/wp-json\/wp\/v2\/comments?post=1832"}],"version-history":[{"count":13,"href":"https:\/\/www.ramapo.edu\/eof-program\/wp-json\/wp\/v2\/pages\/1832\/revisions"}],"predecessor-version":[{"id":1869,"href":"https:\/\/www.ramapo.edu\/eof-program\/wp-json\/wp\/v2\/pages\/1832\/revisions\/1869"}],"wp:attachment":[{"href":"https:\/\/www.ramapo.edu\/eof-program\/wp-json\/wp\/v2\/media?parent=1832"}],"curies":[{"name":"wp","href":"https:\/\/api.w.org\/{rel}","templated":true}]}}