{"id":1804,"date":"2025-05-19T17:01:34","date_gmt":"2025-05-19T21:01:34","guid":{"rendered":"https:\/\/www.ramapo.edu\/eof-program\/?page_id=1804"},"modified":"2026-01-08T16:09:52","modified_gmt":"2026-01-08T21:09:52","slug":"programa-del-fondo-de-oportunidades-educativas-eof","status":"publish","type":"page","link":"https:\/\/www.ramapo.edu\/eof-program\/programa-del-fondo-de-oportunidades-educativas-eof\/","title":{"rendered":"Programa del Fondo de Oportunidades Educativas (EOF)"},"content":{"rendered":"<p style=\"text-align: right\"><em><a href=\"\/eof-program\/\">View page in English<\/a><\/em><\/p>\n<h2>Prop\u00f3sito del Programa EOF<\/h2>\n<p style=\"text-align: left\">El Programa del Fondo de Oportunidades Educativas (EOF) en Ramapo College de Nueva Jersey es un programa orientado a la inclusi\u00f3n, en la educaci\u00f3n superior, de personas hist\u00f3ricamente afectadas por la vulnerabilidad econ\u00f3mica. A trav\u00e9s del programa EOF, los estudiantes elegibles ingresan a una red integral de servicios de apoyo acad\u00e9mico, conexi\u00f3n con egresados y recursos de sost\u00e9n para lograr la graduaci\u00f3n.<br \/>\nEsta iniciativa reafirma el compromiso de nuestra instituci\u00f3n con la igualdad de oportunidades educativas y el \u00e9xito a largo plazo de nuestros estudiantes.<\/p>\n<p style=\"text-align: center\"><iframe loading=\"lazy\" src=\"https:\/\/player.vimeo.com\/video\/705390435?h=94db05522b&amp;dnt=1&amp;app_id=122963\" width=\"500\" height=\"281\" frameborder=\"0\" allow=\"autoplay; fullscreen; picture-in-picture; clipboard-write; encrypted-media; web-share\" referrerpolicy=\"strict-origin-when-cross-origin\"><\/iframe><\/p>\n<div style=\"text-align: center\"><em>Subt\u00edtulos en espa\u00f1ol disponibles. Haz clic en CC para seleccionar.<\/em><\/div>\n<hr \/>\n<h2>Servicios del Programa EOF en Ramapo College<\/h2>\n<p>Nuestra oficina ofrece atenci\u00f3n tanto presencial como virtual para estudiantes del Programa EOF en Ramapo College.<\/p>\n<p>Si eres estudiante EOF, te invitamos a contactar a tu asesor\/a o agendar una cita a trav\u00e9s de Connect.<\/p>\n<p>Para consultas generales sobre el Fondo de Oportunidades Educativas (EOF), puedes llamarnos o escribirnos por correo electr\u00f3nico.<\/p>\n<p style=\"text-align: center\"><strong>Tel\u00e9fono:<\/strong> (201) 684-7541<br \/>\n<strong>Fax:<\/strong> (201) 684-7027<br \/>\n<strong>Ubicaci\u00f3n:<\/strong> D-101<br \/>\n<strong>Correo electr\u00f3nico:<\/strong> EOFdesk@ramapo.edu<\/p>\n<p style=\"text-align: center\"><strong>Horario durante el ciclo lectivo:<\/strong> lunes a viernes, de 8:30 a.m. a 4:30 p.m.<br \/>\n<strong>Horario de verano:<\/strong> lunes a jueves, de 8:00 a.m. a 5:15 p.m.<\/p>\n<div class=\"divider\"><img decoding=\"async\" src=\"\/wp-content\/themes\/rcnjrd\/images\/icons\/ramapo-arch-icom_rule.png\" alt=\"Ramapo\" \/><\/div>\n<h2>Apoya al Programa EOF<\/h2>\n<p>Haz tu donaci\u00f3n hoy y ayuda a fortalecer el Programa EOF en Ramapo College, promoviendo el acceso equitativo a la educaci\u00f3n superior para estudiantes de Nueva Jersey.<\/p>\n<p style=\"text-align: center\"><a class=\"btn\" href=\"https:\/\/www.ramapo.edu\/giving\/make-a-gift\/\">Haz tu donaci\u00f3n hoy<\/a><\/p>\n<div class=\"row colSet\">\n<div class=\"sColumn col-sm-12 col-md-12 col-lg-2\">\n<p><a href=\"https:\/\/www.ramapo.edu\/eof-program\/wp-content\/uploads\/sites\/20\/2020\/05\/Pic-Warren-Semper-Senior-2020.png\"><img loading=\"lazy\" decoding=\"async\" class=\"alignleft wp-image-1441 size-thumbnail\" src=\"https:\/\/www.ramapo.edu\/eof-program\/wp-content\/uploads\/sites\/20\/2020\/05\/Pic-Warren-Semper-Senior-2020-150x150.png\" alt=\"Photograph of a young African American student, graduate of the EOF Program (Class of 2020). | Fotograf\u00eda de joven estudiante afroamericano, egresado del Programa EOF (Clase 2020).\" width=\"150\" height=\"150\" srcset=\"https:\/\/www.ramapo.edu\/eof-program\/wp-content\/uploads\/sites\/20\/2020\/05\/Pic-Warren-Semper-Senior-2020-150x150.png 150w, https:\/\/www.ramapo.edu\/eof-program\/wp-content\/uploads\/sites\/20\/2020\/05\/Pic-Warren-Semper-Senior-2020.png 242w\" sizes=\"auto, (max-width: 150px) 100vw, 150px\" \/><\/a><\/p>\n<\/div>\n<div class=\"sColumn col-sm-12 col-md-12 \">\n<p>\u201cEstoy eternamente agradecido con todo el equipo del Programa EOF. Este programa me ha brindado tantas oportunidades durante estos \u00faltimos cuatro a\u00f1os, muchas de las cuales pens\u00e9 que nunca tendr\u00eda la posibilidad de vivir. Desde el bootcamp acad\u00e9mico al que todos asistimos en 2016, hasta haber podido estudiar en el extranjero dos veces y, finalmente, estar por graduarme. Este programa y todas las personas que lo hacen posible merecen el mayor reconocimiento, porque nos ense\u00f1aron a esforzarnos, a madurar y nos acompa\u00f1aron durante los momentos dif\u00edciles que implica la vida universitaria. Me siento m\u00e1s que feliz de considerar al EOF como una familia, y jam\u00e1s lo olvidar\u00e9.\u201d<\/p>\n<p style=\"text-align: right\">\u2013 Warren Semper, Clase 2020<\/p>\n<\/div>\n<\/div>\n<div class=\"divider\"><img decoding=\"async\" src=\"\/wp-content\/themes\/rcnjrd\/images\/icons\/ramapo-arch-icom_rule.png\" alt=\"Ramapo\" \/><\/div>\n<h2>Equipo del Programa EOF<\/h2>\n<p>El equipo del Programa EOF en Ramapo College est\u00e1 compuesto por profesionales comprometidos con el \u00e9xito acad\u00e9mico, personal y profesional de cada estudiante. Desde la orientaci\u00f3n inicial hasta el d\u00eda de la graduaci\u00f3n, nuestro personal brinda asesoramiento, acompa\u00f1amiento acad\u00e9mico y apoyo constante a lo largo de toda la experiencia universitaria.<\/p>\n<div class=\"collapsableContent\" tabindex=\"0\"><div class=\"collapsableTitle\"><span class=\"fa-stack\"><i class=\"fa fa-circle fa-stack-2x\"><\/i><i class=\"fa fa-chevron-down fa-stack-1x fa-inverse\"><\/i><i class=\"fa fa-chevron-up fa-stack-1x fa-inverse\"><\/i><\/span>El Equipo<\/div><div class=\"c_content\">\n<div class=\"infoBox col-sm-12 col-lg-12 \"><div class=\"boxContent\">\n<p><a href=\"https:\/\/www.ramapo.edu\/eof-program\/wp-content\/uploads\/sites\/20\/2024\/10\/Gabriella-Ammiano.jpg\"><img loading=\"lazy\" decoding=\"async\" class=\"alignright wp-image-1766 size-full\" src=\"https:\/\/www.ramapo.edu\/eof-program\/wp-content\/uploads\/sites\/20\/2024\/10\/Gabriella-Ammiano-Photo.png\" alt=\"Gabriella Ammiano, Director of Educational Opportunity Fund (EOF) Program &amp; Student Success | Gabriella Ammiano, Directora del Programa EOF de Ramapo College.\" width=\"86\" height=\"106\" \/><\/a><\/p>\n<p style=\"text-align: left\"><strong>Gabriella Ammiano<\/strong> (Pronombres: ella)<br \/>\nDirectora del Programa del Fondo de Oportunidades Educativas<br \/>\nTel\u00e9fono: (201) 684-7545<br \/>\nEl e-mail: <a href=\"mailto:gammiano@ramapo.edu\">gammiano@ramapo.edu<\/a><\/p>\n<\/div><\/div>\n<p style=\"clear: both\"><div class=\"infoBox col-sm-12 col-lg-12 \"><div class=\"boxContent\"><\/p>\n<p><a href=\"https:\/\/www.ramapo.edu\/eof-program\/wp-content\/uploads\/sites\/20\/2021\/11\/Tanadjza-Headshot-202x300.jpg\"><img loading=\"lazy\" decoding=\"async\" class=\"alignright\" src=\"https:\/\/www.ramapo.edu\/eof-program\/wp-content\/uploads\/sites\/20\/2021\/11\/Tanadjza-Headshot-202x300.jpg\" alt=\"Tanadjza Robinson-McCray, Student Development Specialist\" width=\"73\" height=\"108\" \/><\/a><strong>Tanadjza Robinson-McCray<\/strong> (Pronombres: ella)<br \/>\nEspecialista en Desarrollo Estudiantil \u2013 Programa EOF<br \/>\nTel\u00e9fono: (201) 684-7547<br \/>\nEl e-mail: <a href=\"mailto:trobins2@ramapo.edu\">trobins2@ramapo.edu<\/a><\/p>\n<p style=\"clear: both\"><\/div><\/div><\/p>\n<p style=\"clear: both\"><div class=\"infoBox col-sm-12 col-lg-12 \"><div class=\"boxContent\"><\/p>\n<p><a href=\"https:\/\/www.ramapo.edu\/eof-program\/wp-content\/uploads\/sites\/20\/2021\/05\/Quinones-Natalie-3.4.2020-01-002.jpg\"><img loading=\"lazy\" decoding=\"async\" class=\"alignright\" src=\"https:\/\/www.ramapo.edu\/eof-program\/wp-content\/uploads\/sites\/20\/2021\/05\/Quinones-Natalie-3.4.2020-01-002-209x300.jpg\" alt=\"Natalie Qui\u00f1ones, Student Development Specialist | Natalie Qui\u00f1ones, Especialista en Desarrollo Estudiantil \u2013 Programa EOF\" width=\"68\" height=\"97\" \/><\/a><strong>Natalie Qui\u00f1ones<\/strong> (Pronombres: ella)<br \/>\nEspecialista en Desarrollo Estudiantil \u2013 Programa EOF<br \/>\nTel\u00e9fono: (201) 684-7546<br \/>\nEl e-mail: <a href=\"mailto:nquinone@ramapo.edu\">nquinone@ramapo.edu<\/a><\/p>\n<p style=\"clear: both\"><\/div><\/div><\/p>\n<div class=\"infoBox col-sm-12 col-lg-12 \"><div class=\"boxContent\">\n<p><a href=\"https:\/\/www.ramapo.edu\/eof-program\/wp-content\/uploads\/sites\/20\/2022\/09\/Hemmings-Keivon-9.7.18-01.jpg\"><img loading=\"lazy\" decoding=\"async\" class=\"alignright\" src=\"https:\/\/www.ramapo.edu\/eof-program\/wp-content\/uploads\/sites\/20\/2022\/09\/Hemmings-Keivon-9.7.18-01-200x300.jpg\" alt=\"Keivon Hemmings, Student Development Specialist } Keivon Hemmings, Especialista en Desarrollo Estudiantil \u2013 Programa EOF\" width=\"69\" height=\"104\" \/><\/a><strong>Keivon Hemmings<\/strong> (Pronombres: \u00e9l)<br \/>\nEspecialista en Desarrollo Estudiantil \u2013 Programa EOF<br \/>\nTel\u00e9fono: (201) 684-6217<br \/>\nEl e-mail: <a href=\"mailto:khemming@ramapo.edu\">khemming@ramapo.edu<\/a><\/p>\n<\/div><\/div>\n<p style=\"clear: both\"><div class=\"infoBox col-sm-12 col-lg-12 \"><div class=\"boxContent\"><\/p>\n<p><strong><a href=\"https:\/\/www.ramapo.edu\/eof-program\/home\/juliosarmiento\/\"><img loading=\"lazy\" decoding=\"async\" class=\"alignright wp-image-1927\" src=\"https:\/\/www.ramapo.edu\/eof-program\/wp-content\/uploads\/sites\/20\/2025\/11\/JulioSarmiento-e1763573714915-179x300.jpg\" alt=\"Julio Sarmiento, Student Development Specialist\" width=\"73\" height=\"122\" srcset=\"https:\/\/www.ramapo.edu\/eof-program\/wp-content\/uploads\/sites\/20\/2025\/11\/JulioSarmiento-e1763573714915-179x300.jpg 179w, https:\/\/www.ramapo.edu\/eof-program\/wp-content\/uploads\/sites\/20\/2025\/11\/JulioSarmiento-e1763573714915-609x1024.jpg 609w, https:\/\/www.ramapo.edu\/eof-program\/wp-content\/uploads\/sites\/20\/2025\/11\/JulioSarmiento-e1763573714915.jpg 714w\" sizes=\"auto, (max-width: 73px) 100vw, 73px\" \/><\/a>Mr. Julio Sarmiento <\/strong>(Pronombres: \u00e9l)<br \/>\nEspecialista en Desarrollo Estudiantil \u2013 Programa EOF<br \/>\nPhone: (201) 684-7544<br \/>\nEl e-mail: <a href=\"jsarmien@ramapo.edu\">jsarmien@ramapo.edu<\/a><\/p>\n<p style=\"clear: both\"><\/div><\/div><\/p>\n<div class=\"infoBox col-sm-12 col-lg-12 \"><div class=\"boxContent\">\n<p><strong><a href=\"https:\/\/www.ramapo.edu\/eof-program\/wp-content\/uploads\/sites\/20\/2021\/11\/Millien-Christine-11.15.21-01.jpg\"><img loading=\"lazy\" decoding=\"async\" class=\"alignright\" src=\"https:\/\/www.ramapo.edu\/eof-program\/wp-content\/uploads\/sites\/20\/2021\/11\/Millien-Christine-11.15.21-01-197x300.jpg\" alt=\"Christine Millien, Office Coordinator | Christine Millien, Coordinadora Administrativa \u2013 Programa EOF\" width=\"69\" height=\"106\" \/><\/a>Christine Millien<\/strong> (Pronombres: ella)<br \/>\nCoordinadora Administrativa \u2013 Programa EOF<br \/>\nTel\u00e9fono: (201) 684-7542<br \/>\nEl e-mail: <a href=\"mailto:cmillien@ramapo.edu\">cmillien@ramapo.edu<\/a><\/p>\n<\/div><\/div>\n<div class=\"infoBox col-sm-12 col-lg-12 \"><div class=\"boxContent\">\n<p><a href=\"https:\/\/www.ramapo.edu\/eof-program\/wp-content\/uploads\/sites\/20\/2023\/06\/Uma-Mahalingam-Headshot.jpeg\"><img loading=\"lazy\" decoding=\"async\" class=\"alignright wp-image-1727\" src=\"https:\/\/www.ramapo.edu\/eof-program\/wp-content\/uploads\/sites\/20\/2023\/06\/Uma-Mahalingam-Headshot-300x300.jpeg\" alt=\"Uma Mahalingam, Assistant Director of the First-Generation Student Center | Uma Mahalingam, Subdirectora del Centro para Estudiantes de Primera Generaci\u00f3n\" width=\"90\" height=\"137\" \/><\/a><\/p>\n<p><strong>Uma Mahalingam<\/strong> (Pronombres: ella)<br \/>\nSubdirectora del Centro para Estudiantes de Primera Generaci\u00f3n (Oficina D-212C)<br \/>\nTel\u00e9fono: (201-684-7439<br \/>\nEl e-mail: <a href=\"mailto:FirstGen@ramapo.edu\">FirstGen@ramapo.edu<\/a><\/p>\n<\/div><\/div>\n<\/div><\/div>\n","protected":false},"excerpt":{"rendered":"<p>View page in English Prop\u00f3sito del Programa EOF El Programa del Fondo de Oportunidades Educativas (EOF) en Ramapo College de Nueva Jersey es un programa orientado a la inclusi\u00f3n, en la educaci\u00f3n superior, de personas hist\u00f3ricamente afectadas por la vulnerabilidad econ\u00f3mica. A trav\u00e9s del programa EOF, los estudiantes elegibles ingresan a una red integral de [&hellip;]<\/p>\n","protected":false},"author":906,"featured_media":1733,"parent":0,"menu_order":0,"comment_status":"closed","ping_status":"closed","template":"page_leftCol_hero_img.php","meta":{"footnotes":""},"class_list":["post-1804","page","type-page","status-publish","has-post-thumbnail","hentry"],"yoast_head":"<!-- This site is optimized with the Yoast SEO Premium plugin v21.5 (Yoast SEO v27.1.1) - https:\/\/yoast.com\/product\/yoast-seo-premium-wordpress\/ -->\n<title>Programa del Fondo de Oportunidades Educativas (EOF) - Educational Opportunity Fund Program || Ramapo College of New Jersey<\/title>\n<meta name=\"description\" content=\"Accede a la educaci\u00f3n superior con el Programa EOF en Ramapo College. Apoyo acad\u00e9mico, ayuda financiera y recursos para estudiantes elegibles.\" \/>\n<meta name=\"robots\" content=\"index, follow, max-snippet:-1, max-image-preview:large, max-video-preview:-1\" \/>\n<link rel=\"canonical\" href=\"https:\/\/www.ramapo.edu\/eof-program\/programa-del-fondo-de-oportunidades-educativas-eof\/\" \/>\n<meta property=\"og:locale\" content=\"en_US\" \/>\n<meta property=\"og:type\" content=\"article\" \/>\n<meta property=\"og:title\" content=\"Programa del Fondo de Oportunidades Educativas (EOF)\" \/>\n<meta property=\"og:description\" content=\"Accede a la educaci\u00f3n superior con el Programa EOF en Ramapo College. Apoyo acad\u00e9mico, ayuda financiera y recursos para estudiantes elegibles.\" \/>\n<meta property=\"og:url\" content=\"https:\/\/www.ramapo.edu\/eof-program\/programa-del-fondo-de-oportunidades-educativas-eof\/\" \/>\n<meta property=\"og:site_name\" content=\"Educational Opportunity Fund Program\" \/>\n<meta property=\"article:publisher\" content=\"https:\/\/www.facebook.com\/RamapoCollege\" \/>\n<meta property=\"article:modified_time\" content=\"2026-01-08T21:09:52+00:00\" \/>\n<meta property=\"og:image\" content=\"https:\/\/www.ramapo.edu\/eof-program\/wp-content\/uploads\/sites\/20\/2023\/09\/Copy-of-EOF-Class-of-23-8.9.23-50.jpg\" \/>\n\t<meta property=\"og:image:width\" content=\"1800\" \/>\n\t<meta property=\"og:image:height\" content=\"1200\" \/>\n\t<meta property=\"og:image:type\" content=\"image\/jpeg\" \/>\n<meta name=\"twitter:card\" content=\"summary_large_image\" \/>\n<meta name=\"twitter:site\" content=\"@ramapocollegenj\" \/>\n<meta name=\"twitter:label1\" content=\"Est. reading time\" \/>\n\t<meta name=\"twitter:data1\" content=\"5 minutes\" \/>\n<script type=\"application\/ld+json\" class=\"yoast-schema-graph\">{\"@context\":\"https:\/\/schema.org\",\"@graph\":[{\"@type\":\"WebPage\",\"@id\":\"https:\/\/www.ramapo.edu\/eof-program\/programa-del-fondo-de-oportunidades-educativas-eof\/\",\"url\":\"https:\/\/www.ramapo.edu\/eof-program\/programa-del-fondo-de-oportunidades-educativas-eof\/\",\"name\":\"Programa del Fondo de Oportunidades Educativas (EOF) - Educational Opportunity Fund Program || Ramapo College of New Jersey\",\"isPartOf\":{\"@id\":\"https:\/\/www.ramapo.edu\/eof-program\/#website\"},\"primaryImageOfPage\":{\"@id\":\"https:\/\/www.ramapo.edu\/eof-program\/programa-del-fondo-de-oportunidades-educativas-eof\/#primaryimage\"},\"image\":{\"@id\":\"https:\/\/www.ramapo.edu\/eof-program\/programa-del-fondo-de-oportunidades-educativas-eof\/#primaryimage\"},\"thumbnailUrl\":\"https:\/\/www.ramapo.edu\/eof-program\/wp-content\/uploads\/sites\/20\/2023\/09\/Copy-of-EOF-Class-of-23-8.9.23-50.jpg\",\"datePublished\":\"2025-05-19T21:01:34+00:00\",\"dateModified\":\"2026-01-08T21:09:52+00:00\",\"description\":\"Accede a la educaci\u00f3n superior con el Programa EOF en Ramapo College. Apoyo acad\u00e9mico, ayuda financiera y recursos para estudiantes elegibles.\",\"breadcrumb\":{\"@id\":\"https:\/\/www.ramapo.edu\/eof-program\/programa-del-fondo-de-oportunidades-educativas-eof\/#breadcrumb\"},\"inLanguage\":\"en-US\",\"potentialAction\":[{\"@type\":\"ReadAction\",\"target\":[\"https:\/\/www.ramapo.edu\/eof-program\/programa-del-fondo-de-oportunidades-educativas-eof\/\"]}]},{\"@type\":\"ImageObject\",\"inLanguage\":\"en-US\",\"@id\":\"https:\/\/www.ramapo.edu\/eof-program\/programa-del-fondo-de-oportunidades-educativas-eof\/#primaryimage\",\"url\":\"https:\/\/www.ramapo.edu\/eof-program\/wp-content\/uploads\/sites\/20\/2023\/09\/Copy-of-EOF-Class-of-23-8.9.23-50.jpg\",\"contentUrl\":\"https:\/\/www.ramapo.edu\/eof-program\/wp-content\/uploads\/sites\/20\/2023\/09\/Copy-of-EOF-Class-of-23-8.9.23-50.jpg\",\"width\":1800,\"height\":1200,\"caption\":\"EOF Summer 2023 Class | Clase de verano EOF 2023\"},{\"@type\":\"BreadcrumbList\",\"@id\":\"https:\/\/www.ramapo.edu\/eof-program\/programa-del-fondo-de-oportunidades-educativas-eof\/#breadcrumb\",\"itemListElement\":[{\"@type\":\"ListItem\",\"position\":1,\"name\":\"Ramapo College of New Jersey Home Page \u00bb Academics \u00bb Educational Opportunity Fund Program\",\"item\":\"https:\/\/www.ramapo.edu\/eof-program\/\"},{\"@type\":\"ListItem\",\"position\":2,\"name\":\"Programa del Fondo de Oportunidades Educativas (EOF)\"}]},{\"@type\":\"WebSite\",\"@id\":\"https:\/\/www.ramapo.edu\/eof-program\/#website\",\"url\":\"https:\/\/www.ramapo.edu\/eof-program\/\",\"name\":\"Educational Opportunity Fund Program\",\"description\":\"Just another Ramapo College of New Jersey Sites site\",\"potentialAction\":[{\"@type\":\"SearchAction\",\"target\":{\"@type\":\"EntryPoint\",\"urlTemplate\":\"https:\/\/www.ramapo.edu\/eof-program\/?s={search_term_string}\"},\"query-input\":{\"@type\":\"PropertyValueSpecification\",\"valueRequired\":true,\"valueName\":\"search_term_string\"}}],\"inLanguage\":\"en-US\"}]}<\/script>\n<!-- \/ Yoast SEO Premium plugin. -->","yoast_head_json":{"title":"Programa del Fondo de Oportunidades Educativas (EOF) - Educational Opportunity Fund Program || Ramapo College of New Jersey","description":"Accede a la educaci\u00f3n superior con el Programa EOF en Ramapo College. Apoyo acad\u00e9mico, ayuda financiera y recursos para estudiantes elegibles.","robots":{"index":"index","follow":"follow","max-snippet":"max-snippet:-1","max-image-preview":"max-image-preview:large","max-video-preview":"max-video-preview:-1"},"canonical":"https:\/\/www.ramapo.edu\/eof-program\/programa-del-fondo-de-oportunidades-educativas-eof\/","og_locale":"en_US","og_type":"article","og_title":"Programa del Fondo de Oportunidades Educativas (EOF)","og_description":"Accede a la educaci\u00f3n superior con el Programa EOF en Ramapo College. Apoyo acad\u00e9mico, ayuda financiera y recursos para estudiantes elegibles.","og_url":"https:\/\/www.ramapo.edu\/eof-program\/programa-del-fondo-de-oportunidades-educativas-eof\/","og_site_name":"Educational Opportunity Fund Program","article_publisher":"https:\/\/www.facebook.com\/RamapoCollege","article_modified_time":"2026-01-08T21:09:52+00:00","og_image":[{"width":1800,"height":1200,"url":"https:\/\/www.ramapo.edu\/eof-program\/wp-content\/uploads\/sites\/20\/2023\/09\/Copy-of-EOF-Class-of-23-8.9.23-50.jpg","type":"image\/jpeg"}],"twitter_card":"summary_large_image","twitter_site":"@ramapocollegenj","twitter_misc":{"Est. reading time":"5 minutes"},"schema":{"@context":"https:\/\/schema.org","@graph":[{"@type":"WebPage","@id":"https:\/\/www.ramapo.edu\/eof-program\/programa-del-fondo-de-oportunidades-educativas-eof\/","url":"https:\/\/www.ramapo.edu\/eof-program\/programa-del-fondo-de-oportunidades-educativas-eof\/","name":"Programa del Fondo de Oportunidades Educativas (EOF) - Educational Opportunity Fund Program || Ramapo College of New Jersey","isPartOf":{"@id":"https:\/\/www.ramapo.edu\/eof-program\/#website"},"primaryImageOfPage":{"@id":"https:\/\/www.ramapo.edu\/eof-program\/programa-del-fondo-de-oportunidades-educativas-eof\/#primaryimage"},"image":{"@id":"https:\/\/www.ramapo.edu\/eof-program\/programa-del-fondo-de-oportunidades-educativas-eof\/#primaryimage"},"thumbnailUrl":"https:\/\/www.ramapo.edu\/eof-program\/wp-content\/uploads\/sites\/20\/2023\/09\/Copy-of-EOF-Class-of-23-8.9.23-50.jpg","datePublished":"2025-05-19T21:01:34+00:00","dateModified":"2026-01-08T21:09:52+00:00","description":"Accede a la educaci\u00f3n superior con el Programa EOF en Ramapo College. Apoyo acad\u00e9mico, ayuda financiera y recursos para estudiantes elegibles.","breadcrumb":{"@id":"https:\/\/www.ramapo.edu\/eof-program\/programa-del-fondo-de-oportunidades-educativas-eof\/#breadcrumb"},"inLanguage":"en-US","potentialAction":[{"@type":"ReadAction","target":["https:\/\/www.ramapo.edu\/eof-program\/programa-del-fondo-de-oportunidades-educativas-eof\/"]}]},{"@type":"ImageObject","inLanguage":"en-US","@id":"https:\/\/www.ramapo.edu\/eof-program\/programa-del-fondo-de-oportunidades-educativas-eof\/#primaryimage","url":"https:\/\/www.ramapo.edu\/eof-program\/wp-content\/uploads\/sites\/20\/2023\/09\/Copy-of-EOF-Class-of-23-8.9.23-50.jpg","contentUrl":"https:\/\/www.ramapo.edu\/eof-program\/wp-content\/uploads\/sites\/20\/2023\/09\/Copy-of-EOF-Class-of-23-8.9.23-50.jpg","width":1800,"height":1200,"caption":"EOF Summer 2023 Class | Clase de verano EOF 2023"},{"@type":"BreadcrumbList","@id":"https:\/\/www.ramapo.edu\/eof-program\/programa-del-fondo-de-oportunidades-educativas-eof\/#breadcrumb","itemListElement":[{"@type":"ListItem","position":1,"name":"Ramapo College of New Jersey Home Page \u00bb Academics \u00bb Educational Opportunity Fund Program","item":"https:\/\/www.ramapo.edu\/eof-program\/"},{"@type":"ListItem","position":2,"name":"Programa del Fondo de Oportunidades Educativas (EOF)"}]},{"@type":"WebSite","@id":"https:\/\/www.ramapo.edu\/eof-program\/#website","url":"https:\/\/www.ramapo.edu\/eof-program\/","name":"Educational Opportunity Fund Program","description":"Just another Ramapo College of New Jersey Sites site","potentialAction":[{"@type":"SearchAction","target":{"@type":"EntryPoint","urlTemplate":"https:\/\/www.ramapo.edu\/eof-program\/?s={search_term_string}"},"query-input":{"@type":"PropertyValueSpecification","valueRequired":true,"valueName":"search_term_string"}}],"inLanguage":"en-US"}]}},"_links":{"self":[{"href":"https:\/\/www.ramapo.edu\/eof-program\/wp-json\/wp\/v2\/pages\/1804","targetHints":{"allow":["GET"]}}],"collection":[{"href":"https:\/\/www.ramapo.edu\/eof-program\/wp-json\/wp\/v2\/pages"}],"about":[{"href":"https:\/\/www.ramapo.edu\/eof-program\/wp-json\/wp\/v2\/types\/page"}],"author":[{"embeddable":true,"href":"https:\/\/www.ramapo.edu\/eof-program\/wp-json\/wp\/v2\/users\/906"}],"replies":[{"embeddable":true,"href":"https:\/\/www.ramapo.edu\/eof-program\/wp-json\/wp\/v2\/comments?post=1804"}],"version-history":[{"count":33,"href":"https:\/\/www.ramapo.edu\/eof-program\/wp-json\/wp\/v2\/pages\/1804\/revisions"}],"predecessor-version":[{"id":1941,"href":"https:\/\/www.ramapo.edu\/eof-program\/wp-json\/wp\/v2\/pages\/1804\/revisions\/1941"}],"wp:featuredmedia":[{"embeddable":true,"href":"https:\/\/www.ramapo.edu\/eof-program\/wp-json\/wp\/v2\/media\/1733"}],"wp:attachment":[{"href":"https:\/\/www.ramapo.edu\/eof-program\/wp-json\/wp\/v2\/media?parent=1804"}],"curies":[{"name":"wp","href":"https:\/\/api.w.org\/{rel}","templated":true}]}}