{"id":7915,"date":"2026-01-09T16:06:55","date_gmt":"2026-01-09T21:06:55","guid":{"rendered":"https:\/\/www.ramapo.edu\/berriecenter\/?page_id=7915"},"modified":"2026-01-09T16:06:55","modified_gmt":"2026-01-09T21:06:55","slug":"archive-2023","status":"publish","type":"page","link":"https:\/\/www.ramapo.edu\/berriecenter\/exhibitions\/archive-2023\/","title":{"rendered":"Archive 2023"},"content":{"rendered":"<h2 style=\"text-align: center\">EXHIBITION CALENDAR: 2023<\/h2>\n<div class=\"ramapo-tribe-event-separator-month\"><span>February 2023<\/span><\/div><div id=\"post-7918\" class=\"ramapo-tribe-event-body\"><div class=\"ramapo-tribe-event-image\"><img loading=\"lazy\" decoding=\"async\" width=\"300\" height=\"233\" src=\"https:\/\/www.ramapo.edu\/berriecenter\/wp-content\/uploads\/sites\/152\/2026\/01\/nagle-300x233.jpeg\" class=\"attachment-medium size-medium wp-post-image\" alt=\"An astrolabe\" srcset=\"https:\/\/www.ramapo.edu\/berriecenter\/wp-content\/uploads\/sites\/152\/2026\/01\/nagle-300x233.jpeg 300w, https:\/\/www.ramapo.edu\/berriecenter\/wp-content\/uploads\/sites\/152\/2026\/01\/nagle-1024x796.jpeg 1024w, https:\/\/www.ramapo.edu\/berriecenter\/wp-content\/uploads\/sites\/152\/2026\/01\/nagle-768x597.jpeg 768w, https:\/\/www.ramapo.edu\/berriecenter\/wp-content\/uploads\/sites\/152\/2026\/01\/nagle.jpeg 1041w\" sizes=\"auto, (max-width: 300px) 100vw, 300px\" \/><\/div><div class=\"ramapo-tribe-event-date\"><span class=\"month\">Feb.<\/span> <span class=\"date\">17<\/span><\/div><div class=\"ramapo-tribe-event-title\"><a class=\"url\" href=\"https:\/\/www.ramapo.edu\/berriecenter\/event\/from-alchemy-to-numinosity\/\" rel=\"bookmark\">From Alchemy to Numinosity<\/a><\/div><span class=\"ramapo-tribe-event-time\">February 17, 12:00 am -- April 04, 11:59 pm<\/span><div class=\"ramapo-tribe-venue-details\"><a href=\"https:\/\/www.ramapo.edu\/berriecenter\/venue\/berrie-center\/\">Berrie Center<\/a><\/div><div class=\"ramapo-tribe-event-description\"><p><p>An unusual group exhibition exploring notions of alchemy and numinosity.<\/p>\n<p>Featuring works by Juan Alsar, Emery Blagdon, Benoit, gwen charles, Victor Davson, Florine D\u00e9mosth\u00e8ne, Michael Dominick, Edouard Duval-Carri\u00e9, LaFortune Felix, Sancilus Ishmael, Edger Jean-Louis, Serge Jolimeau, Jean Baptiste Jean Joseph, Josh Knoblick, Ann LePore, Julie Nagle, Philom\u00e9 Obin, Antoine Oleyant, Andr\u00e9 Pierre, Roland Rockville, Jon Serl, Jackie Skrzynski, and Lydia Viscardi.<\/p>\n<p>On view February 17 &#8211; April 4 in the Kresge and Pascal Galleries.<\/p>\n<p>Featured Image: Julie Nagle, <em>Astrolabe<\/em>, 2016, brass, semi-precious stones.<\/p>\n<p>&nbsp;<\/p>\n<\/p><\/div><\/div><div class=\"ramapo-tribe-event-separator-month\"><span>September 2023<\/span><\/div><div id=\"post-6628\" class=\"ramapo-tribe-event-body\"><div class=\"ramapo-tribe-event-image\"><img loading=\"lazy\" decoding=\"async\" width=\"282\" height=\"211\" src=\"https:\/\/www.ramapo.edu\/berriecenter\/wp-content\/uploads\/sites\/152\/2023\/08\/Uxmal-on-Hudson-Stone-Archives-.jpg\" class=\"attachment-medium size-medium wp-post-image\" alt=\"Gray stone from Claudia Pena Salinas, Uxmal-on-Hudson: Stone Archives\" \/><\/div><div class=\"ramapo-tribe-event-date\"><span class=\"month\">Sep.<\/span> <span class=\"date\">13<\/span><\/div><div class=\"ramapo-tribe-event-title\"><a class=\"url\" href=\"https:\/\/www.ramapo.edu\/berriecenter\/event\/notes-on-anarchaeology\/\" rel=\"bookmark\">Notes on Anarchaeology. Forgery, Iconoclasm, Displacement<\/a><\/div><span class=\"ramapo-tribe-event-time\">September 13, 12:00 am -- November 10, 11:59 pm<\/span><div class=\"ramapo-tribe-venue-details\"><a href=\"https:\/\/www.ramapo.edu\/berriecenter\/venue\/berrie-center\/\">Berrie Center<\/a><\/div><div class=\"ramapo-tribe-event-description\"><p><p><strong>September 13 \u2013 November 10, 2023<br \/>\nLocation:<\/strong> Kresge Gallery<\/p>\n<p>Ramapo Curatorial Prize exhibition curated by Paulina Ascencio Fuentes which engages critically with how heritage is constructed, catalogued, preserved, and exhibited.\u00a0 Artists: Carlos Martinez Gonzalez, Circe Irasema, Ileana Moreno, Claudia Pena Salinas<\/p>\n<p><a href=\"https:\/\/www.ramapo.edu\/news\/slide\/inventive-contemporary-exhibition-about-experimental-approaches-to-archaeology-opens-at-ramapo-college\/\" target=\"_blank\" rel=\"noopener\">Press Release<\/a><\/p>\n<h4>Opening Reception:<\/h4>\n<p><strong>Wednesday, September 13, 5- 7 p.m.<br \/>\n<\/strong><strong>Curator\u2019s Talk: 6 p.m.<\/strong><\/p>\n<p>The Ramapo Curatorial Prize is awarded each year to a second-year graduate student at Bard College\u2019s Center for Curatorial Studies.<\/p>\n<p><span style=\"font-size: 14px;\">Image: Claudia Pena Salinas, <em>Uxmal-on-Hudson: Stone Archives<\/em> (detail), 2011, courtesy of Embajada Gallery, NY <\/span><\/p>\n<\/p><\/div><\/div><div id=\"post-6683\" class=\"ramapo-tribe-event-body\"><div class=\"ramapo-tribe-event-image\"><img loading=\"lazy\" decoding=\"async\" width=\"300\" height=\"250\" src=\"https:\/\/www.ramapo.edu\/berriecenter\/wp-content\/uploads\/sites\/152\/2023\/08\/Mozinho-Bride-and-Groom-300x250.jpg\" class=\"attachment-medium size-medium wp-post-image\" alt=\"Mozinho, Bride and Groom, acrylic on canvas, Brazil, Rodman Collection\" srcset=\"https:\/\/www.ramapo.edu\/berriecenter\/wp-content\/uploads\/sites\/152\/2023\/08\/Mozinho-Bride-and-Groom-300x250.jpg 300w, https:\/\/www.ramapo.edu\/berriecenter\/wp-content\/uploads\/sites\/152\/2023\/08\/Mozinho-Bride-and-Groom.jpg 309w\" sizes=\"auto, (max-width: 300px) 100vw, 300px\" \/><\/div><div class=\"ramapo-tribe-event-date\"><span class=\"month\">Sep.<\/span> <span class=\"date\">13<\/span><\/div><div class=\"ramapo-tribe-event-title\"><a class=\"url\" href=\"https:\/\/www.ramapo.edu\/berriecenter\/event\/haitian-related-popular-arts\/\" rel=\"bookmark\">Haitian and related Popular Arts<\/a><\/div><span class=\"ramapo-tribe-event-time\">September 13, 12:00 am -- December 06, 11:59 pm<\/span><div class=\"ramapo-tribe-event-description\"><p><p><strong>September 13 to Dec 6<br \/>\n<\/strong><strong>Location: <\/strong>Selden Rodman Gallery<\/p>\n<p>World-renowned collection of Haitian and related Popular Arts continues on view, reopening September 13.<\/p>\n<p><span style=\"font-size: 14px;\">Image Details: Mozinho, <em>Bride and Groom<\/em>, acrylic on canvas, Brazil, Rodman Collection<\/span><\/p>\n<\/p><\/div><\/div><div id=\"post-6646\" class=\"ramapo-tribe-event-body\"><div class=\"ramapo-tribe-event-image\"><img loading=\"lazy\" decoding=\"async\" width=\"299\" height=\"198\" src=\"https:\/\/www.ramapo.edu\/berriecenter\/wp-content\/uploads\/sites\/152\/2023\/08\/Muneca-ceramic-Mexico-Rodman-Collection.jpg\" class=\"attachment-medium size-medium wp-post-image\" alt=\"Unknown artist, Muneca, ceramic, Mexico, Rodman Collection\" \/><\/div><div class=\"ramapo-tribe-event-date\"><span class=\"month\">Sep.<\/span> <span class=\"date\">13<\/span><\/div><div class=\"ramapo-tribe-event-title\"><a class=\"url\" href=\"https:\/\/www.ramapo.edu\/berriecenter\/event\/collection-focus-mexico\/\" rel=\"bookmark\">Collection Focus: Mexico<\/a><\/div><span class=\"ramapo-tribe-event-time\">September 13, 08:00 am -- October 13, 05:00 pm<\/span><div class=\"ramapo-tribe-venue-details\"><a href=\"https:\/\/www.ramapo.edu\/berriecenter\/venue\/berrie-center\/\">Berrie Center<\/a><\/div><div class=\"ramapo-tribe-event-description\"><p><p><strong>September 13 \u2013 October 13, 2023<br \/>\n<\/strong><strong>Location:<\/strong> Pascal Gallery<\/p>\n<p>Mexican works from Ramapo\u2019s Morris\/Svehla, Thompson, and Rodman Collections<\/p>\n<h4>Opening Reception:<\/h4>\n<p><strong>Wednesday, September 13, 5-7 p.m.<\/strong><\/p>\n<p><span style=\"font-size: 14px;\">Image Details: Unknown artist, <em>Muneca<\/em>, ceramic, Mexico, Rodman Collection<\/span><\/p>\n<\/p><\/div><\/div><div class=\"ramapo-tribe-event-separator-month\"><span>November 2023<\/span><\/div><div id=\"post-6661\" class=\"ramapo-tribe-event-body\"><div class=\"ramapo-tribe-event-image\"><img loading=\"lazy\" decoding=\"async\" width=\"243\" height=\"287\" src=\"https:\/\/www.ramapo.edu\/berriecenter\/wp-content\/uploads\/sites\/152\/2023\/08\/Juno-Zago-King-of-Wisps-Considers.jpg\" class=\"attachment-medium size-medium wp-post-image\" alt=\"Juno Zago, King of Wisps Considers\" \/><\/div><div class=\"ramapo-tribe-event-date\"><span class=\"month\">Nov.<\/span> <span class=\"date\">01<\/span><\/div><div class=\"ramapo-tribe-event-title\"><a class=\"url\" href=\"https:\/\/www.ramapo.edu\/berriecenter\/event\/juno-zago\/\" rel=\"bookmark\">Juno Zago<\/a><\/div><span class=\"ramapo-tribe-event-time\">November 01, 08:00 am -- December 12, 07:00 pm<\/span><div class=\"ramapo-tribe-venue-details\"><a href=\"https:\/\/www.ramapo.edu\/berriecenter\/venue\/berrie-center\/\">Berrie Center<\/a><\/div><div class=\"ramapo-tribe-event-description\"><p><p><strong>November 1 \u2013 December 12<br \/>\nLocation:<\/strong> Pascal Gallery<\/p>\n<p>One-person exhibition of works by Newark artist<\/p>\n<h4>Opening Reception:<\/h4>\n<p><strong>Wednesday, November 1, 5-7 p.m.<br \/>\nArtist\u2019s Talk: 6 p.m.<\/strong><\/p>\n<p><span style=\"font-size: 14px;\">Image Details: Juno Zago, <em>King of Wisps Considers\u2026<\/em>, mixed media<\/span><\/p>\n<\/p><\/div><\/div><div id=\"post-6670\" class=\"ramapo-tribe-event-body\"><div class=\"ramapo-tribe-event-date\"><span class=\"month\">Nov.<\/span> <span class=\"date\">27<\/span><\/div><div class=\"ramapo-tribe-event-title\"><a class=\"url\" href=\"https:\/\/www.ramapo.edu\/berriecenter\/event\/aids-memorial-quilt\/\" rel=\"bookmark\">Aids Memorial Quilt<\/a><\/div><span class=\"ramapo-tribe-event-time\">November 27, 12:00 am -- December 03, 11:59 pm<\/span><div class=\"ramapo-tribe-event-description\"><p><p><strong>Week of November 27,<br \/>\nLocation: <\/strong>Kresge Gallery<\/p>\n<p>More details coming soon.<b><\/b><\/p>\n<\/p><\/div><\/div>\n<p><style type=\"text\/css\">\r\n  .ramapo-tribe-event-time {\r\n   display:none; \r\n    }\r\n .ramapo-tribe-venue-details{\r\n   display:none; \r\n    }\r\n<\/style><\/p>\n","protected":false},"excerpt":{"rendered":"<p>EXHIBITION CALENDAR: 2023<\/p>\n","protected":false},"author":1046,"featured_media":0,"parent":248,"menu_order":0,"comment_status":"closed","ping_status":"closed","template":"","meta":{"footnotes":""},"class_list":["post-7915","page","type-page","status-publish","hentry"],"yoast_head":"<!-- This site is optimized with the Yoast SEO Premium plugin v21.5 (Yoast SEO v27.1.1) - https:\/\/yoast.com\/product\/yoast-seo-premium-wordpress\/ -->\n<title>Archive 2023 - Berrie Center for Performing and Visual Arts || Ramapo College of New Jersey<\/title>\n<meta name=\"robots\" content=\"index, follow, max-snippet:-1, max-image-preview:large, max-video-preview:-1\" \/>\n<link rel=\"canonical\" href=\"https:\/\/www.ramapo.edu\/berriecenter\/exhibitions\/archive-2023\/\" \/>\n<meta property=\"og:locale\" content=\"en_US\" \/>\n<meta property=\"og:type\" content=\"article\" \/>\n<meta property=\"og:title\" content=\"Archive 2023\" \/>\n<meta property=\"og:description\" content=\"EXHIBITION CALENDAR: 2023\" \/>\n<meta property=\"og:url\" content=\"https:\/\/www.ramapo.edu\/berriecenter\/exhibitions\/archive-2023\/\" \/>\n<meta property=\"og:site_name\" content=\"Berrie Center for Performing and Visual Arts\" \/>\n<meta property=\"article:publisher\" content=\"https:\/\/www.facebook.com\/RamapoCollege\" \/>\n<meta name=\"twitter:card\" content=\"summary_large_image\" \/>\n<meta name=\"twitter:site\" content=\"@ramapocollegenj\" \/>\n<meta name=\"twitter:label1\" content=\"Est. reading time\" \/>\n\t<meta name=\"twitter:data1\" content=\"1 minute\" \/>\n<script type=\"application\/ld+json\" class=\"yoast-schema-graph\">{\"@context\":\"https:\/\/schema.org\",\"@graph\":[{\"@type\":\"WebPage\",\"@id\":\"https:\/\/www.ramapo.edu\/berriecenter\/exhibitions\/archive-2023\/\",\"url\":\"https:\/\/www.ramapo.edu\/berriecenter\/exhibitions\/archive-2023\/\",\"name\":\"Archive 2023 - Berrie Center for Performing and Visual Arts || Ramapo College of New Jersey\",\"isPartOf\":{\"@id\":\"https:\/\/www.ramapo.edu\/berriecenter\/#website\"},\"datePublished\":\"2026-01-09T21:06:55+00:00\",\"breadcrumb\":{\"@id\":\"https:\/\/www.ramapo.edu\/berriecenter\/exhibitions\/archive-2023\/#breadcrumb\"},\"inLanguage\":\"en-US\",\"potentialAction\":[{\"@type\":\"ReadAction\",\"target\":[\"https:\/\/www.ramapo.edu\/berriecenter\/exhibitions\/archive-2023\/\"]}]},{\"@type\":\"BreadcrumbList\",\"@id\":\"https:\/\/www.ramapo.edu\/berriecenter\/exhibitions\/archive-2023\/#breadcrumb\",\"itemListElement\":[{\"@type\":\"ListItem\",\"position\":1,\"name\":\"Ramapo College of New Jersey Home Page \u00bb Centers \/ Institutes \u00bb Berrie Center for Performing and Visual Arts\",\"item\":\"https:\/\/www.ramapo.edu\/berriecenter\/\"},{\"@type\":\"ListItem\",\"position\":2,\"name\":\"Previous Exhibitions\",\"item\":\"https:\/\/www.ramapo.edu\/berriecenter\/exhibitions\/\"},{\"@type\":\"ListItem\",\"position\":3,\"name\":\"Archive 2023\"}]},{\"@type\":\"WebSite\",\"@id\":\"https:\/\/www.ramapo.edu\/berriecenter\/#website\",\"url\":\"https:\/\/www.ramapo.edu\/berriecenter\/\",\"name\":\"Berrie Center for Performing and Visual Arts\",\"description\":\"Just another Ramapo College of New Jersey Sites site\",\"potentialAction\":[{\"@type\":\"SearchAction\",\"target\":{\"@type\":\"EntryPoint\",\"urlTemplate\":\"https:\/\/www.ramapo.edu\/berriecenter\/?s={search_term_string}\"},\"query-input\":{\"@type\":\"PropertyValueSpecification\",\"valueRequired\":true,\"valueName\":\"search_term_string\"}}],\"inLanguage\":\"en-US\"}]}<\/script>\n<!-- \/ Yoast SEO Premium plugin. -->","yoast_head_json":{"title":"Archive 2023 - Berrie Center for Performing and Visual Arts || Ramapo College of New Jersey","robots":{"index":"index","follow":"follow","max-snippet":"max-snippet:-1","max-image-preview":"max-image-preview:large","max-video-preview":"max-video-preview:-1"},"canonical":"https:\/\/www.ramapo.edu\/berriecenter\/exhibitions\/archive-2023\/","og_locale":"en_US","og_type":"article","og_title":"Archive 2023","og_description":"EXHIBITION CALENDAR: 2023","og_url":"https:\/\/www.ramapo.edu\/berriecenter\/exhibitions\/archive-2023\/","og_site_name":"Berrie Center for Performing and Visual Arts","article_publisher":"https:\/\/www.facebook.com\/RamapoCollege","twitter_card":"summary_large_image","twitter_site":"@ramapocollegenj","twitter_misc":{"Est. reading time":"1 minute"},"schema":{"@context":"https:\/\/schema.org","@graph":[{"@type":"WebPage","@id":"https:\/\/www.ramapo.edu\/berriecenter\/exhibitions\/archive-2023\/","url":"https:\/\/www.ramapo.edu\/berriecenter\/exhibitions\/archive-2023\/","name":"Archive 2023 - Berrie Center for Performing and Visual Arts || Ramapo College of New Jersey","isPartOf":{"@id":"https:\/\/www.ramapo.edu\/berriecenter\/#website"},"datePublished":"2026-01-09T21:06:55+00:00","breadcrumb":{"@id":"https:\/\/www.ramapo.edu\/berriecenter\/exhibitions\/archive-2023\/#breadcrumb"},"inLanguage":"en-US","potentialAction":[{"@type":"ReadAction","target":["https:\/\/www.ramapo.edu\/berriecenter\/exhibitions\/archive-2023\/"]}]},{"@type":"BreadcrumbList","@id":"https:\/\/www.ramapo.edu\/berriecenter\/exhibitions\/archive-2023\/#breadcrumb","itemListElement":[{"@type":"ListItem","position":1,"name":"Ramapo College of New Jersey Home Page \u00bb Centers \/ Institutes \u00bb Berrie Center for Performing and Visual Arts","item":"https:\/\/www.ramapo.edu\/berriecenter\/"},{"@type":"ListItem","position":2,"name":"Previous Exhibitions","item":"https:\/\/www.ramapo.edu\/berriecenter\/exhibitions\/"},{"@type":"ListItem","position":3,"name":"Archive 2023"}]},{"@type":"WebSite","@id":"https:\/\/www.ramapo.edu\/berriecenter\/#website","url":"https:\/\/www.ramapo.edu\/berriecenter\/","name":"Berrie Center for Performing and Visual Arts","description":"Just another Ramapo College of New Jersey Sites site","potentialAction":[{"@type":"SearchAction","target":{"@type":"EntryPoint","urlTemplate":"https:\/\/www.ramapo.edu\/berriecenter\/?s={search_term_string}"},"query-input":{"@type":"PropertyValueSpecification","valueRequired":true,"valueName":"search_term_string"}}],"inLanguage":"en-US"}]}},"_links":{"self":[{"href":"https:\/\/www.ramapo.edu\/berriecenter\/wp-json\/wp\/v2\/pages\/7915","targetHints":{"allow":["GET"]}}],"collection":[{"href":"https:\/\/www.ramapo.edu\/berriecenter\/wp-json\/wp\/v2\/pages"}],"about":[{"href":"https:\/\/www.ramapo.edu\/berriecenter\/wp-json\/wp\/v2\/types\/page"}],"author":[{"embeddable":true,"href":"https:\/\/www.ramapo.edu\/berriecenter\/wp-json\/wp\/v2\/users\/1046"}],"replies":[{"embeddable":true,"href":"https:\/\/www.ramapo.edu\/berriecenter\/wp-json\/wp\/v2\/comments?post=7915"}],"version-history":[{"count":1,"href":"https:\/\/www.ramapo.edu\/berriecenter\/wp-json\/wp\/v2\/pages\/7915\/revisions"}],"predecessor-version":[{"id":7916,"href":"https:\/\/www.ramapo.edu\/berriecenter\/wp-json\/wp\/v2\/pages\/7915\/revisions\/7916"}],"up":[{"embeddable":true,"href":"https:\/\/www.ramapo.edu\/berriecenter\/wp-json\/wp\/v2\/pages\/248"}],"wp:attachment":[{"href":"https:\/\/www.ramapo.edu\/berriecenter\/wp-json\/wp\/v2\/media?parent=7915"}],"curies":[{"name":"wp","href":"https:\/\/api.w.org\/{rel}","templated":true}]}}