{"id":4783,"date":"2021-02-25T23:07:25","date_gmt":"2021-02-26T04:07:25","guid":{"rendered":"https:\/\/www.ramapo.edu\/asb\/?page_id=4783"},"modified":"2022-02-02T11:22:34","modified_gmt":"2022-02-02T16:22:34","slug":"sig-da","status":"publish","type":"page","link":"https:\/\/www.ramapo.edu\/asb\/faculty-research\/sig-da\/","title":{"rendered":"SIG-DA- Avenues for Inspiration"},"content":{"rendered":"<h3 style=\"text-align: center\"><span style=\"text-decoration: underline\">Avenues for Inspiration<\/span><\/h3>\n<h3>The Digitalization and Analytics Special Interest Group<\/h3>\n<p>&nbsp;<\/p>\n<p style=\"text-align: center\"><strong>Contact Person<\/strong><br \/>\n<a href=\"https:\/\/www.ramapo.edu\/asb\/wp-content\/uploads\/sites\/9\/2019\/09\/Nosrati-Fariba-8.27.19-07-e1614308544728.jpg\"><img loading=\"lazy\" decoding=\"async\" class=\"wp-image-3166 aligncenter\" src=\"https:\/\/www.ramapo.edu\/asb\/wp-content\/uploads\/sites\/9\/2019\/09\/Nosrati-Fariba-8.27.19-07-e1614308544728.jpg\" alt=\"\" width=\"135\" height=\"158\" \/><\/a>Dr. Fariba Nosrati<br \/>\nAssistant Professor (Info Tech Management)<\/p>\n<p><strong>Overview<\/strong><\/p>\n<p><span style=\"font-weight: 400\">The Special Interest Group on Digitalization and Analytics (DA SIG) is dedicated to providing a space for individuals interested in the use of digital technology and analytics in various fields, industries, and applications.\u00a0<\/span><\/p>\n<p><span style=\"font-weight: 400\">This SIG aims to create a multidisciplinary research forum and bring together researchers interested in various aspects associated with digitalization. Our goal is to support and facilitate collaboration through the entire research process by providing a space to discuss ideas, research designs, data collection and analysis, potential avenues for publication, and peer review. DA SIG also seeks opportunities to help its members to share and disseminate research findings.<\/span><\/p>\n<p><span style=\"font-weight: 400\">DA SIG topics of interest include, but is not limited to, adoption and diffusion of technology, digital innovation, e-business, e-government, e-media, <\/span><span style=\"font-weight: 400\">social networks<\/span><span style=\"font-weight: 400\">, decision support and analytics, enterprise systems, customer relationship management systems (CRM), accounting information systems, human-computer interaction, ICT and global development, leadership in digitalization, marketing analytics, supply chain analytics, stock market analytics, business analytics, <\/span><span style=\"font-weight: 400\">unifying platforms, DeFi (democratizing finance), and blockchain<\/span><span style=\"font-weight: 400\">.\u00a0<\/span><\/p>\n<h3>Recent Scholarships<\/h3>\n<h4>Journal Publications<\/h4>\n<ul>\n<li><strong>van.Klyton, A.<\/strong>, &amp; Tavera-Mesias, J. F. (2021). Is a cashless society realistic? The rural challenge to the post-pandemic \u201cNew Normal.\u201d <em>The European Business Review.<\/em> <a href=\"https:\/\/www.europeanbusinessreview.com\/is-a-cashless-society-realistic-the-rural-challenge-to-the-post-pandemic-new-normal\/\">https:\/\/www.europeanbusinessreview.com\/is-a-cashless-society-realistic-the-rural-challenge-to-the-post-pandemic-new-normal\/<\/a><\/li>\n<li><span style=\"color: #000000\"><strong>van.Klyton, A.<\/strong> (2021). Social Stratification, Self-image congruence, and mobile banking in Colombian cities. <em>Journal of International Consumer Marketing.<\/em> (In-Press).<\/span><\/li>\n<li><span id=\"m_-7026403491959864769m_-5368641963513506360m_-1062481762189337578gmail-docs-internal-guid-dc3ef5ad-7fff-7793-d139-fad4c8c8dca6\"><span style=\"color: #000000\"><strong>Nosrati, F.<\/strong>, &amp; Detlor, B. (2021).The Power of Stories for Impression Management: Evidence from a City Cultural Digital Storytelling Initiative. <em>Information Technology and People.<\/em> <a href=\"https:\/\/doi.org\/10.1108\/ITP-06-2020-0400\" target=\"_blank\" rel=\"noopener\" data-saferedirecturl=\"https:\/\/www.google.com\/url?q=https:\/\/doi.org\/10.1108\/ITP-06-2020-0400&amp;source=gmail&amp;ust=1643900430218000&amp;usg=AOvVaw3QFIBGq0FRYq4f6RNVtcFr\">https:\/\/doi.org\/10.1108\/ITP-06-2020-0400<\/a> (In-Press).<\/span><\/span><\/li>\n<li style=\"font-weight: 400\"><span style=\"font-weight: 400\"><strong>van.Klyton, A.<\/strong>,Tavera-Mesias, J. &amp; Casta\u00f1o-Mu\u00f1oz, W. (2021). \u201cValue Co-Creation and Co-Destruction in the First Cashless Society in Colombia\u201d. Information Technology and People. (In-Press)<\/span><\/li>\n<li style=\"font-weight: 400\"><span style=\"font-weight: 400\">Ogbonnaya, C. and <\/span><b>van.Klyton, A.<\/b><span style=\"font-weight: 400\"> (2021) Can Remote Working bring your business down during a recession? <\/span><i><span style=\"font-weight: 400\">London School of Economics Business Review<\/span><\/i><span style=\"font-weight: 400\"> (<\/span><a href=\"https:\/\/blogs.lse.ac.uk\/businessreview\/2021\/05\/06\/can-remote-working-bring-your-business-down-during-a-recession\/\"><span style=\"font-weight: 400\">https:\/\/blogs.lse.ac.uk\/businessreview\/2021\/05\/06\/can-remote-working-bring-your-business-down-during-a-recession\/<\/span><\/a><span style=\"font-weight: 400\">).\u00a0<\/span><\/li>\n<li style=\"font-weight: 400\"><b>van.Klyton, A.<\/b><span style=\"font-weight: 400\">, Juan Fernando Tavera-Mes\u00edas, and Wilson Casta\u00f1o-Mu\u00f1oz. (2021). \u201cInnovation Resistance and Mobile Banking in Rural Colombia.\u201d <\/span><i><span style=\"font-weight: 400\">Journal of Rural Studies 81<\/span><\/i><span style=\"font-weight: 400\"> (January): 269\u201380.<\/span><\/li>\n<li style=\"font-weight: 400\"><span style=\"font-weight: 400\">Raghavan I, &amp; <\/span><b>Sundararajan, M<\/b><span style=\"font-weight: 400\">. (2021) \u201cCEO pay sensitivities in innovative firms\u201d, Benchmarking: An International Journal, Vol. ahead-of-print No. ahead-of-print. https:\/\/doi.org\/10.1108\/BIJ-09-2020-0491.<\/span><\/li>\n<li style=\"font-weight: 400\"><b>Cabrera, J.<\/b><span style=\"font-weight: 400\">, &amp; Gousgounis, E. (2020). The dynamics of short sales constraints and market quality: An experimental approach. <\/span><i><span style=\"font-weight: 400\">Journal of Financial Markets<\/span><\/i><span style=\"font-weight: 400\">, 100549.<\/span><\/li>\n<li style=\"font-weight: 400\"><b>van.Klyton, A.,<\/b><span style=\"font-weight: 400\"> Tavera-Mesias, J.F., and Casta\u00f1o-Mu\u00f1oz, W. (2020). \u201cDigital Local Information Services in Developing Countries: Evidence from Colombia.\u201d <\/span><i><span style=\"font-weight: 400\">Journal of Librarianship and Information Science <\/span><\/i><span style=\"font-weight: 400\">54 (4). <\/span><a href=\"https:\/\/doi.org\/10.1177\/0961000620907970\"><span style=\"font-weight: 400\">https:\/\/doi.org\/10.1177\/0961000620907970<\/span><\/a><span style=\"font-weight: 400\">.<\/span><\/li>\n<li style=\"font-weight: 400\"><span style=\"font-weight: 400\">Solomon, E. M., &amp; <\/span><b>van.Klyton, A. <\/b><span style=\"font-weight: 400\">(2020). The impact of digital technology usage on economic growth in Africa. Utilities Policy, 67, 101104.<\/span><\/li>\n<li style=\"font-weight: 400\"><span style=\"font-weight: 400\">Iyengar, R. J., &amp; <\/span><b>Sundararajan, M. <\/b><span style=\"font-weight: 400\">(2020). IS firm innovation associated with corporate governance?.\u00a0<\/span><i><span style=\"font-weight: 400\">International Journal of Innovation Management<\/span><\/i><span style=\"font-weight: 400\">,\u00a0<\/span><i><span style=\"font-weight: 400\">24<\/span><\/i><span style=\"font-weight: 400\">(03), 2050027.<\/span><\/li>\n<li style=\"font-weight: 400\"><b>Sundararajan, M. <\/b><span style=\"font-weight: 400\">(2020). Ethical Case Analysis Template: Learning to Develop Ethical Values through Practice, Journal of Business Ethics Education Vol 17, 2020, pp. 183-210. <\/span><a href=\"https:\/\/www.neilsonjournals.com\/JBEE\/abstractjbee17malavika.html\"><span style=\"font-weight: 400\">https:\/\/www.neilsonjournals.com\/JBEE\/abstractjbee17malavika.html<\/span><\/a><\/li>\n<li style=\"font-weight: 400\"><b>van.Klyton, Aaron<\/b><span style=\"font-weight: 400\">, Juan Fernando Tavera-Mes\u00edas, and Wilson Casta\u00f1o-Mu\u00f1oz (2020) Digital local information services in developing countries: evidence from Colombia. <\/span><i><span style=\"font-weight: 400\">Journal of Librarianship and Information Science<\/span><\/i><span style=\"font-weight: 400\">. OnlineFirst. Available from: <\/span><a href=\"https:\/\/journals.sagepub.com\/doi\/10.1177\/0961000620907970\"><span style=\"font-weight: 400\">https:\/\/journals.sagepub.com\/doi\/10.1177\/0961000620907970<\/span><\/a><span style=\"font-weight: 400\">.<\/span><\/li>\n<\/ul>\n<h4>Peer-Review Conference<\/h4>\n<ul>\n<li style=\"font-weight: 400\"><span style=\"font-weight: 400\">Mashayekhy, M. &amp; <\/span><b>Nosrati, F<\/b><span style=\"font-weight: 400\">. (2021).<\/span> <span style=\"font-weight: 400\">Professionally-Oriented Social Network Sites and the Need for Self-Promotion: The role of Profile Features. Americas Conference on Information Systems (AMCIS) 2021, August 2021.<\/span><\/li>\n<li style=\"font-weight: 400\"><b>Varma, N.<\/b><span style=\"font-weight: 400\">, Shrestha, S. (2021). Towards an Ontology for Psychological Ownership to predict organizational ambidexterity. SAM International Business Conference 2021, March 2021.<\/span><\/li>\n<li style=\"font-weight: 400\"><b>Nosrati, F.<\/b><span style=\"font-weight: 400\">, Mashsyekhy, M. (2021). Re-imagine Higher Education Remote Learning: Toward a Holistic Framework for Equitable Education and Student Success. SAM International Business Conference 2021, March 2021.<\/span><\/li>\n<li style=\"font-weight: 400\"><b>Nosrati, F<\/b><span style=\"font-weight: 400\">., &amp; Detlor, B. (2020). Power of Stories in Transferring Information: Evidence from a Digital Storytelling Initiative. Americas Conference on Information Systems (AMCIS) 2020, August 2020.<\/span><\/li>\n<li style=\"font-weight: 400\"><b>Nosrati, F.<\/b><span style=\"font-weight: 400\"> (2020). Digital Disruptions and Cultural Organizations: Evidence from a Public Library. SAM International Business Conference 2020, March 2020.<\/span><\/li>\n<\/ul>\n<p><strong>Workshops<\/strong><\/p>\n<ul>\n<li><strong>Varma,N<\/strong>. Teaching Blockchain in Management Schools. <a href=\"https:\/\/nedsi.decisionsciences.org\/conference\">NEDSI annual Meeting, March 2021<\/a><\/li>\n<\/ul>\n<p><strong>Service in Scholarship<\/strong><\/p>\n<ul>\n<li><strong>Varma, N<\/strong>. Track Chair (DSS, Machine Learning and Artificial Intelligence). <a href=\"https:\/\/nedsi.decisionsciences.org\/conference\">NEDSI annual Meeting, March 2021<\/a><\/li>\n<\/ul>\n<p>&nbsp;<\/p>\n<p>&nbsp;<\/p>\n<p>&nbsp;<\/p>\n","protected":false},"excerpt":{"rendered":"<p>Avenues for Inspiration The Digitalization and Analytics Special Interest Group &nbsp; Contact Person Dr. Fariba Nosrati Assistant Professor (Info Tech Management) Overview The Special Interest Group on Digitalization and Analytics [&hellip;]<\/p>\n","protected":false},"author":1,"featured_media":0,"parent":3647,"menu_order":0,"comment_status":"closed","ping_status":"closed","template":"","meta":{"footnotes":""},"class_list":["post-4783","page","type-page","status-publish","hentry"],"yoast_head":"<!-- This site is optimized with the Yoast SEO Premium plugin v21.5 (Yoast SEO v27.1.1) - https:\/\/yoast.com\/product\/yoast-seo-premium-wordpress\/ -->\n<title>SIG-DA- Avenues for Inspiration - Anisfield School of Business (ASB) || Ramapo College of New Jersey<\/title>\n<meta name=\"robots\" content=\"index, follow, max-snippet:-1, max-image-preview:large, max-video-preview:-1\" \/>\n<link rel=\"canonical\" href=\"https:\/\/www.ramapo.edu\/asb\/faculty-research\/sig-da\/\" \/>\n<meta property=\"og:locale\" content=\"en_US\" \/>\n<meta property=\"og:type\" content=\"article\" \/>\n<meta property=\"og:title\" content=\"SIG-DA- Avenues for Inspiration\" \/>\n<meta property=\"og:description\" content=\"Avenues for Inspiration The Digitalization and Analytics Special Interest Group &nbsp; Contact Person Dr. Fariba Nosrati Assistant Professor (Info Tech Management) Overview The Special Interest Group on Digitalization and Analytics [&hellip;]\" \/>\n<meta property=\"og:url\" content=\"https:\/\/www.ramapo.edu\/asb\/faculty-research\/sig-da\/\" \/>\n<meta property=\"og:site_name\" content=\"Anisfield School of Business (ASB)\" \/>\n<meta property=\"article:publisher\" content=\"https:\/\/www.facebook.com\/RamapoCollege\" \/>\n<meta property=\"article:modified_time\" content=\"2022-02-02T16:22:34+00:00\" \/>\n<meta property=\"og:image\" content=\"https:\/\/www.ramapo.edu\/asb\/wp-content\/uploads\/sites\/9\/2019\/09\/Nosrati-Fariba-8.27.19-07-e1614308544728.jpg\" \/>\n<meta name=\"twitter:card\" content=\"summary_large_image\" \/>\n<meta name=\"twitter:site\" content=\"@ramapocollegenj\" \/>\n<meta name=\"twitter:label1\" content=\"Est. reading time\" \/>\n\t<meta name=\"twitter:data1\" content=\"4 minutes\" \/>\n<script type=\"application\/ld+json\" class=\"yoast-schema-graph\">{\"@context\":\"https:\/\/schema.org\",\"@graph\":[{\"@type\":\"WebPage\",\"@id\":\"https:\/\/www.ramapo.edu\/asb\/faculty-research\/sig-da\/\",\"url\":\"https:\/\/www.ramapo.edu\/asb\/faculty-research\/sig-da\/\",\"name\":\"SIG-DA- Avenues for Inspiration - Anisfield School of Business (ASB) || Ramapo College of New Jersey\",\"isPartOf\":{\"@id\":\"https:\/\/www.ramapo.edu\/asb\/#website\"},\"primaryImageOfPage\":{\"@id\":\"https:\/\/www.ramapo.edu\/asb\/faculty-research\/sig-da\/#primaryimage\"},\"image\":{\"@id\":\"https:\/\/www.ramapo.edu\/asb\/faculty-research\/sig-da\/#primaryimage\"},\"thumbnailUrl\":\"https:\/\/www.ramapo.edu\/asb\/wp-content\/uploads\/sites\/9\/2019\/09\/Nosrati-Fariba-8.27.19-07-e1614308544728.jpg\",\"datePublished\":\"2021-02-26T04:07:25+00:00\",\"dateModified\":\"2022-02-02T16:22:34+00:00\",\"breadcrumb\":{\"@id\":\"https:\/\/www.ramapo.edu\/asb\/faculty-research\/sig-da\/#breadcrumb\"},\"inLanguage\":\"en-US\",\"potentialAction\":[{\"@type\":\"ReadAction\",\"target\":[\"https:\/\/www.ramapo.edu\/asb\/faculty-research\/sig-da\/\"]}]},{\"@type\":\"ImageObject\",\"inLanguage\":\"en-US\",\"@id\":\"https:\/\/www.ramapo.edu\/asb\/faculty-research\/sig-da\/#primaryimage\",\"url\":\"https:\/\/www.ramapo.edu\/asb\/wp-content\/uploads\/sites\/9\/2019\/09\/Nosrati-Fariba-8.27.19-07-e1614308544728.jpg\",\"contentUrl\":\"https:\/\/www.ramapo.edu\/asb\/wp-content\/uploads\/sites\/9\/2019\/09\/Nosrati-Fariba-8.27.19-07-e1614308544728.jpg\",\"width\":1197,\"height\":1401},{\"@type\":\"BreadcrumbList\",\"@id\":\"https:\/\/www.ramapo.edu\/asb\/faculty-research\/sig-da\/#breadcrumb\",\"itemListElement\":[{\"@type\":\"ListItem\",\"position\":1,\"name\":\"Ramapo College of New Jersey Home Page \u00bb Academics \u00bb ASB\",\"item\":\"https:\/\/www.ramapo.edu\/asb\/\"},{\"@type\":\"ListItem\",\"position\":2,\"name\":\"Faculty Research\",\"item\":\"https:\/\/www.ramapo.edu\/asb\/faculty-research\/\"},{\"@type\":\"ListItem\",\"position\":3,\"name\":\"SIG-DA- Avenues for Inspiration\"}]},{\"@type\":\"WebSite\",\"@id\":\"https:\/\/www.ramapo.edu\/asb\/#website\",\"url\":\"https:\/\/www.ramapo.edu\/asb\/\",\"name\":\"Anisfield School of Business (ASB)\",\"description\":\"Ramapo College Anisfield School of Business (ASB)\",\"potentialAction\":[{\"@type\":\"SearchAction\",\"target\":{\"@type\":\"EntryPoint\",\"urlTemplate\":\"https:\/\/www.ramapo.edu\/asb\/?s={search_term_string}\"},\"query-input\":{\"@type\":\"PropertyValueSpecification\",\"valueRequired\":true,\"valueName\":\"search_term_string\"}}],\"inLanguage\":\"en-US\"}]}<\/script>\n<!-- \/ Yoast SEO Premium plugin. -->","yoast_head_json":{"title":"SIG-DA- Avenues for Inspiration - Anisfield School of Business (ASB) || Ramapo College of New Jersey","robots":{"index":"index","follow":"follow","max-snippet":"max-snippet:-1","max-image-preview":"max-image-preview:large","max-video-preview":"max-video-preview:-1"},"canonical":"https:\/\/www.ramapo.edu\/asb\/faculty-research\/sig-da\/","og_locale":"en_US","og_type":"article","og_title":"SIG-DA- Avenues for Inspiration","og_description":"Avenues for Inspiration The Digitalization and Analytics Special Interest Group &nbsp; Contact Person Dr. Fariba Nosrati Assistant Professor (Info Tech Management) Overview The Special Interest Group on Digitalization and Analytics [&hellip;]","og_url":"https:\/\/www.ramapo.edu\/asb\/faculty-research\/sig-da\/","og_site_name":"Anisfield School of Business (ASB)","article_publisher":"https:\/\/www.facebook.com\/RamapoCollege","article_modified_time":"2022-02-02T16:22:34+00:00","og_image":[{"url":"https:\/\/www.ramapo.edu\/asb\/wp-content\/uploads\/sites\/9\/2019\/09\/Nosrati-Fariba-8.27.19-07-e1614308544728.jpg","type":"","width":"","height":""}],"twitter_card":"summary_large_image","twitter_site":"@ramapocollegenj","twitter_misc":{"Est. reading time":"4 minutes"},"schema":{"@context":"https:\/\/schema.org","@graph":[{"@type":"WebPage","@id":"https:\/\/www.ramapo.edu\/asb\/faculty-research\/sig-da\/","url":"https:\/\/www.ramapo.edu\/asb\/faculty-research\/sig-da\/","name":"SIG-DA- Avenues for Inspiration - Anisfield School of Business (ASB) || Ramapo College of New Jersey","isPartOf":{"@id":"https:\/\/www.ramapo.edu\/asb\/#website"},"primaryImageOfPage":{"@id":"https:\/\/www.ramapo.edu\/asb\/faculty-research\/sig-da\/#primaryimage"},"image":{"@id":"https:\/\/www.ramapo.edu\/asb\/faculty-research\/sig-da\/#primaryimage"},"thumbnailUrl":"https:\/\/www.ramapo.edu\/asb\/wp-content\/uploads\/sites\/9\/2019\/09\/Nosrati-Fariba-8.27.19-07-e1614308544728.jpg","datePublished":"2021-02-26T04:07:25+00:00","dateModified":"2022-02-02T16:22:34+00:00","breadcrumb":{"@id":"https:\/\/www.ramapo.edu\/asb\/faculty-research\/sig-da\/#breadcrumb"},"inLanguage":"en-US","potentialAction":[{"@type":"ReadAction","target":["https:\/\/www.ramapo.edu\/asb\/faculty-research\/sig-da\/"]}]},{"@type":"ImageObject","inLanguage":"en-US","@id":"https:\/\/www.ramapo.edu\/asb\/faculty-research\/sig-da\/#primaryimage","url":"https:\/\/www.ramapo.edu\/asb\/wp-content\/uploads\/sites\/9\/2019\/09\/Nosrati-Fariba-8.27.19-07-e1614308544728.jpg","contentUrl":"https:\/\/www.ramapo.edu\/asb\/wp-content\/uploads\/sites\/9\/2019\/09\/Nosrati-Fariba-8.27.19-07-e1614308544728.jpg","width":1197,"height":1401},{"@type":"BreadcrumbList","@id":"https:\/\/www.ramapo.edu\/asb\/faculty-research\/sig-da\/#breadcrumb","itemListElement":[{"@type":"ListItem","position":1,"name":"Ramapo College of New Jersey Home Page \u00bb Academics \u00bb ASB","item":"https:\/\/www.ramapo.edu\/asb\/"},{"@type":"ListItem","position":2,"name":"Faculty Research","item":"https:\/\/www.ramapo.edu\/asb\/faculty-research\/"},{"@type":"ListItem","position":3,"name":"SIG-DA- Avenues for Inspiration"}]},{"@type":"WebSite","@id":"https:\/\/www.ramapo.edu\/asb\/#website","url":"https:\/\/www.ramapo.edu\/asb\/","name":"Anisfield School of Business (ASB)","description":"Ramapo College Anisfield School of Business (ASB)","potentialAction":[{"@type":"SearchAction","target":{"@type":"EntryPoint","urlTemplate":"https:\/\/www.ramapo.edu\/asb\/?s={search_term_string}"},"query-input":{"@type":"PropertyValueSpecification","valueRequired":true,"valueName":"search_term_string"}}],"inLanguage":"en-US"}]}},"_links":{"self":[{"href":"https:\/\/www.ramapo.edu\/asb\/wp-json\/wp\/v2\/pages\/4783","targetHints":{"allow":["GET"]}}],"collection":[{"href":"https:\/\/www.ramapo.edu\/asb\/wp-json\/wp\/v2\/pages"}],"about":[{"href":"https:\/\/www.ramapo.edu\/asb\/wp-json\/wp\/v2\/types\/page"}],"author":[{"embeddable":true,"href":"https:\/\/www.ramapo.edu\/asb\/wp-json\/wp\/v2\/users\/1"}],"replies":[{"embeddable":true,"href":"https:\/\/www.ramapo.edu\/asb\/wp-json\/wp\/v2\/comments?post=4783"}],"version-history":[{"count":13,"href":"https:\/\/www.ramapo.edu\/asb\/wp-json\/wp\/v2\/pages\/4783\/revisions"}],"predecessor-version":[{"id":7070,"href":"https:\/\/www.ramapo.edu\/asb\/wp-json\/wp\/v2\/pages\/4783\/revisions\/7070"}],"up":[{"embeddable":true,"href":"https:\/\/www.ramapo.edu\/asb\/wp-json\/wp\/v2\/pages\/3647"}],"wp:attachment":[{"href":"https:\/\/www.ramapo.edu\/asb\/wp-json\/wp\/v2\/media?parent=4783"}],"curies":[{"name":"wp","href":"https:\/\/api.w.org\/{rel}","templated":true}]}}