{"id":4692,"date":"2021-02-21T23:39:01","date_gmt":"2021-02-22T04:39:01","guid":{"rendered":"https:\/\/www.ramapo.edu\/asb\/?page_id=4692"},"modified":"2021-05-24T14:18:52","modified_gmt":"2021-05-24T18:18:52","slug":"featured-research","status":"publish","type":"page","link":"https:\/\/www.ramapo.edu\/asb\/faculty-research\/featured-research\/","title":{"rendered":"Featured Research"},"content":{"rendered":"<div class=\"col-lg-4 col-md-12 btn-col\"><a title=\"ASB Research Home\" href=\"https:\/\/www.ramapo.edu\/asb\/faculty-research\">Research Home Page<\/a><\/div>\n<div class=\"col-lg-4 col-md-12 btn-col\"><a title=\"Special Interest Group\" href=\"https:\/\/www.ramapo.edu\/asb\/faculty-research\/sig-home\">Special Interest Groups<i class=\"fa fa-chevron-right\"><\/i><\/a><\/div>\n<div class=\"col-lg-4 col-md-12 btn-col\"><a title=\"Research Resources\" href=\"https:\/\/www.ramapo.edu\/asb\/faculty-research\/research-resources\/\">Research Resources<\/a><\/div>\n<div class=\"divider\"><img decoding=\"async\" src=\"\/wp-content\/themes\/rcnjrd\/images\/icons\/ramapo-arch-icom_rule.png\" alt=\"Ramapo\" \/><\/div>\n<p><img decoding=\"async\" class=\"alignnone size-full wp-image-5987\" src=\"https:\/\/www.ramapo.edu\/asb\/wp-content\/uploads\/sites\/9\/2021\/05\/featured-research.jpg\" alt=\"Featured Research\" width=\"820\" srcset=\"https:\/\/www.ramapo.edu\/asb\/wp-content\/uploads\/sites\/9\/2021\/05\/featured-research.jpg 820w, https:\/\/www.ramapo.edu\/asb\/wp-content\/uploads\/sites\/9\/2021\/05\/featured-research-300x91.jpg 300w, https:\/\/www.ramapo.edu\/asb\/wp-content\/uploads\/sites\/9\/2021\/05\/featured-research-768x234.jpg 768w, https:\/\/www.ramapo.edu\/asb\/wp-content\/uploads\/sites\/9\/2021\/05\/featured-research-100x30.jpg 100w, https:\/\/www.ramapo.edu\/asb\/wp-content\/uploads\/sites\/9\/2021\/05\/featured-research-152x46.jpg 152w, https:\/\/www.ramapo.edu\/asb\/wp-content\/uploads\/sites\/9\/2021\/05\/featured-research-165x50.jpg 165w\" sizes=\"(max-width: 820px) 100vw, 820px\" \/><\/p>\n<h3>Featured Scholars<\/h3>\n<p>The following faculty research has been featured in Spring 2021.<\/p>\n<div id=\"tabs\"><a href=\"#\" title=\"View Constance J Crawford  Tab\" rel=\"t1503457633\" class=\"active\"><span>Constance J Crawford <\/span><\/a><a href=\"#\" title=\"View Aaron van Klyton Tab\" rel=\"t1503457634\"><span>Aaron van Klyton<\/span><\/a><a href=\"#\" title=\"View Romulo Babor Magnaye  Tab\" rel=\"t1503457635\"><span>Romulo Babor Magnaye <\/span><\/a><a href=\"#\" title=\"View Christina Chung  Tab\" rel=\"t1503457636\"><span>Christina Chung <\/span><\/a><\/div><div id=\"tab-content\"><div class=\"wrapper\"><div id=\"t1503457633\" title=\"Constance J Crawford \" class=\"content active\" tabindex=\"0\">\n<p><a href=\"https:\/\/www.ramapo.edu\/asb\/wp-content\/uploads\/sites\/9\/2013\/02\/Crawford-Constance.jpeg\"><img loading=\"lazy\" decoding=\"async\" class=\"size-full wp-image-355 alignleft\" src=\"https:\/\/www.ramapo.edu\/asb\/wp-content\/uploads\/sites\/9\/2013\/02\/Crawford-Constance.jpeg\" alt=\"\" width=\"152\" height=\"182\" srcset=\"https:\/\/www.ramapo.edu\/asb\/wp-content\/uploads\/sites\/9\/2013\/02\/Crawford-Constance.jpeg 152w, https:\/\/www.ramapo.edu\/asb\/wp-content\/uploads\/sites\/9\/2013\/02\/Crawford-Constance-100x119.jpeg 100w\" sizes=\"auto, (max-width: 152px) 100vw, 152px\" \/><\/a><\/p>\n<p><strong>Bio and Research Interest:<\/strong><\/p>\n<p>I graduated from Fordham University with a BS in Accounting and from Iona College with an MBA, Concentration Taxation.\u00a0 I am a licensed CPA ( New York &amp; Maryland).\u00a0 I have worked in both public accounting, at PWC as an auditor and in private industry as a Financial Analyst.\u00a0 I have maintained my own private accounting &amp; tax practice for many years.\u00a0 I have been an academic throughout my professional career and began my RCNJ journey in 1992.\u00a0 I am a Professor of Accounting and currently serve as the Program Coordinator for Accounting and as the Director of the MSAC Program.<br \/>\nMy research interests are varied and focus on both current issues impacting the financial accounting reporting process within the spectrum of the current COVID-19 economy along with tax compliance\u00a0 issues pertaining to the most recent CARES ACT legislation and the impact on the tax process.<\/p>\n<p><strong>Article Title <\/strong><br \/>\n<strong>\u201cA Matter of Equity- The Taxation of Private Equity General Partners \u2018Carried Interest\u201d <\/strong><br \/>\npublished in the Journal of Economics, Trade and Marketing Management, vol 2. No. 2, 2020<\/p>\n<p><strong> Abstract\u00a0<\/strong><br \/>\n<em>The carried interest tax loophole has helped private equity to become one of the most lucrative sectors of the financial Industry. As private equity general partners are taxed at long term capital gains rates on partnership profits allocated to a carried interest, while the same amount of compensation structured as salary would be taxed at ordinary income rates. Thus, General Partners pay a top tax rate of 20% on their carried interest instead of the 37% they would pay if the compensation were structured as salary, which many economists and tax experts believe it actually is.\u00a0 <\/em><br \/>\n<strong>Keywords <\/strong><br \/>\n<em>tax, loopholes, credits, carried interest <\/em><\/p>\n<p><strong>Type of research<\/strong><br \/>\nMy research is both Scholarly and Practitioner focused.<\/p>\n<p><strong>Article URL link\u00a0<\/strong><br \/>\nJournal of Economics, Trade and Marketing Management ISSN 2642-2409 (Print) ISSN 2642-2417 (Online) Vol. 2, No. 2, 2020 <a href=\"http:\/\/www.scholink.org\/ojs\/index.php\/jetmm\">www.scholink.org\/ojs\/index.php\/jetmm<\/a><\/p>\n<\/div><div id=\"t1503457634\" title=\"Aaron van Klyton\" class=\"content\" tabindex=\"0\">\n<p><a href=\"https:\/\/www.ramapo.edu\/asb\/wp-content\/uploads\/sites\/9\/2019\/09\/Aaron-Van-Klyton.jpg\"><img loading=\"lazy\" decoding=\"async\" class=\"size-full wp-image-3172 alignleft\" src=\"https:\/\/www.ramapo.edu\/asb\/wp-content\/uploads\/sites\/9\/2019\/09\/Aaron-Van-Klyton.jpg\" alt=\"Aaron Van Klyton\" width=\"152\" height=\"182\" srcset=\"https:\/\/www.ramapo.edu\/asb\/wp-content\/uploads\/sites\/9\/2019\/09\/Aaron-Van-Klyton.jpg 152w, https:\/\/www.ramapo.edu\/asb\/wp-content\/uploads\/sites\/9\/2019\/09\/Aaron-Van-Klyton-100x120.jpg 100w\" sizes=\"auto, (max-width: 152px) 100vw, 152px\" \/><\/a><\/p>\n<p>&nbsp;<\/p>\n<p><strong>Bio and Research Interest:<\/strong><br \/>\nAaron van Klyton, Ph.D., is Assistant Professor of International Business, Anisfield School of Business, Ramapo College of New Jersey. Dr van Klyton received his Ph.D. from King\u2019s College London (UK). His research interests are the economics of digitalisation, technology diffusion and market competitiveness, mobile banking, SME finance, and Internet governance in the context of the Global South.<\/p>\n<p>&nbsp;<\/p>\n<p><strong>Article Title<\/strong><br \/>\nvan.Klyton, Aaron, Juan Fernando Tavera-Mes\u00edas, and Wilson Casta\u00f1o-Mu\u00f1oz. 2021. \u201cInnovation Resistance and Mobile Banking in Rural Colombia.\u201d <em>Journal of Rural Studies<\/em> 81 (January): 269\u201380.<\/p>\n<p><strong>Abstract\u00a0<\/strong><\/p>\n<p><em>This research examines innovation resistance to a mobile banking and digital money initiative in rural communities. Despite studies on the impact of mobile banking applications on increasing financial inclusion, there is still a dearth of research on why innovation resistance persists in traditional, rural communities, particularly with respect to gender. This qualitative case study uses semi-structured interviews, participant observation, and semiotics to unpack the causes of resistance in a rural town and use this experience to elaborate on existing innovation theories. We conceptualise four factors that contributed to innovation resistance and highlight the need for a multi-faceted approach to addressing financial isolation in rural sectors. The themes embodied within these factors include the reconfiguration of rural life, the dematerialisation of cash, local and regional politics and gender relations. This case serves as an example of the historical situatedness of knowledge and the inter- subjective nature of human and social relations that affect technology acceptance. This is one of the first studies to apply active and passive innovation resistance literature to a rural context. We hoped to have emphasised a need to rethink digital initiatives for financial inclusion in rural communities. Furthermore, the idiosyncrasies of this case call for revisiting mainstream innovation resistance models to draw on interdisciplinary approaches that facilitate financial inclusion for marginalised communities.<\/em><\/p>\n<p><strong>Type of research<\/strong><br \/>\nScholarly<\/p>\n<p><strong>Article URL link\u00a0<\/strong><br \/>\n<a href=\"https:\/\/doi.org\/10.1016\/j.jrurstud.2020.10.035\">https:\/\/doi.org\/10.1016\/j.jrurstud.2020.10.035<\/a><\/p>\n<\/div><div id=\"t1503457635\" title=\"Romulo Babor Magnaye \" class=\"content\" tabindex=\"0\">\n<p><a href=\"https:\/\/www.ramapo.edu\/asb\/wp-content\/uploads\/sites\/9\/2013\/02\/Magnaye-Romulo.jpeg\"><img loading=\"lazy\" decoding=\"async\" class=\"size-full wp-image-386 alignleft\" src=\"https:\/\/www.ramapo.edu\/asb\/wp-content\/uploads\/sites\/9\/2013\/02\/Magnaye-Romulo.jpeg\" alt=\"\" width=\"152\" height=\"182\" srcset=\"https:\/\/www.ramapo.edu\/asb\/wp-content\/uploads\/sites\/9\/2013\/02\/Magnaye-Romulo.jpeg 152w, https:\/\/www.ramapo.edu\/asb\/wp-content\/uploads\/sites\/9\/2013\/02\/Magnaye-Romulo-100x119.jpeg 100w\" sizes=\"auto, (max-width: 152px) 100vw, 152px\" \/><\/a><\/p>\n<p><strong>Bio and Research Interest:<\/strong><br \/>\nRomulo Babor Magnaye teaches at the Anisfield School of Business of Ramapo College and is a Visiting Scholar at the Jim McNatt Institute for Logistics Research of the University of North Texas. He is a Robert Crooks Stanley Fellow and a British Council Fellow. He has taught at Stevens Institute of Technology, Penn State, Skidmore College, and Rensselaer Polytechnic Institute. Before joining the academe, he worked in the Philippines for Philex Mining Corporation, the National Development Company, and in the Office of the Secretary of Natural Resources. He has a B.S. (Mining Engineering) and MBA from the University of the Philippines, a Postgraduate Diploma from Camborne School of Mines of Exeter University, a Ph.D. from the School of Systems and Enterprises of Stevens Institute of Technology and was a PhD candidate (ABD) in International Business at Rensselaer Polytechnic Institute. He is a registered Professional Mining Engineer. His research interests are in Value Engineering in Mine Design, Complex Product Development, Manufacturing Strategy and Pedagogy in Operations Management.<\/p>\n<p><strong>Article Title<\/strong><br \/>\nAn Enhanced Analog Nearest Neighbor Algorithm for Route Planning After a Major Disaster.<\/p>\n<p><strong>Abstract\u00a0<\/strong><br \/>\n<em>As human-made and natural disasters become more severe, power and digital computing capabilities become unavailable for longer periods of time in their aftermaths in villages across the developing countries. However, the need for village leaders and first-responders to promptly visit their residents, assess the damage and provide reassurances remain. They have to determine the shortest route which they have to take in order to visit all the residents and return to base to prepare their report for the town or provincial authorities and relief organizations. This paper describes a methodology for solving such a route planning problem without the need for digital computing power which is otherwise unavailable. The proposed approach is an enhanced version of the Nearest Neighbor Methodology algorithm used to solve the Traveling Salesman Problem. After the initial visit from the predetermined starting node (their home) is completed, the agent (village administrator or first-responder) chooses the succeeding destinations by determining the quickest way that the next 2 nearest neighbors can both be visited. This approach, called the Nearest Neighbor Methodology plus mini-tour, yields a shorter length for the tour when compared to the results from the Nearest Neighbor Methodology. It is, however, longer than the results produced by a computer-based genetic algorithm.<\/em><\/p>\n<p><strong>Type of research<\/strong><br \/>\nScholarly\/Practitioner<\/p>\n<p><strong>Article URL link\u00a0<\/strong><br \/>\n<a href=\"http:\/\/www.ijoqm.org\/v26no4.asp\">http:\/\/www.ijoqm.org\/v26no4.asp<\/a><\/p>\n<\/div><div id=\"t1503457636\" title=\"Christina Chung \" class=\"content\" tabindex=\"0\">\n<p><a href=\"https:\/\/www.ramapo.edu\/asb\/wp-content\/uploads\/sites\/9\/2021\/02\/Picture1.jpg\"><img loading=\"lazy\" decoding=\"async\" class=\"size-full wp-image-4720 alignleft\" src=\"https:\/\/www.ramapo.edu\/asb\/wp-content\/uploads\/sites\/9\/2021\/02\/Picture1.jpg\" alt=\"\" width=\"182\" height=\"182\" srcset=\"https:\/\/www.ramapo.edu\/asb\/wp-content\/uploads\/sites\/9\/2021\/02\/Picture1.jpg 363w, https:\/\/www.ramapo.edu\/asb\/wp-content\/uploads\/sites\/9\/2021\/02\/Picture1-300x300.jpg 300w, https:\/\/www.ramapo.edu\/asb\/wp-content\/uploads\/sites\/9\/2021\/02\/Picture1-150x150.jpg 150w, https:\/\/www.ramapo.edu\/asb\/wp-content\/uploads\/sites\/9\/2021\/02\/Picture1-100x100.jpg 100w, https:\/\/www.ramapo.edu\/asb\/wp-content\/uploads\/sites\/9\/2021\/02\/Picture1-152x152.jpg 152w, https:\/\/www.ramapo.edu\/asb\/wp-content\/uploads\/sites\/9\/2021\/02\/Picture1-165x165.jpg 165w\" sizes=\"auto, (max-width: 182px) 100vw, 182px\" \/><\/a><\/p>\n<p><strong>Bio and Research Interest:<\/strong><br \/>\nChristina Chung, Ph.D., is a Professor of Marketing, Anisfield School of Business, Ramapo College of New Jersey. Dr. Chung received her Ph.D. from the University of Southern Mississippi in Hattiesburg, Mississippi. Research interests are online consumer behavior, IMC, social media marketing, and cross-cultural research.<\/p>\n<p>&nbsp;<\/p>\n<p>&nbsp;<\/p>\n<p><strong>Article Title<\/strong><br \/>\nAn, H. S., Chung, C., Muk, A (2020). Social Media Word-of-Mouth (WOM) Effects and Intention to Purchase Foreign Pop: Young Americans&#8217; Perceptions, <em>International Journal of Business &amp; Applied Sciences<\/em>, 9(3), 1-16.<\/p>\n<p><strong>Abstract\u00a0<\/strong><br \/>\n<em>This study examines how social media influences young American consumers\u2019 intentions to consume foreign pop music. For the theoretical foundation, the Uses and Gratification Theory (UGT) and the Theory of Reasoned Action (TRA) are applied, and a model is created using 7 constructs: entertainment need, escape need, familiarity, attitude toward foreign pop music, intention to share foreign pop music information on social media, intention to join the fan page, and intention to purchase foreign pop music. Data was collected from 293 young American consumers. This study&#8217;s findings imply that young consumers\u2019 engagement with an artist via that artist\u2019s fan page is more critical than social media WOM.\u00a0 As managerial suggestions, entertainment related messages should be delivered continuously in social media to facilitate favorable attitude formation, as well as the same for artist-fan engagement.<\/em><\/p>\n<p><strong>Type of research<\/strong><br \/>\nScholarly<\/p>\n<p><strong>Article URL link\u00a0<\/strong><br \/>\n<a href=\"http:\/\/ijbas.com\/wp-content\/uploads\/2021\/01\/An-Chung-Muk-2020-93.pdf\">http:\/\/ijbas.com\/wp-content\/uploads\/2021\/01\/An-Chung-Muk-2020-93.pdf<\/a><\/p>\n<\/div><\/div><\/div><div class=\"divider \"><img decoding=\"async\" alt=\"Ramapo\" src=\"\/wp-content\/themes\/rcnjrd\/images\/icons\/ramapo-arch-icom_rule.png\"><\/div>\n<h3>Past Featured Scholars<\/h3>\n<ul>\n<li><a href=\"https:\/\/www.ramapo.edu\/asb\/faculty-research\/featured-research\/featuredfall2020\/\">Fall 2020<\/a><\/li>\n<\/ul>\n","protected":false},"excerpt":{"rendered":"<p>Research Home Page Special Interest Groups Research Resources Featured Scholars The following faculty research has been featured in Spring 2021. Past Featured Scholars Fall 2020<\/p>\n","protected":false},"author":457,"featured_media":0,"parent":3647,"menu_order":0,"comment_status":"closed","ping_status":"closed","template":"","meta":{"footnotes":""},"class_list":["post-4692","page","type-page","status-publish","hentry"],"yoast_head":"<!-- This site is optimized with the Yoast SEO Premium plugin v21.5 (Yoast SEO v27.1.1) - https:\/\/yoast.com\/product\/yoast-seo-premium-wordpress\/ -->\n<title>Featured Research - Anisfield School of Business (ASB) || Ramapo College of New Jersey<\/title>\n<meta name=\"robots\" content=\"index, follow, max-snippet:-1, max-image-preview:large, max-video-preview:-1\" \/>\n<link rel=\"canonical\" href=\"https:\/\/www.ramapo.edu\/asb\/faculty-research\/featured-research\/\" \/>\n<meta property=\"og:locale\" content=\"en_US\" \/>\n<meta property=\"og:type\" content=\"article\" \/>\n<meta property=\"og:title\" content=\"Featured Research\" \/>\n<meta property=\"og:description\" content=\"Research Home Page Special Interest Groups Research Resources Featured Scholars The following faculty research has been featured in Spring 2021. Past Featured Scholars Fall 2020\" \/>\n<meta property=\"og:url\" content=\"https:\/\/www.ramapo.edu\/asb\/faculty-research\/featured-research\/\" \/>\n<meta property=\"og:site_name\" content=\"Anisfield School of Business (ASB)\" \/>\n<meta property=\"article:publisher\" content=\"https:\/\/www.facebook.com\/RamapoCollege\" \/>\n<meta property=\"article:modified_time\" content=\"2021-05-24T18:18:52+00:00\" \/>\n<meta property=\"og:image\" content=\"https:\/\/www.ramapo.edu\/asb\/wp-content\/uploads\/sites\/9\/2021\/05\/featured-research.jpg\" \/>\n<meta name=\"twitter:card\" content=\"summary_large_image\" \/>\n<meta name=\"twitter:site\" content=\"@ramapocollegenj\" \/>\n<meta name=\"twitter:label1\" content=\"Est. reading time\" \/>\n\t<meta name=\"twitter:data1\" content=\"7 minutes\" \/>\n<script type=\"application\/ld+json\" class=\"yoast-schema-graph\">{\"@context\":\"https:\/\/schema.org\",\"@graph\":[{\"@type\":\"WebPage\",\"@id\":\"https:\/\/www.ramapo.edu\/asb\/faculty-research\/featured-research\/\",\"url\":\"https:\/\/www.ramapo.edu\/asb\/faculty-research\/featured-research\/\",\"name\":\"Featured Research - Anisfield School of Business (ASB) || Ramapo College of New Jersey\",\"isPartOf\":{\"@id\":\"https:\/\/www.ramapo.edu\/asb\/#website\"},\"primaryImageOfPage\":{\"@id\":\"https:\/\/www.ramapo.edu\/asb\/faculty-research\/featured-research\/#primaryimage\"},\"image\":{\"@id\":\"https:\/\/www.ramapo.edu\/asb\/faculty-research\/featured-research\/#primaryimage\"},\"thumbnailUrl\":\"https:\/\/www.ramapo.edu\/asb\/wp-content\/uploads\/sites\/9\/2021\/05\/featured-research.jpg\",\"datePublished\":\"2021-02-22T04:39:01+00:00\",\"dateModified\":\"2021-05-24T18:18:52+00:00\",\"breadcrumb\":{\"@id\":\"https:\/\/www.ramapo.edu\/asb\/faculty-research\/featured-research\/#breadcrumb\"},\"inLanguage\":\"en-US\",\"potentialAction\":[{\"@type\":\"ReadAction\",\"target\":[\"https:\/\/www.ramapo.edu\/asb\/faculty-research\/featured-research\/\"]}]},{\"@type\":\"ImageObject\",\"inLanguage\":\"en-US\",\"@id\":\"https:\/\/www.ramapo.edu\/asb\/faculty-research\/featured-research\/#primaryimage\",\"url\":\"https:\/\/www.ramapo.edu\/asb\/wp-content\/uploads\/sites\/9\/2021\/05\/featured-research.jpg\",\"contentUrl\":\"https:\/\/www.ramapo.edu\/asb\/wp-content\/uploads\/sites\/9\/2021\/05\/featured-research.jpg\",\"width\":820,\"height\":250,\"caption\":\"Featured Research\"},{\"@type\":\"BreadcrumbList\",\"@id\":\"https:\/\/www.ramapo.edu\/asb\/faculty-research\/featured-research\/#breadcrumb\",\"itemListElement\":[{\"@type\":\"ListItem\",\"position\":1,\"name\":\"Ramapo College of New Jersey Home Page \u00bb Academics \u00bb ASB\",\"item\":\"https:\/\/www.ramapo.edu\/asb\/\"},{\"@type\":\"ListItem\",\"position\":2,\"name\":\"Faculty Research\",\"item\":\"https:\/\/www.ramapo.edu\/asb\/faculty-research\/\"},{\"@type\":\"ListItem\",\"position\":3,\"name\":\"Featured Research\"}]},{\"@type\":\"WebSite\",\"@id\":\"https:\/\/www.ramapo.edu\/asb\/#website\",\"url\":\"https:\/\/www.ramapo.edu\/asb\/\",\"name\":\"Anisfield School of Business (ASB)\",\"description\":\"Ramapo College Anisfield School of Business (ASB)\",\"potentialAction\":[{\"@type\":\"SearchAction\",\"target\":{\"@type\":\"EntryPoint\",\"urlTemplate\":\"https:\/\/www.ramapo.edu\/asb\/?s={search_term_string}\"},\"query-input\":{\"@type\":\"PropertyValueSpecification\",\"valueRequired\":true,\"valueName\":\"search_term_string\"}}],\"inLanguage\":\"en-US\"}]}<\/script>\n<!-- \/ Yoast SEO Premium plugin. -->","yoast_head_json":{"title":"Featured Research - Anisfield School of Business (ASB) || Ramapo College of New Jersey","robots":{"index":"index","follow":"follow","max-snippet":"max-snippet:-1","max-image-preview":"max-image-preview:large","max-video-preview":"max-video-preview:-1"},"canonical":"https:\/\/www.ramapo.edu\/asb\/faculty-research\/featured-research\/","og_locale":"en_US","og_type":"article","og_title":"Featured Research","og_description":"Research Home Page Special Interest Groups Research Resources Featured Scholars The following faculty research has been featured in Spring 2021. Past Featured Scholars Fall 2020","og_url":"https:\/\/www.ramapo.edu\/asb\/faculty-research\/featured-research\/","og_site_name":"Anisfield School of Business (ASB)","article_publisher":"https:\/\/www.facebook.com\/RamapoCollege","article_modified_time":"2021-05-24T18:18:52+00:00","og_image":[{"url":"https:\/\/www.ramapo.edu\/asb\/wp-content\/uploads\/sites\/9\/2021\/05\/featured-research.jpg","type":"","width":"","height":""}],"twitter_card":"summary_large_image","twitter_site":"@ramapocollegenj","twitter_misc":{"Est. reading time":"7 minutes"},"schema":{"@context":"https:\/\/schema.org","@graph":[{"@type":"WebPage","@id":"https:\/\/www.ramapo.edu\/asb\/faculty-research\/featured-research\/","url":"https:\/\/www.ramapo.edu\/asb\/faculty-research\/featured-research\/","name":"Featured Research - Anisfield School of Business (ASB) || Ramapo College of New Jersey","isPartOf":{"@id":"https:\/\/www.ramapo.edu\/asb\/#website"},"primaryImageOfPage":{"@id":"https:\/\/www.ramapo.edu\/asb\/faculty-research\/featured-research\/#primaryimage"},"image":{"@id":"https:\/\/www.ramapo.edu\/asb\/faculty-research\/featured-research\/#primaryimage"},"thumbnailUrl":"https:\/\/www.ramapo.edu\/asb\/wp-content\/uploads\/sites\/9\/2021\/05\/featured-research.jpg","datePublished":"2021-02-22T04:39:01+00:00","dateModified":"2021-05-24T18:18:52+00:00","breadcrumb":{"@id":"https:\/\/www.ramapo.edu\/asb\/faculty-research\/featured-research\/#breadcrumb"},"inLanguage":"en-US","potentialAction":[{"@type":"ReadAction","target":["https:\/\/www.ramapo.edu\/asb\/faculty-research\/featured-research\/"]}]},{"@type":"ImageObject","inLanguage":"en-US","@id":"https:\/\/www.ramapo.edu\/asb\/faculty-research\/featured-research\/#primaryimage","url":"https:\/\/www.ramapo.edu\/asb\/wp-content\/uploads\/sites\/9\/2021\/05\/featured-research.jpg","contentUrl":"https:\/\/www.ramapo.edu\/asb\/wp-content\/uploads\/sites\/9\/2021\/05\/featured-research.jpg","width":820,"height":250,"caption":"Featured Research"},{"@type":"BreadcrumbList","@id":"https:\/\/www.ramapo.edu\/asb\/faculty-research\/featured-research\/#breadcrumb","itemListElement":[{"@type":"ListItem","position":1,"name":"Ramapo College of New Jersey Home Page \u00bb Academics \u00bb ASB","item":"https:\/\/www.ramapo.edu\/asb\/"},{"@type":"ListItem","position":2,"name":"Faculty Research","item":"https:\/\/www.ramapo.edu\/asb\/faculty-research\/"},{"@type":"ListItem","position":3,"name":"Featured Research"}]},{"@type":"WebSite","@id":"https:\/\/www.ramapo.edu\/asb\/#website","url":"https:\/\/www.ramapo.edu\/asb\/","name":"Anisfield School of Business (ASB)","description":"Ramapo College Anisfield School of Business (ASB)","potentialAction":[{"@type":"SearchAction","target":{"@type":"EntryPoint","urlTemplate":"https:\/\/www.ramapo.edu\/asb\/?s={search_term_string}"},"query-input":{"@type":"PropertyValueSpecification","valueRequired":true,"valueName":"search_term_string"}}],"inLanguage":"en-US"}]}},"_links":{"self":[{"href":"https:\/\/www.ramapo.edu\/asb\/wp-json\/wp\/v2\/pages\/4692","targetHints":{"allow":["GET"]}}],"collection":[{"href":"https:\/\/www.ramapo.edu\/asb\/wp-json\/wp\/v2\/pages"}],"about":[{"href":"https:\/\/www.ramapo.edu\/asb\/wp-json\/wp\/v2\/types\/page"}],"author":[{"embeddable":true,"href":"https:\/\/www.ramapo.edu\/asb\/wp-json\/wp\/v2\/users\/457"}],"replies":[{"embeddable":true,"href":"https:\/\/www.ramapo.edu\/asb\/wp-json\/wp\/v2\/comments?post=4692"}],"version-history":[{"count":15,"href":"https:\/\/www.ramapo.edu\/asb\/wp-json\/wp\/v2\/pages\/4692\/revisions"}],"predecessor-version":[{"id":5993,"href":"https:\/\/www.ramapo.edu\/asb\/wp-json\/wp\/v2\/pages\/4692\/revisions\/5993"}],"up":[{"embeddable":true,"href":"https:\/\/www.ramapo.edu\/asb\/wp-json\/wp\/v2\/pages\/3647"}],"wp:attachment":[{"href":"https:\/\/www.ramapo.edu\/asb\/wp-json\/wp\/v2\/media?parent=4692"}],"curies":[{"name":"wp","href":"https:\/\/api.w.org\/{rel}","templated":true}]}}